{"id":7381,"date":"2021-12-03T15:19:05","date_gmt":"2021-12-03T18:19:05","guid":{"rendered":"https:\/\/wp.ufpel.edu.br\/ccso\/?page_id=7381"},"modified":"2025-08-18T17:16:43","modified_gmt":"2025-08-18T20:16:43","slug":"conselho-do-centro-de-ciencias-socio-organizacionais","status":"publish","type":"page","link":"https:\/\/wp.ufpel.edu.br\/ccso\/servidores\/conselho-do-centro-de-ciencias-socio-organizacionais\/","title":{"rendered":"Conselho do Centro de Ci\u00eancias Socio-Organizacionais"},"content":{"rendered":"<p style=\"text-align: center;\">Composi\u00e7\u00e3o do Conselho do Centro de Ci\u00eancias Socio-Organizacionais:<\/p>\n<p style=\"text-align: center;\"><a href=\"https:\/\/sippag.ufpel.edu.br\/portarias\/visualizar\/?pk=12709&amp;ano=2025&amp;numero=1269&amp;hash=81aa067a1574bbfec5d0f5aad2184415\">PORTARIA DE PESSOAL N\u00ba 1269\/UFPEL, DE 08 DE ABRIL DE 2025<\/a><\/p>\n","protected":false},"excerpt":{"rendered":"<p>Composi\u00e7\u00e3o do Conselho do Centro de Ci\u00eancias Socio-Organizacionais: PORTARIA DE PESSOAL N\u00ba 1269\/UFPEL, DE 08 DE ABRIL DE 2025<\/p>\n","protected":false},"author":1120,"featured_media":0,"parent":7283,"menu_order":2,"comment_status":"closed","ping_status":"closed","template":"","meta":{"footnotes":""},"class_list":["post-7381","page","type-page","status-publish","hentry","nodate","item-wrap"],"_links":{"self":[{"href":"https:\/\/wp.ufpel.edu.br\/ccso\/wp-json\/wp\/v2\/pages\/7381","targetHints":{"allow":["GET"]}}],"collection":[{"href":"https:\/\/wp.ufpel.edu.br\/ccso\/wp-json\/wp\/v2\/pages"}],"about":[{"href":"https:\/\/wp.ufpel.edu.br\/ccso\/wp-json\/wp\/v2\/types\/page"}],"author":[{"embeddable":true,"href":"https:\/\/wp.ufpel.edu.br\/ccso\/wp-json\/wp\/v2\/users\/1120"}],"replies":[{"embeddable":true,"href":"https:\/\/wp.ufpel.edu.br\/ccso\/wp-json\/wp\/v2\/comments?post=7381"}],"version-history":[{"count":3,"href":"https:\/\/wp.ufpel.edu.br\/ccso\/wp-json\/wp\/v2\/pages\/7381\/revisions"}],"predecessor-version":[{"id":9051,"href":"https:\/\/wp.ufpel.edu.br\/ccso\/wp-json\/wp\/v2\/pages\/7381\/revisions\/9051"}],"up":[{"embeddable":true,"href":"https:\/\/wp.ufpel.edu.br\/ccso\/wp-json\/wp\/v2\/pages\/7283"}],"wp:attachment":[{"href":"https:\/\/wp.ufpel.edu.br\/ccso\/wp-json\/wp\/v2\/media?parent=7381"}],"curies":[{"name":"wp","href":"https:\/\/api.w.org\/{rel}","templated":true}]}}