{"id":7286,"date":"2021-11-11T10:54:37","date_gmt":"2021-11-11T13:54:37","guid":{"rendered":"https:\/\/wp.ufpel.edu.br\/ccso\/?page_id=7286"},"modified":"2022-05-25T16:42:48","modified_gmt":"2022-05-25T19:42:48","slug":"documentos","status":"publish","type":"page","link":"https:\/\/wp.ufpel.edu.br\/ccso\/servidores\/documentos\/","title":{"rendered":"Documentos"},"content":{"rendered":"<p><a href=\"https:\/\/wp.ufpel.edu.br\/ccso\/files\/2021\/11\/Regimento_CCSO_23.10.2021-1.pdf\">Regimento CCSO<\/a><\/p>\n<p><a href=\"https:\/\/wp.ufpel.edu.br\/scs\/files\/2020\/12\/Resolucao-39.2020-CONSUN.pdf\">Resolu\u00e7\u00e3o N\u00ba 39, de 26 de novembro de 2020<\/a><\/p>\n<p><a href=\"https:\/\/wp.ufpel.edu.br\/ccso\/files\/2021\/12\/Regimento-CPI-CCSO-nov-2021.pdf\">Regimento CPI CCSO<\/a><\/p>\n<p><a href=\"https:\/\/wp.ufpel.edu.br\/ccso\/files\/2022\/05\/Regimento-CEE-CCSO.pdf\">Regimento CEE CCSO<\/a><\/p>\n<p><a href=\"https:\/\/wp.ufpel.edu.br\/ccso\/files\/2021\/11\/Manual-de-Aplicacao-Logomarca-do-CCSO.pdf\">Manual de Aplica\u00e7\u00e3o da Logomarca do CCSO<\/a><\/p>\n<p><a href=\"https:\/\/drive.google.com\/drive\/folders\/1Yc6nN_be7a8v0WyY42_0a7RRSNTeWE51?usp=sharing\">Arquivos Logomarca CCSO<\/a><\/p>\n<p><a href=\"https:\/\/wp.ufpel.edu.br\/ccso\/files\/2021\/11\/Tutorial-Agendamento-de-lives-no-Canal-CCSO.docx.pdf\">Tutorial Agendamento de lives no Canal CCSO<\/a><\/p>\n<p><a href=\"https:\/\/wp.ufpel.edu.br\/ccso\/files\/2021\/11\/Instrucoes-para-LIVEs-UFPel-1-4.pdf\">Instru\u00e7\u00f5es para LIVEs UFPel<\/a><\/p>\n<p><a href=\"https:\/\/wp.ufpel.edu.br\/ccso\/files\/2022\/04\/Orientacoes-para-a-producao-de-materiais-e-divulgacao-de-eventos-no-ccso.pdf\">Orienta\u00e7\u00f5es para Produ\u00e7\u00e3o de Materiais e Divulga\u00e7\u00e3o de Eventos no CCSO<\/a><\/p>\n","protected":false},"excerpt":{"rendered":"<p>Regimento CCSO Resolu\u00e7\u00e3o N\u00ba 39, de 26 de novembro de 2020 Regimento CPI CCSO Regimento CEE CCSO Manual de Aplica\u00e7\u00e3o da Logomarca do CCSO Arquivos Logomarca CCSO Tutorial Agendamento de lives no Canal CCSO Instru\u00e7\u00f5es para LIVEs UFPel Orienta\u00e7\u00f5es para Produ\u00e7\u00e3o de Materiais e Divulga\u00e7\u00e3o de Eventos no CCSO<\/p>\n","protected":false},"author":1120,"featured_media":0,"parent":7283,"menu_order":0,"comment_status":"closed","ping_status":"closed","template":"","meta":{"footnotes":""},"class_list":["post-7286","page","type-page","status-publish","hentry","nodate","item-wrap"],"_links":{"self":[{"href":"https:\/\/wp.ufpel.edu.br\/ccso\/wp-json\/wp\/v2\/pages\/7286","targetHints":{"allow":["GET"]}}],"collection":[{"href":"https:\/\/wp.ufpel.edu.br\/ccso\/wp-json\/wp\/v2\/pages"}],"about":[{"href":"https:\/\/wp.ufpel.edu.br\/ccso\/wp-json\/wp\/v2\/types\/page"}],"author":[{"embeddable":true,"href":"https:\/\/wp.ufpel.edu.br\/ccso\/wp-json\/wp\/v2\/users\/1120"}],"replies":[{"embeddable":true,"href":"https:\/\/wp.ufpel.edu.br\/ccso\/wp-json\/wp\/v2\/comments?post=7286"}],"version-history":[{"count":11,"href":"https:\/\/wp.ufpel.edu.br\/ccso\/wp-json\/wp\/v2\/pages\/7286\/revisions"}],"predecessor-version":[{"id":7738,"href":"https:\/\/wp.ufpel.edu.br\/ccso\/wp-json\/wp\/v2\/pages\/7286\/revisions\/7738"}],"up":[{"embeddable":true,"href":"https:\/\/wp.ufpel.edu.br\/ccso\/wp-json\/wp\/v2\/pages\/7283"}],"wp:attachment":[{"href":"https:\/\/wp.ufpel.edu.br\/ccso\/wp-json\/wp\/v2\/media?parent=7286"}],"curies":[{"name":"wp","href":"https:\/\/api.w.org\/{rel}","templated":true}]}}