{"id":6702,"date":"2011-01-20T11:58:47","date_gmt":"2011-01-20T14:58:47","guid":{"rendered":"https:\/\/wp.ufpel.edu.br\/fat\/?page_id=2"},"modified":"2025-05-26T14:07:46","modified_gmt":"2025-05-26T17:07:46","slug":"sobre","status":"publish","type":"page","link":"https:\/\/wp.ufpel.edu.br\/ccso\/sobre\/","title":{"rendered":"SOBRE N\u00d3S"},"content":{"rendered":"<p><strong>O CENTRO DE CI\u00caNCIAS SOCIO ORGANIZACIONAIS<\/strong><\/p>\n<p>A Faculdade de Administra\u00e7\u00e3o e de Turismo (FAT) agora \u00e9 Centro de Ci\u00eancias S\u00f3cio-Organizacionais (CCSO). A mudan\u00e7a no formato administrativo da unidade acad\u00eamica, foi aprovada na reuni\u00e3o do Conselho Universit\u00e1rio (CONSUN) no dia 26 de novembro de 2020, e publicada em dezembro pela Secretaria dos Conselhos Superiores, resolu\u00e7\u00e3o 39\/2020.<\/p>\n<p>A FAT tem sua origem com a Faculdade de Ci\u00eancias Dom\u00e9sticas, uma das unidades pertencentes a antiga Universidade Federal Rural do Rio Grande do Sul, que remonta as origens da Universidade Federal de Pelotas.<\/p>\n<p>Em sua nova estrutura, o CCSO segue contando com os mesmos cursos de gradua\u00e7\u00e3o e de p\u00f3s-gradua\u00e7\u00e3o. Na gradua\u00e7\u00e3o, a unidade oferta os cursos de Bacharelado em Administra\u00e7\u00e3o, Bacharelado em Turismo, Tecn\u00f3logo em Com\u00e9rcio Exterior, Tecn\u00f3logo em Gest\u00e3o P\u00fablica e Tecn\u00f3logo em Processos Gerenciais. Na P\u00f3s-Gradua\u00e7\u00e3o, o CCSO conta com a Especializa\u00e7\u00e3o em Gest\u00e3o P\u00fablica e Desenvolvimento Regional, o MBA em Gest\u00e3o Estrat\u00e9gica de Neg\u00f3cios e o Mestrado Profissional em Administra\u00e7\u00e3o P\u00fablica, em rede nacional.<\/p>\n<p>O processo para transforma\u00e7\u00e3o em Centro come\u00e7ou em 2019 e foi constru\u00eddo com ampla participa\u00e7\u00e3o da comunidade acad\u00eamica da Faculdade de Administra\u00e7\u00e3o e de Turismo por meio de reuni\u00f5es, discuss\u00f5es, assembleias, com a colabora\u00e7\u00e3o de outros Centros na troca de experi\u00eancias, audi\u00eancia p\u00fablica e a vota\u00e7\u00e3o no Conselho Departamental da unidade.<\/p>\n<p>Com esse novo formato n\u00e3o haver\u00e1 mais a estrutura departamental (Departamento de Administra\u00e7\u00e3o e Departamento de Turismo). O CCSO ser\u00e1 composto pelo Conselho, Dire\u00e7\u00e3o, Dire\u00e7\u00e3o Adjunta, por duas C\u00e2maras: a C\u00e2mara de Ensino e Extens\u00e3o e a C\u00e2mara de Pesquisa e Inova\u00e7\u00e3o, al\u00e9m de duas Secretarias, Secretaria Acad\u00eamica e Secretaria Administrativa, e os Colegiados de Curso de Gradua\u00e7\u00e3o e P\u00f3s-Gradua\u00e7\u00e3o.<\/p>\n<p>Segundo a diretora do CCSO, a professora Isabel Rasia, com a mudan\u00e7a, espera-se maior agilidade nos tr\u00e2mites internos, efici\u00eancia, transpar\u00eancia e democracia na gest\u00e3o da unidade. Al\u00e9m da possibilidade de crescimento na gradua\u00e7\u00e3o e na p\u00f3s-gradua\u00e7\u00e3o na parte acad\u00eamica.<\/p>\n<p>&nbsp;<\/p>\n<p><a href=\"https:\/\/institucional.ufpel.edu.br\/unidades\/id\/1092#servidores\" target=\"_blank\" rel=\"noopener\"><strong>LISTA DE SERVIDORES DO CCSO<\/strong><\/a><\/p>\n<p><a href=\"https:\/\/institucional.ufpel.edu.br\/unidades\/id\/1092#servidores\" target=\"_blank\" rel=\"noopener\">https:\/\/institucional.ufpel.edu.br\/unidades\/id\/1092#servidores<\/a><\/p>\n<p>&nbsp;<\/p>\n<p><strong>A LOCALIZA\u00c7\u00c3O<\/strong><\/p>\n<p>O Centro de Ci\u00eancias S\u00f3cio-Organizacionais (CCSO) est\u00e1 localizado no 4\u00ba andar do\u00a0<a href=\"http:\/\/maps.google.com.br\/maps?q=campus+anglo+ufpel&amp;hl=pt-BR&amp;ll=-31.779493,-52.330155&amp;spn=0.008901,0.02105&amp;sll=-14.239424,-53.186502&amp;sspn=40.738008,86.220703&amp;hq=campus+anglo+ufpel&amp;t=h&amp;cid=15191684821436931056&amp;z=16\">Campus Porto UFPEL\u00a0(Antigo Anglo),\u00a0<\/a>na Rua Gomes Carneiro, n\u00ba 1 \u2013 Pelotas (RS) \u2013 CEP 96.010-610.<\/p>\n<p><strong>Telefones:<\/strong><\/p>\n<p>\u2013 Dire\u00e7\u00e3o: (53) 3284-3850<\/p>\n<p>E-mail: ccso@ufpel.edu.br<\/p>\n<p>\u2013 N\u00facleo Administrativo: (53) 3284-3854<\/p>\n<p>\u2013 Colegiados de P\u00f3s-Gradua\u00e7\u00e3o:(53) 3284-3857<\/p>\n<p>\u2013 Colegiados de Gradua\u00e7\u00e3o:(53) 3284-3857<\/p>\n<p>E-mail: colegiadosccso@gmail.com<\/p>\n<p>&nbsp;<\/p>\n<p>&nbsp;<\/p>\n","protected":false},"excerpt":{"rendered":"<p>O CENTRO DE CI\u00caNCIAS SOCIO ORGANIZACIONAIS A Faculdade de Administra\u00e7\u00e3o e de Turismo (FAT) agora \u00e9 Centro de Ci\u00eancias S\u00f3cio-Organizacionais (CCSO). A mudan\u00e7a no formato administrativo da unidade acad\u00eamica, foi aprovada na reuni\u00e3o do Conselho Universit\u00e1rio (CONSUN) no dia 26 de novembro de 2020, e publicada em dezembro pela Secretaria dos Conselhos Superiores, resolu\u00e7\u00e3o 39\/2020. &hellip; <\/p>\n<p><a class=\"more-link btn\" href=\"https:\/\/wp.ufpel.edu.br\/ccso\/sobre\/\">Continue lendo<\/a><\/p>\n","protected":false},"author":1120,"featured_media":0,"parent":0,"menu_order":2,"comment_status":"closed","ping_status":"closed","template":"","meta":{"footnotes":""},"class_list":["post-6702","page","type-page","status-publish","hentry","nodate","item-wrap"],"_links":{"self":[{"href":"https:\/\/wp.ufpel.edu.br\/ccso\/wp-json\/wp\/v2\/pages\/6702","targetHints":{"allow":["GET"]}}],"collection":[{"href":"https:\/\/wp.ufpel.edu.br\/ccso\/wp-json\/wp\/v2\/pages"}],"about":[{"href":"https:\/\/wp.ufpel.edu.br\/ccso\/wp-json\/wp\/v2\/types\/page"}],"author":[{"embeddable":true,"href":"https:\/\/wp.ufpel.edu.br\/ccso\/wp-json\/wp\/v2\/users\/1120"}],"replies":[{"embeddable":true,"href":"https:\/\/wp.ufpel.edu.br\/ccso\/wp-json\/wp\/v2\/comments?post=6702"}],"version-history":[{"count":57,"href":"https:\/\/wp.ufpel.edu.br\/ccso\/wp-json\/wp\/v2\/pages\/6702\/revisions"}],"predecessor-version":[{"id":9023,"href":"https:\/\/wp.ufpel.edu.br\/ccso\/wp-json\/wp\/v2\/pages\/6702\/revisions\/9023"}],"wp:attachment":[{"href":"https:\/\/wp.ufpel.edu.br\/ccso\/wp-json\/wp\/v2\/media?parent=6702"}],"curies":[{"name":"wp","href":"https:\/\/api.w.org\/{rel}","templated":true}]}}