{"id":575,"date":"2011-08-17T14:58:32","date_gmt":"2011-08-17T17:58:32","guid":{"rendered":"https:\/\/wp.ufpel.edu.br\/fat\/"},"modified":"2021-11-25T16:04:04","modified_gmt":"2021-11-25T19:04:04","slug":"reat","status":"publish","type":"page","link":"https:\/\/wp.ufpel.edu.br\/ccso\/reat\/","title":{"rendered":"Revista Eletr\u00f4nica de Administra\u00e7\u00e3o e Turismo"},"content":{"rendered":"<h1><span style=\"font-family: tahoma, arial, helvetica, sans-serif;font-size: 14pt\">Aten\u00e7\u00e3o!<\/span><\/h1>\n<h3><span style=\"font-size: 14pt\"><span style=\"font-family: tahoma,arial,helvetica,sans-serif\"><span style=\"color: #000000\">Confira as regras para a submiss\u00e3o diretamente na p\u00e1gina da revista<\/span> (\u00a0<a href=\"http:\/\/periodicos.ufpel.edu.br\/ojs2\/index.php\/AT\">Revista Eletr\u00f4nica de Administra\u00e7\u00e3o e de Turismo\u00a0<\/a>).<\/span><\/span><\/h3>\n<h1><span style=\"font-family: tahoma, arial, helvetica, sans-serif;font-size: 14pt\">Participe!<\/span><\/h1>\n","protected":false},"excerpt":{"rendered":"<p>Aten\u00e7\u00e3o! Confira as regras para a submiss\u00e3o diretamente na p\u00e1gina da revista (\u00a0Revista Eletr\u00f4nica de Administra\u00e7\u00e3o e de Turismo\u00a0). Participe!<\/p>\n","protected":false},"author":1120,"featured_media":0,"parent":0,"menu_order":5,"comment_status":"closed","ping_status":"closed","template":"","meta":{"footnotes":""},"class_list":["post-575","page","type-page","status-publish","hentry","nodate","item-wrap"],"_links":{"self":[{"href":"https:\/\/wp.ufpel.edu.br\/ccso\/wp-json\/wp\/v2\/pages\/575","targetHints":{"allow":["GET"]}}],"collection":[{"href":"https:\/\/wp.ufpel.edu.br\/ccso\/wp-json\/wp\/v2\/pages"}],"about":[{"href":"https:\/\/wp.ufpel.edu.br\/ccso\/wp-json\/wp\/v2\/types\/page"}],"author":[{"embeddable":true,"href":"https:\/\/wp.ufpel.edu.br\/ccso\/wp-json\/wp\/v2\/users\/1120"}],"replies":[{"embeddable":true,"href":"https:\/\/wp.ufpel.edu.br\/ccso\/wp-json\/wp\/v2\/comments?post=575"}],"version-history":[{"count":1,"href":"https:\/\/wp.ufpel.edu.br\/ccso\/wp-json\/wp\/v2\/pages\/575\/revisions"}],"predecessor-version":[{"id":7353,"href":"https:\/\/wp.ufpel.edu.br\/ccso\/wp-json\/wp\/v2\/pages\/575\/revisions\/7353"}],"wp:attachment":[{"href":"https:\/\/wp.ufpel.edu.br\/ccso\/wp-json\/wp\/v2\/media?parent=575"}],"curies":[{"name":"wp","href":"https:\/\/api.w.org\/{rel}","templated":true}]}}