{"id":5250,"date":"2018-09-12T17:32:47","date_gmt":"2018-09-12T20:32:47","guid":{"rendered":"https:\/\/wp.ufpel.edu.br\/fat\/?page_id=5250"},"modified":"2018-09-12T17:32:47","modified_gmt":"2018-09-12T20:32:47","slug":"ensino","status":"publish","type":"page","link":"https:\/\/wp.ufpel.edu.br\/ccso\/ensino\/","title":{"rendered":"Ensino"},"content":{"rendered":"<p>&nbsp;<\/p>\n<table style=\"width: 960px;height: 1169px\" width=\"730\">\n<tbody>\n<tr style=\"height: 53px\">\n<td style=\"width: 960px;text-align: center;height: 53px\" colspan=\"4\" width=\"730\"><span style=\"color: #000000\"><strong><span style=\"font-size: 18pt\">PROJETOS DE ENSINO 2018<\/span><br \/>\n<\/strong><\/span><\/td>\n<\/tr>\n<tr style=\"height: 45px\">\n<td style=\"width: 627px;height: 45px\" width=\"335\"><span style=\"color: #000000\"><strong>T\u00edtulo do projeto<\/strong><\/span><\/td>\n<td style=\"width: 10px;height: 45px\" width=\"146\"><span style=\"color: #000000\"><strong>Coordenador(a)<\/strong><\/span><\/td>\n<td style=\"width: 127px;height: 45px\" width=\"138\"><span style=\"color: #000000\"><strong>Situa\u00e7\u00e3o<\/strong><\/span><\/td>\n<td style=\"width: 196px;height: 45px\" width=\"111\"><span style=\"color: #000000\"><strong>Per\u00edodo<\/strong><\/span><\/td>\n<\/tr>\n<tr style=\"height: 149px\">\n<td style=\"width: 627px;height: 149px\" width=\"335\">\n<p><span style=\"color: #000000\">Projeto de Ensino e Treinamento da Empresa Junior de Administra\u00e7\u00e3o<\/span><\/p>\n<p>&nbsp;<\/td>\n<td style=\"width: 10px;height: 149px\" width=\"146\"><span style=\"color: #000000\">FL\u00c1VIA BRAGA DE AZAMBUJA<\/span><\/td>\n<td style=\"width: 127px;height: 149px\" width=\"138\"><span style=\"color: #000000\">Ativo \u2013 em execu\u00e7\u00e3o<\/span><\/td>\n<td style=\"width: 196px;height: 149px\" width=\"111\"><span style=\"color: #000000\">2018 &#8211; 2019<\/span><\/td>\n<\/tr>\n<tr style=\"height: 149px\">\n<td style=\"width: 627px;height: 149px\" width=\"335\">\n<p><span style=\"color: #000000\">Revis\u00e3o e atualiza\u00e7\u00e3o do projeto pedag\u00f3gico do Curso Superior de Tecnologia em Gest\u00e3o P\u00fablica<\/span><\/p>\n<p>&nbsp;<\/td>\n<td style=\"width: 10px;height: 149px\" width=\"146\"><span style=\"color: #000000\">ISABEL CRISTINA ROSA BARROS RASIA<\/span><\/td>\n<td style=\"width: 127px;height: 149px\" width=\"138\"><span style=\"color: #000000\">Ativo \u2013 em execu\u00e7\u00e3o<\/span><\/td>\n<td style=\"width: 196px;height: 149px\" width=\"111\"><span style=\"color: #000000\">2017 &#8211; 2019<\/span><\/td>\n<\/tr>\n<tr>\n<td style=\"width: 627px\"><span style=\"color: #000000\">Caf\u00e9 com Turismo<br \/>\n<\/span><\/td>\n<td style=\"width: 10px\"><span style=\"color: #000000\">LAURA RUDZEWICZ<br \/>\n<\/span><\/td>\n<td style=\"width: 127px\"><span style=\"color: #000000\">Ativo \u2013 em execu\u00e7\u00e3o<\/span><\/td>\n<td style=\"width: 196px\"><span style=\"color: #000000\">2019 &#8211; 2020<br \/>\n<\/span><\/td>\n<\/tr>\n<tr>\n<td style=\"width: 627px\"><span style=\"color: #000000\">I Semana Integrada de Acolhida da Faculdade de Administra\u00e7\u00e3o e de Turismo<\/span><\/td>\n<td style=\"width: 10px\"><span style=\"color: #000000\">PRISCILLA TEIXEIRA DA SILVA<br \/>\n<\/span><\/td>\n<td style=\"width: 127px\"><span style=\"color: #000000\">Ativo \u2013 em execu\u00e7\u00e3o<\/span><\/td>\n<td style=\"width: 196px\"><span style=\"color: #000000\">2019<br \/>\n<\/span><\/td>\n<\/tr>\n<tr>\n<td style=\"width: 627px\"><span style=\"color: #000000\">Suporte Interinstitucional para consolida\u00e7\u00e3o e crescimento da p\u00f3s-gradua\u00e7\u00e3o stricto sensu em administra\u00e7\u00e3o<\/span><\/td>\n<td style=\"width: 10px\"><span style=\"color: #000000\">EDAR DA SILVA A\u00d1A\u00d1A<br \/>\n<\/span><\/td>\n<td style=\"width: 127px\"><span style=\"color: #000000\">Ativo \u2013 em execu\u00e7\u00e3o<\/span><\/td>\n<td style=\"width: 196px\"><span style=\"color: #000000\">2019<br \/>\n<\/span><\/td>\n<\/tr>\n<\/tbody>\n<\/table>\n<p>&nbsp;<\/p>\n","protected":false},"excerpt":{"rendered":"<p>&nbsp; PROJETOS DE ENSINO 2018 T\u00edtulo do projeto Coordenador(a) Situa\u00e7\u00e3o Per\u00edodo Projeto de Ensino e Treinamento da Empresa Junior de Administra\u00e7\u00e3o &nbsp; FL\u00c1VIA BRAGA DE AZAMBUJA Ativo \u2013 em execu\u00e7\u00e3o 2018 &#8211; 2019 Revis\u00e3o e atualiza\u00e7\u00e3o do projeto pedag\u00f3gico do Curso Superior de Tecnologia em Gest\u00e3o P\u00fablica &nbsp; ISABEL CRISTINA ROSA BARROS RASIA Ativo \u2013 &hellip; <\/p>\n<p><a class=\"more-link btn\" href=\"https:\/\/wp.ufpel.edu.br\/ccso\/ensino\/\">Continue lendo<\/a><\/p>\n","protected":false},"author":1120,"featured_media":0,"parent":0,"menu_order":0,"comment_status":"closed","ping_status":"closed","template":"","meta":{"footnotes":""},"class_list":["post-5250","page","type-page","status-publish","hentry","nodate","item-wrap"],"_links":{"self":[{"href":"https:\/\/wp.ufpel.edu.br\/ccso\/wp-json\/wp\/v2\/pages\/5250","targetHints":{"allow":["GET"]}}],"collection":[{"href":"https:\/\/wp.ufpel.edu.br\/ccso\/wp-json\/wp\/v2\/pages"}],"about":[{"href":"https:\/\/wp.ufpel.edu.br\/ccso\/wp-json\/wp\/v2\/types\/page"}],"author":[{"embeddable":true,"href":"https:\/\/wp.ufpel.edu.br\/ccso\/wp-json\/wp\/v2\/users\/1120"}],"replies":[{"embeddable":true,"href":"https:\/\/wp.ufpel.edu.br\/ccso\/wp-json\/wp\/v2\/comments?post=5250"}],"version-history":[{"count":0,"href":"https:\/\/wp.ufpel.edu.br\/ccso\/wp-json\/wp\/v2\/pages\/5250\/revisions"}],"wp:attachment":[{"href":"https:\/\/wp.ufpel.edu.br\/ccso\/wp-json\/wp\/v2\/media?parent=5250"}],"curies":[{"name":"wp","href":"https:\/\/api.w.org\/{rel}","templated":true}]}}