{"id":141,"date":"2011-01-26T17:37:34","date_gmt":"2011-01-26T19:37:34","guid":{"rendered":"https:\/\/wp.ufpel.edu.br\/fat\/"},"modified":"2025-04-22T17:10:20","modified_gmt":"2025-04-22T20:10:20","slug":"ensino-2","status":"publish","type":"page","link":"https:\/\/wp.ufpel.edu.br\/ccso\/ensino\/ensino-cursos\/ensino-2\/","title":{"rendered":"Gradua\u00e7\u00e3o"},"content":{"rendered":"<p style=\"text-align: justify;\"><strong><span style=\"font-family: verdana, geneva, sans-serif; color: #000000;\">CURSOS DE GRADUA\u00c7\u00c3O<\/span><\/strong><\/p>\n<h5 style=\"text-align: justify;\"><span style=\"font-family: verdana, geneva, sans-serif; color: #000000;\"><a style=\"color: #000000; text-decoration: underline;\" href=\"https:\/\/wp.ufpel.edu.br\/cursodeadministracao\/\">Administra\u00e7\u00e3o (Bacharelado)<\/a>\u00a0\u00a0\u00a0\u00a0\u00a0\u00a0\u00a0\u00a0\u00a0 <\/span><\/h5>\n<h5 style=\"text-align: justify;\"><span style=\"font-family: verdana, geneva, sans-serif; color: #000000;\"><a style=\"color: #000000; text-decoration: underline;\" href=\"https:\/\/wp.ufpel.edu.br\/cursodeturismo\/\">Turismo (Bacharelado)<\/a><\/span><\/h5>\n<h5 style=\"text-align: justify;\"><span style=\"font-family: verdana, geneva, sans-serif; color: #000000;\"><a style=\"color: #000000; text-decoration: underline;\" href=\"http:\/\/wp.ufpel.edu.br\/comex\">Com\u00e9rcio Exterior (Tecnol\u00f3gico)<\/a><\/span><\/h5>\n<h5 style=\"text-align: justify;\"><span style=\"font-family: verdana, geneva, sans-serif; color: #000000;\"><a style=\"color: #000000; text-decoration: underline;\" href=\"https:\/\/wp.ufpel.edu.br\/gestaopublica\/\">Gest\u00e3o P\u00fablica (Tecnol\u00f3gico)<\/a><\/span><\/h5>\n<h5 style=\"text-align: justify;\"><span style=\"font-family: verdana, geneva, sans-serif; color: #000000;\"><a style=\"color: #000000; text-decoration: underline;\" href=\"https:\/\/wp.ufpel.edu.br\/processosgerenciais\/\">Processos Gerenciais (Tecnol\u00f3gico)<\/a><\/span><\/h5>\n","protected":false},"excerpt":{"rendered":"<p>CURSOS DE GRADUA\u00c7\u00c3O Administra\u00e7\u00e3o (Bacharelado)\u00a0\u00a0\u00a0\u00a0\u00a0\u00a0\u00a0\u00a0\u00a0 Turismo (Bacharelado) Com\u00e9rcio Exterior (Tecnol\u00f3gico) Gest\u00e3o P\u00fablica (Tecnol\u00f3gico) Processos Gerenciais (Tecnol\u00f3gico)<\/p>\n","protected":false},"author":1120,"featured_media":0,"parent":4990,"menu_order":3,"comment_status":"closed","ping_status":"closed","template":"","meta":{"footnotes":""},"class_list":["post-141","page","type-page","status-publish","hentry","nodate","item-wrap"],"_links":{"self":[{"href":"https:\/\/wp.ufpel.edu.br\/ccso\/wp-json\/wp\/v2\/pages\/141","targetHints":{"allow":["GET"]}}],"collection":[{"href":"https:\/\/wp.ufpel.edu.br\/ccso\/wp-json\/wp\/v2\/pages"}],"about":[{"href":"https:\/\/wp.ufpel.edu.br\/ccso\/wp-json\/wp\/v2\/types\/page"}],"author":[{"embeddable":true,"href":"https:\/\/wp.ufpel.edu.br\/ccso\/wp-json\/wp\/v2\/users\/1120"}],"replies":[{"embeddable":true,"href":"https:\/\/wp.ufpel.edu.br\/ccso\/wp-json\/wp\/v2\/comments?post=141"}],"version-history":[{"count":7,"href":"https:\/\/wp.ufpel.edu.br\/ccso\/wp-json\/wp\/v2\/pages\/141\/revisions"}],"predecessor-version":[{"id":9009,"href":"https:\/\/wp.ufpel.edu.br\/ccso\/wp-json\/wp\/v2\/pages\/141\/revisions\/9009"}],"up":[{"embeddable":true,"href":"https:\/\/wp.ufpel.edu.br\/ccso\/wp-json\/wp\/v2\/pages\/4990"}],"wp:attachment":[{"href":"https:\/\/wp.ufpel.edu.br\/ccso\/wp-json\/wp\/v2\/media?parent=141"}],"curies":[{"name":"wp","href":"https:\/\/api.w.org\/{rel}","templated":true}]}}