{"id":99,"date":"2013-07-15T23:23:13","date_gmt":"2013-07-16T02:23:13","guid":{"rendered":"https:\/\/wp.ufpel.edu.br\/ccqfa\/?page_id=99"},"modified":"2025-09-15T13:56:57","modified_gmt":"2025-09-15T16:56:57","slug":"quimica-de-alimentos","status":"publish","type":"page","link":"https:\/\/wp.ufpel.edu.br\/ccqfa\/graduacao-3\/quimica-de-alimentos\/","title":{"rendered":"Qu\u00edmica de Alimentos"},"content":{"rendered":"<p><a href=\"https:\/\/institucional.ufpel.edu.br\/cursos\/cod\/4300\">https:\/\/institucional.ufpel.edu.br\/cursos\/cod\/4300<\/a><\/p>\n<p><a href=\"https:\/\/wp.ufpel.edu.br\/ccqfa\/files\/2025\/09\/Versao_27_PPC_BQA_jul_2025.pdf\">Projeto Pedag\u00f3gico do Curso<\/a><\/p>\n<p><a href=\"https:\/\/wp.ufpel.edu.br\/ccqfa\/files\/2025\/09\/PLANO_DE_GESTAO_E_ACAO_DO_COORDENADOR_2025-2027_Fabrizio_Barbosa.pdf\">Plano de Gest\u00e3o e A\u00e7\u00e3o da Coordena\u00e7\u00e3o do Curso bi\u00eanio 2025-2027<\/a><\/p>\n","protected":false},"excerpt":{"rendered":"<p>https:\/\/institucional.ufpel.edu.br\/cursos\/cod\/4300 Projeto Pedag\u00f3gico do Curso Plano de Gest\u00e3o e A\u00e7\u00e3o da Coordena\u00e7\u00e3o do Curso bi\u00eanio 2025-2027<\/p>\n","protected":false},"author":273,"featured_media":0,"parent":64,"menu_order":0,"comment_status":"closed","ping_status":"closed","template":"","meta":{"footnotes":""},"class_list":["post-99","page","type-page","status-publish","hentry"],"_links":{"self":[{"href":"https:\/\/wp.ufpel.edu.br\/ccqfa\/wp-json\/wp\/v2\/pages\/99","targetHints":{"allow":["GET"]}}],"collection":[{"href":"https:\/\/wp.ufpel.edu.br\/ccqfa\/wp-json\/wp\/v2\/pages"}],"about":[{"href":"https:\/\/wp.ufpel.edu.br\/ccqfa\/wp-json\/wp\/v2\/types\/page"}],"author":[{"embeddable":true,"href":"https:\/\/wp.ufpel.edu.br\/ccqfa\/wp-json\/wp\/v2\/users\/273"}],"replies":[{"embeddable":true,"href":"https:\/\/wp.ufpel.edu.br\/ccqfa\/wp-json\/wp\/v2\/comments?post=99"}],"version-history":[{"count":3,"href":"https:\/\/wp.ufpel.edu.br\/ccqfa\/wp-json\/wp\/v2\/pages\/99\/revisions"}],"predecessor-version":[{"id":1382,"href":"https:\/\/wp.ufpel.edu.br\/ccqfa\/wp-json\/wp\/v2\/pages\/99\/revisions\/1382"}],"up":[{"embeddable":true,"href":"https:\/\/wp.ufpel.edu.br\/ccqfa\/wp-json\/wp\/v2\/pages\/64"}],"wp:attachment":[{"href":"https:\/\/wp.ufpel.edu.br\/ccqfa\/wp-json\/wp\/v2\/media?parent=99"}],"curies":[{"name":"wp","href":"https:\/\/api.w.org\/{rel}","templated":true}]}}