{"id":871,"date":"2021-11-17T16:19:42","date_gmt":"2021-11-17T19:19:42","guid":{"rendered":"https:\/\/wp.ufpel.edu.br\/ccqfa\/?page_id=871"},"modified":"2025-06-04T09:49:21","modified_gmt":"2025-06-04T12:49:21","slug":"representantes-do-ccqfa-no-grupo-de-interlocucao-pedagogica-gip-da-ufpel","status":"publish","type":"page","link":"https:\/\/wp.ufpel.edu.br\/ccqfa\/representantes-do-ccqfa-no-grupo-de-interlocucao-pedagogica-gip-da-ufpel\/","title":{"rendered":"Representantes do CCQFA &#8211; GIP\/UFPel"},"content":{"rendered":"<p>Representantes do CCQFA do Grupo de Interlocu\u00e7\u00e3o Pedag\u00f3gica (GIP):<\/p>\n<ul>\n<li>Professora Grac\u00e9lie Aparecida Serpa Schulz;<\/li>\n<li>Professora Giovana Duzzo Gamaro;<\/li>\n<\/ul>\n<p>Abaixo, o link que direciona para p\u00e1gina do GIP, a qual traz mais informa\u00e7\u00f5es:<\/p>\n<blockquote class=\"wp-embedded-content\" data-secret=\"WGVtJlBvGu\"><p><a href=\"https:\/\/wp.ufpel.edu.br\/cpu\/gip\/\">GRUPO DE INTERLOCU\u00c7\u00c3O PEDAG\u00d3GICA<\/a><\/p><\/blockquote>\n<p><iframe class=\"wp-embedded-content\" sandbox=\"allow-scripts\" security=\"restricted\" style=\"position: absolute; visibility: hidden;\" title=\"&#8220;GRUPO DE INTERLOCU\u00c7\u00c3O PEDAG\u00d3GICA&#8221; &#8212; Coordena\u00e7\u00e3o de Pedagogia Universit\u00e1ria\" src=\"https:\/\/wp.ufpel.edu.br\/cpu\/gip\/embed\/#?secret=L3rrkxpJQX#?secret=WGVtJlBvGu\" data-secret=\"WGVtJlBvGu\" width=\"500\" height=\"282\" frameborder=\"0\" marginwidth=\"0\" marginheight=\"0\" scrolling=\"no\"><\/iframe><\/p>\n<p>&nbsp;<\/p>\n","protected":false},"excerpt":{"rendered":"<p>Representantes do CCQFA do Grupo de Interlocu\u00e7\u00e3o Pedag\u00f3gica (GIP): Professora Grac\u00e9lie Aparecida Serpa Schulz; Professora Giovana Duzzo Gamaro; Abaixo, o link que direciona para p\u00e1gina do GIP, a qual traz mais informa\u00e7\u00f5es: GRUPO DE INTERLOCU\u00c7\u00c3O PEDAG\u00d3GICA &nbsp;<\/p>\n","protected":false},"author":273,"featured_media":0,"parent":0,"menu_order":0,"comment_status":"closed","ping_status":"closed","template":"","meta":{"footnotes":""},"class_list":["post-871","page","type-page","status-publish","hentry"],"_links":{"self":[{"href":"https:\/\/wp.ufpel.edu.br\/ccqfa\/wp-json\/wp\/v2\/pages\/871","targetHints":{"allow":["GET"]}}],"collection":[{"href":"https:\/\/wp.ufpel.edu.br\/ccqfa\/wp-json\/wp\/v2\/pages"}],"about":[{"href":"https:\/\/wp.ufpel.edu.br\/ccqfa\/wp-json\/wp\/v2\/types\/page"}],"author":[{"embeddable":true,"href":"https:\/\/wp.ufpel.edu.br\/ccqfa\/wp-json\/wp\/v2\/users\/273"}],"replies":[{"embeddable":true,"href":"https:\/\/wp.ufpel.edu.br\/ccqfa\/wp-json\/wp\/v2\/comments?post=871"}],"version-history":[{"count":6,"href":"https:\/\/wp.ufpel.edu.br\/ccqfa\/wp-json\/wp\/v2\/pages\/871\/revisions"}],"predecessor-version":[{"id":1368,"href":"https:\/\/wp.ufpel.edu.br\/ccqfa\/wp-json\/wp\/v2\/pages\/871\/revisions\/1368"}],"wp:attachment":[{"href":"https:\/\/wp.ufpel.edu.br\/ccqfa\/wp-json\/wp\/v2\/media?parent=871"}],"curies":[{"name":"wp","href":"https:\/\/api.w.org\/{rel}","templated":true}]}}