{"id":139,"date":"2013-07-15T23:38:22","date_gmt":"2013-07-16T02:38:22","guid":{"rendered":"https:\/\/wp.ufpel.edu.br\/ccqfa\/?page_id=139"},"modified":"2025-08-15T12:25:30","modified_gmt":"2025-08-15T15:25:30","slug":"contato","status":"publish","type":"page","link":"https:\/\/wp.ufpel.edu.br\/ccqfa\/contato\/","title":{"rendered":"Contato"},"content":{"rendered":"<p><span style=\"color: #0000ff;\">Diretor do CCQFA:<\/span> <span style=\"color: #000000;\">Professor Wilson Jo\u00e3o Cunico Filho<\/span><\/p>\n<p><span style=\"color: #0000ff;\">Diretor-Adjunto do CCQFA:<\/span> <span style=\"color: #000000;\">Professora Caroline Dellinghausen Borges<\/span><\/p>\n<p><span style=\"color: #0000ff;\">Telefone:<\/span> <span style=\"color: #000000;\">(53) 3275-7354<\/span><\/p>\n<p><span style=\"color: #0000ff;\">E-mail:<\/span> <span style=\"color: #000000;\">ccqfa.secretaria@gmail.com<\/span><\/p>\n<p><span style=\"color: #0000ff;\">Endere\u00e7o:<\/span> <span style=\"color: #000000;\">UFPel, Campus Cap\u00e3o do Le\u00e3o, Pr\u00e9dio 31, Sala 103, CEP 96160-000, Cap\u00e3o do Le\u00e3o\/RS<\/span><\/p>\n","protected":false},"excerpt":{"rendered":"<p>Diretor do CCQFA: Professor Wilson Jo\u00e3o Cunico Filho Diretor-Adjunto do CCQFA: Professora Caroline Dellinghausen Borges Telefone: (53) 3275-7354 E-mail: ccqfa.secretaria@gmail.com Endere\u00e7o: UFPel, Campus Cap\u00e3o do Le\u00e3o, Pr\u00e9dio 31, Sala 103, CEP 96160-000, Cap\u00e3o do Le\u00e3o\/RS<\/p>\n","protected":false},"author":273,"featured_media":0,"parent":0,"menu_order":8,"comment_status":"closed","ping_status":"closed","template":"","meta":{"footnotes":""},"class_list":["post-139","page","type-page","status-publish","hentry"],"_links":{"self":[{"href":"https:\/\/wp.ufpel.edu.br\/ccqfa\/wp-json\/wp\/v2\/pages\/139","targetHints":{"allow":["GET"]}}],"collection":[{"href":"https:\/\/wp.ufpel.edu.br\/ccqfa\/wp-json\/wp\/v2\/pages"}],"about":[{"href":"https:\/\/wp.ufpel.edu.br\/ccqfa\/wp-json\/wp\/v2\/types\/page"}],"author":[{"embeddable":true,"href":"https:\/\/wp.ufpel.edu.br\/ccqfa\/wp-json\/wp\/v2\/users\/273"}],"replies":[{"embeddable":true,"href":"https:\/\/wp.ufpel.edu.br\/ccqfa\/wp-json\/wp\/v2\/comments?post=139"}],"version-history":[{"count":4,"href":"https:\/\/wp.ufpel.edu.br\/ccqfa\/wp-json\/wp\/v2\/pages\/139\/revisions"}],"predecessor-version":[{"id":1379,"href":"https:\/\/wp.ufpel.edu.br\/ccqfa\/wp-json\/wp\/v2\/pages\/139\/revisions\/1379"}],"wp:attachment":[{"href":"https:\/\/wp.ufpel.edu.br\/ccqfa\/wp-json\/wp\/v2\/media?parent=139"}],"curies":[{"name":"wp","href":"https:\/\/api.w.org\/{rel}","templated":true}]}}