{"id":132,"date":"2013-07-15T23:31:18","date_gmt":"2013-07-16T02:31:18","guid":{"rendered":"https:\/\/wp.ufpel.edu.br\/ccqfa\/?page_id=132"},"modified":"2025-02-28T10:51:56","modified_gmt":"2025-02-28T13:51:56","slug":"comissao-de-espaco-fisico","status":"publish","type":"page","link":"https:\/\/wp.ufpel.edu.br\/ccqfa\/comissao-de-espaco-fisico\/","title":{"rendered":"Comiss\u00e3o de Espa\u00e7o F\u00edsico"},"content":{"rendered":"<p>Atual Composi\u00e7\u00e3o do N\u00facleo de Gest\u00e3o de Espa\u00e7o F\u00edsico do CCQFA (Portaria CCQFA de 08 de fevereiro de 2025):<\/p>\n<p><a href=\"https:\/\/wp.ufpel.edu.br\/ccqfa\/files\/2025\/02\/SEI_2971002_Portaria_Interna_8.pdf\" target=\"_blank\" rel=\"noopener\">Portaria NUGEF CCQFA<\/a><\/p>\n","protected":false},"excerpt":{"rendered":"<p>Atual Composi\u00e7\u00e3o do N\u00facleo de Gest\u00e3o de Espa\u00e7o F\u00edsico do CCQFA (Portaria CCQFA de 08 de fevereiro de 2025): Portaria NUGEF CCQFA<\/p>\n","protected":false},"author":273,"featured_media":0,"parent":0,"menu_order":0,"comment_status":"closed","ping_status":"closed","template":"","meta":{"footnotes":""},"class_list":["post-132","page","type-page","status-publish","hentry"],"_links":{"self":[{"href":"https:\/\/wp.ufpel.edu.br\/ccqfa\/wp-json\/wp\/v2\/pages\/132","targetHints":{"allow":["GET"]}}],"collection":[{"href":"https:\/\/wp.ufpel.edu.br\/ccqfa\/wp-json\/wp\/v2\/pages"}],"about":[{"href":"https:\/\/wp.ufpel.edu.br\/ccqfa\/wp-json\/wp\/v2\/types\/page"}],"author":[{"embeddable":true,"href":"https:\/\/wp.ufpel.edu.br\/ccqfa\/wp-json\/wp\/v2\/users\/273"}],"replies":[{"embeddable":true,"href":"https:\/\/wp.ufpel.edu.br\/ccqfa\/wp-json\/wp\/v2\/comments?post=132"}],"version-history":[{"count":6,"href":"https:\/\/wp.ufpel.edu.br\/ccqfa\/wp-json\/wp\/v2\/pages\/132\/revisions"}],"predecessor-version":[{"id":1272,"href":"https:\/\/wp.ufpel.edu.br\/ccqfa\/wp-json\/wp\/v2\/pages\/132\/revisions\/1272"}],"wp:attachment":[{"href":"https:\/\/wp.ufpel.edu.br\/ccqfa\/wp-json\/wp\/v2\/media?parent=132"}],"curies":[{"name":"wp","href":"https:\/\/api.w.org\/{rel}","templated":true}]}}