{"id":117,"date":"2013-07-15T23:27:39","date_gmt":"2013-07-16T02:27:39","guid":{"rendered":"https:\/\/wp.ufpel.edu.br\/ccqfa\/?page_id=117"},"modified":"2021-08-11T13:45:16","modified_gmt":"2021-08-11T16:45:16","slug":"programa-pos-graduacao-ciencia-dos-alimentos","status":"publish","type":"page","link":"https:\/\/wp.ufpel.edu.br\/ccqfa\/pos-graduacao-4\/programa-pos-graduacao-ciencia-dos-alimentos\/","title":{"rendered":"Programa de P\u00f3s-Gradua\u00e7\u00e3o em Ci\u00eancia dos Alimentos (PGCA)"},"content":{"rendered":"<p><a href=\"https:\/\/wp.ufpel.edu.br\/pgca\/\">https:\/\/wp.ufpel.edu.br\/pgca\/<\/a><\/p>\n","protected":false},"excerpt":{"rendered":"<p>https:\/\/wp.ufpel.edu.br\/pgca\/<\/p>\n","protected":false},"author":273,"featured_media":0,"parent":65,"menu_order":0,"comment_status":"closed","ping_status":"closed","template":"","meta":{"footnotes":""},"class_list":["post-117","page","type-page","status-publish","hentry"],"_links":{"self":[{"href":"https:\/\/wp.ufpel.edu.br\/ccqfa\/wp-json\/wp\/v2\/pages\/117","targetHints":{"allow":["GET"]}}],"collection":[{"href":"https:\/\/wp.ufpel.edu.br\/ccqfa\/wp-json\/wp\/v2\/pages"}],"about":[{"href":"https:\/\/wp.ufpel.edu.br\/ccqfa\/wp-json\/wp\/v2\/types\/page"}],"author":[{"embeddable":true,"href":"https:\/\/wp.ufpel.edu.br\/ccqfa\/wp-json\/wp\/v2\/users\/273"}],"replies":[{"embeddable":true,"href":"https:\/\/wp.ufpel.edu.br\/ccqfa\/wp-json\/wp\/v2\/comments?post=117"}],"version-history":[{"count":3,"href":"https:\/\/wp.ufpel.edu.br\/ccqfa\/wp-json\/wp\/v2\/pages\/117\/revisions"}],"predecessor-version":[{"id":734,"href":"https:\/\/wp.ufpel.edu.br\/ccqfa\/wp-json\/wp\/v2\/pages\/117\/revisions\/734"}],"up":[{"embeddable":true,"href":"https:\/\/wp.ufpel.edu.br\/ccqfa\/wp-json\/wp\/v2\/pages\/65"}],"wp:attachment":[{"href":"https:\/\/wp.ufpel.edu.br\/ccqfa\/wp-json\/wp\/v2\/media?parent=117"}],"curies":[{"name":"wp","href":"https:\/\/api.w.org\/{rel}","templated":true}]}}