{"id":239,"date":"2012-05-26T22:28:14","date_gmt":"2012-05-27T01:28:14","guid":{"rendered":"https:\/\/wp.ufpel.edu.br\/ccpf\/?page_id=239"},"modified":"2012-07-22T14:21:59","modified_gmt":"2012-07-22T17:21:59","slug":"documentos","status":"publish","type":"page","link":"https:\/\/wp.ufpel.edu.br\/ccpf\/documentos\/","title":{"rendered":"Documentos\/Publica\u00e7\u00f5es\/Not\u00edcias"},"content":{"rendered":"<p>&nbsp;<\/p>\n<p><a href=\"https:\/\/wp.ufpel.edu.br\/ccpf\/documentos\/noticias\/\">NOT\u00cdCIAS<\/a><\/p>\n<p><a href=\"http:\/\/https:\/\/wp.ufpel.edu.br\/ccpf\/documentos\/publicacoes\/\">PUBLICA\u00c7\u00d5ES<\/a><\/p>\n","protected":false},"excerpt":{"rendered":"<p>&nbsp; NOT\u00cdCIAS PUBLICA\u00c7\u00d5ES<\/p>\n","protected":false},"author":180,"featured_media":0,"parent":0,"menu_order":4,"comment_status":"closed","ping_status":"closed","template":"","meta":{"footnotes":""},"class_list":["post-239","page","type-page","status-publish","hentry","nodate","item-wrap"],"_links":{"self":[{"href":"https:\/\/wp.ufpel.edu.br\/ccpf\/wp-json\/wp\/v2\/pages\/239","targetHints":{"allow":["GET"]}}],"collection":[{"href":"https:\/\/wp.ufpel.edu.br\/ccpf\/wp-json\/wp\/v2\/pages"}],"about":[{"href":"https:\/\/wp.ufpel.edu.br\/ccpf\/wp-json\/wp\/v2\/types\/page"}],"author":[{"embeddable":true,"href":"https:\/\/wp.ufpel.edu.br\/ccpf\/wp-json\/wp\/v2\/users\/180"}],"replies":[{"embeddable":true,"href":"https:\/\/wp.ufpel.edu.br\/ccpf\/wp-json\/wp\/v2\/comments?post=239"}],"version-history":[{"count":14,"href":"https:\/\/wp.ufpel.edu.br\/ccpf\/wp-json\/wp\/v2\/pages\/239\/revisions"}],"predecessor-version":[{"id":275,"href":"https:\/\/wp.ufpel.edu.br\/ccpf\/wp-json\/wp\/v2\/pages\/239\/revisions\/275"}],"wp:attachment":[{"href":"https:\/\/wp.ufpel.edu.br\/ccpf\/wp-json\/wp\/v2\/media?parent=239"}],"curies":[{"name":"wp","href":"https:\/\/api.w.org\/{rel}","templated":true}]}}