{"id":163,"date":"2012-05-26T20:46:16","date_gmt":"2012-05-26T23:46:16","guid":{"rendered":"https:\/\/wp.ufpel.edu.br\/ccpf\/?page_id=163"},"modified":"2012-05-26T21:34:36","modified_gmt":"2012-05-27T00:34:36","slug":"pesquisadores","status":"publish","type":"page","link":"https:\/\/wp.ufpel.edu.br\/ccpf\/quem-somos-2\/pesquisadores\/","title":{"rendered":"Pesquisadores"},"content":{"rendered":"<p><a href=\"https:\/\/wp.ufpel.edu.br\/ccpf\/files\/2012\/05\/servletrecuperafoto3.jpg\"><img loading=\"lazy\" decoding=\"async\" class=\"alignleft size-full wp-image-179\" src=\"https:\/\/wp.ufpel.edu.br\/ccpf\/files\/2012\/05\/servletrecuperafoto3.jpg\" alt=\"\" width=\"125\" height=\"196\" \/><\/a><\/p>\n<p>&nbsp;<\/p>\n<p><strong>Ana Monteiro Costa:<\/strong><\/p>\n<p>Possui gradua\u00e7\u00e3o em Ci\u00eancias Econ\u00f4micas pela Pontif\u00edcia Universidade Cat\u00f3lica do Rio Grande do Sul (2004), mestrado em Desenvolvimento Rural pela Universidade Federal do Rio Grande do Sul (2006) e doutorado em Economia pela Universidade Federal do Rio Grande do Sul (2010). Atualmente \u00e9 professora adjunta da Universidade Federal do Pampa (UNIPAMPA), Campus Santana do Livramento. Tem experi\u00eancia na \u00e1rea de Economia, com \u00eanfase em Economia do Desenvolvimento, atuando principalmente nos seguintes temas: desenvolvimento humano (rural e urbano); economia e meio ambiente; economia ga\u00facha; economia institucional.<\/p>\n<p><a href=\"http:\/\/buscatextual.cnpq.br\/buscatextual\/visualizacv.do?metodo=apresentar&amp;id=K4137286Z8\">Curr\u00edculo Lattes<\/a><\/p>\n","protected":false},"excerpt":{"rendered":"<p>&nbsp; Ana Monteiro Costa: Possui gradua\u00e7\u00e3o em Ci\u00eancias Econ\u00f4micas pela Pontif\u00edcia Universidade Cat\u00f3lica do Rio Grande do Sul (2004), mestrado em Desenvolvimento Rural pela Universidade Federal do Rio Grande do Sul (2006) e doutorado em Economia pela Universidade Federal do Rio Grande do Sul (2010). Atualmente \u00e9 professora adjunta da Universidade Federal do Pampa (UNIPAMPA), &hellip; <\/p>\n<p><a class=\"more-link btn\" href=\"https:\/\/wp.ufpel.edu.br\/ccpf\/quem-somos-2\/pesquisadores\/\">Continue lendo<\/a><\/p>\n","protected":false},"author":180,"featured_media":0,"parent":121,"menu_order":2,"comment_status":"closed","ping_status":"closed","template":"","meta":{"footnotes":""},"class_list":["post-163","page","type-page","status-publish","hentry","nodate","item-wrap"],"_links":{"self":[{"href":"https:\/\/wp.ufpel.edu.br\/ccpf\/wp-json\/wp\/v2\/pages\/163","targetHints":{"allow":["GET"]}}],"collection":[{"href":"https:\/\/wp.ufpel.edu.br\/ccpf\/wp-json\/wp\/v2\/pages"}],"about":[{"href":"https:\/\/wp.ufpel.edu.br\/ccpf\/wp-json\/wp\/v2\/types\/page"}],"author":[{"embeddable":true,"href":"https:\/\/wp.ufpel.edu.br\/ccpf\/wp-json\/wp\/v2\/users\/180"}],"replies":[{"embeddable":true,"href":"https:\/\/wp.ufpel.edu.br\/ccpf\/wp-json\/wp\/v2\/comments?post=163"}],"version-history":[{"count":8,"href":"https:\/\/wp.ufpel.edu.br\/ccpf\/wp-json\/wp\/v2\/pages\/163\/revisions"}],"predecessor-version":[{"id":215,"href":"https:\/\/wp.ufpel.edu.br\/ccpf\/wp-json\/wp\/v2\/pages\/163\/revisions\/215"}],"up":[{"embeddable":true,"href":"https:\/\/wp.ufpel.edu.br\/ccpf\/wp-json\/wp\/v2\/pages\/121"}],"wp:attachment":[{"href":"https:\/\/wp.ufpel.edu.br\/ccpf\/wp-json\/wp\/v2\/media?parent=163"}],"curies":[{"name":"wp","href":"https:\/\/api.w.org\/{rel}","templated":true}]}}