{"id":146,"date":"2012-05-26T20:21:54","date_gmt":"2012-05-26T23:21:54","guid":{"rendered":"https:\/\/wp.ufpel.edu.br\/ccpf\/?page_id=146"},"modified":"2012-05-26T21:40:04","modified_gmt":"2012-05-27T00:40:04","slug":"direcao","status":"publish","type":"page","link":"https:\/\/wp.ufpel.edu.br\/ccpf\/quem-somos-2\/direcao\/","title":{"rendered":"Dire\u00e7\u00e3o"},"content":{"rendered":"<p><a href=\"https:\/\/wp.ufpel.edu.br\/ccpf\/files\/2012\/05\/229373_127286310680973_8023373_n.jpg\"><img loading=\"lazy\" decoding=\"async\" class=\"alignleft size-thumbnail wp-image-157\" src=\"https:\/\/wp.ufpel.edu.br\/ccpf\/files\/2012\/05\/229373_127286310680973_8023373_n-150x150.jpg\" alt=\"\" width=\"150\" height=\"150\" srcset=\"https:\/\/wp.ufpel.edu.br\/ccpf\/files\/2012\/05\/229373_127286310680973_8023373_n-150x150.jpg 150w, https:\/\/wp.ufpel.edu.br\/ccpf\/files\/2012\/05\/229373_127286310680973_8023373_n-200x198.jpg 200w\" sizes=\"auto, (max-width: 150px) 100vw, 150px\" \/><\/a><strong>Maria Fatima Ribeiro:<\/strong> Doutora em Hist\u00f3ria na \u00e1rea de Pol\u00edtica, Mem\u00f3ria e Cidade, pela Universidade Estadual de Campinas\/UNICAMP. Professora Adjunta da Universidade Federal de Pelotas\/UFPEL, no curso de Rela\u00e7\u00f5es Internacionais. Mestre em Hist\u00f3ria na \u00e1rea de Hist\u00f3ria Social, pela Pontif\u00edcia Universidade Cat\u00f3lica de S\u00e3o Paulo\/PUC\/SP..Gradua\u00e7\u00e3o em Licenciatura Plena\/Hist\u00f3ria pela Universidade Federal de Pelotas. Gradua\u00e7\u00e3o em Licenciatura\/ Estudos Sociais pela Universidade Federal de Pelotas. Foi diretora da Universidade Federal do Pampa- Campus\/Jaguar\u00e3o\/RS (2008\/2011). Foi professora adjunta no curso de Hist\u00f3ria da Universidade Estadual do Oeste do Paran\u00e1\/UNIOESTE.(1995\/2008).Trabalha com os seguintes temas: Cultura, Cidade, Pol\u00edticas Culturais,Politica Internacional, Mem\u00f3rias, G\u00eanero e Fronteira.<\/p>\n<p><a href=\"http:\/\/buscatextual.cnpq.br\/buscatextual\/visualizacv.do?id=K4761043T7\">Curr\u00edculo Lattes<\/a><\/p>\n<p>&nbsp;<\/p>\n<p><img loading=\"lazy\" decoding=\"async\" class=\"alignleft size-thumbnail wp-image-160\" src=\"https:\/\/wp.ufpel.edu.br\/ccpf\/files\/2012\/05\/248429_2019049685111_1509984329_32144873_4064702_n1-150x150.jpg\" alt=\"\" width=\"150\" height=\"150\" \/><strong>Alan Melo:\u00a0<\/strong>Professor da Universidade Federal do Pampa &#8211; Campus Jaguar\u00e3o. Coordenador da P\u00f3s Gradua\u00e7\u00e3o Lato Sensu Especializa\u00e7\u00e3o em Culturas, Cidades e Fronteiras. Professor nos cursos de Bacharelado em Produ\u00e7\u00e3o e Pol\u00edtica Cultural e no Curso de Tecnologia em Turismo. Mestre em Mem\u00f3ria Social e Patrim\u00f4nio Cultural &#8211; Universidade Federal de Pelotas (2007-2009). \u00c9 Especialista em Sociologia e Pol\u00edtica pela Universidade Federal de Pelotas (2006 -2008). Possui gradua\u00e7\u00e3o em Direito pela Universidade Federal de Pelotas (2004). Foi Diretor de Patrim\u00f4nio Hist\u00f3rico da Secretaria Municipal de Cultura e Turismo junto \u00e0 Prefeitura Municipal de Jaguar\u00e3o RS(2009-2011), participando de diversos projetos para a requalifica\u00e7\u00e3o do patrim\u00f4nio hist\u00f3rico e cultural da cidade.<\/p>\n<p><a href=\"http:\/\/buscatextual.cnpq.br\/buscatextual\/visualizacv.do?id=K4766567E0\">Curr\u00edculo Lattes<\/a><\/p>\n<p><strong><a href=\"https:\/\/wp.ufpel.edu.br\/ccpf\/files\/2012\/05\/servletrecuperafoto-11.jpg\"><img loading=\"lazy\" decoding=\"async\" class=\"alignleft size-thumbnail wp-image-219\" src=\"https:\/\/wp.ufpel.edu.br\/ccpf\/files\/2012\/05\/servletrecuperafoto-11-120x150.jpg\" alt=\"\" width=\"120\" height=\"150\" \/><\/a>Javier Eduardo Silveira Luzardo:\u00a0<\/strong>Professor assistente da Universidade Federal de Pelotas, fa\u00e7o parte do Curso de Forma\u00e7\u00e3o de Professores de Espanhol como L\u00edngua Estrangeira FPELE, lotado no Centro de Educa\u00e7\u00e3o a Dist\u00e2ncia. Especialista em Espanhol e Mestre em Ling\u00fc\u00edstica Aplicada pelo programa de p\u00f3s-gradua\u00e7\u00e3o em Letras da Universidade Cat\u00f3lica de Pelotas (UCPEL). Atuei como professor tempor\u00e1rio na Universidade Federal de Pelotas (curso de Letras Espanhol nos per\u00edodos de 2004 a 2006) e como professor da FURG (Funda\u00e7\u00e3o Universidade Federal do Rio Grande , Instituto de Letras e Artes, em 2008 e 2009). Formado em Lic. Plena Letras Portugu\u00eas \/ Espanhol e Respectivas Literaturas (Furg).<\/p>\n<p>&nbsp;<\/p>\n<p><a href=\"http:\/\/buscatextual.cnpq.br\/buscatextual\/visualizacv.do?id=K4744612D7\">Curr\u00edculo Lattes<\/a><\/p>\n","protected":false},"excerpt":{"rendered":"<p>Maria Fatima Ribeiro: Doutora em Hist\u00f3ria na \u00e1rea de Pol\u00edtica, Mem\u00f3ria e Cidade, pela Universidade Estadual de Campinas\/UNICAMP. Professora Adjunta da Universidade Federal de Pelotas\/UFPEL, no curso de Rela\u00e7\u00f5es Internacionais. Mestre em Hist\u00f3ria na \u00e1rea de Hist\u00f3ria Social, pela Pontif\u00edcia Universidade Cat\u00f3lica de S\u00e3o Paulo\/PUC\/SP..Gradua\u00e7\u00e3o em Licenciatura Plena\/Hist\u00f3ria pela Universidade Federal de Pelotas. Gradua\u00e7\u00e3o em &hellip; <\/p>\n<p><a class=\"more-link btn\" href=\"https:\/\/wp.ufpel.edu.br\/ccpf\/quem-somos-2\/direcao\/\">Continue lendo<\/a><\/p>\n","protected":false},"author":180,"featured_media":0,"parent":121,"menu_order":1,"comment_status":"closed","ping_status":"closed","template":"","meta":{"footnotes":""},"class_list":["post-146","page","type-page","status-publish","hentry","nodate","item-wrap"],"_links":{"self":[{"href":"https:\/\/wp.ufpel.edu.br\/ccpf\/wp-json\/wp\/v2\/pages\/146","targetHints":{"allow":["GET"]}}],"collection":[{"href":"https:\/\/wp.ufpel.edu.br\/ccpf\/wp-json\/wp\/v2\/pages"}],"about":[{"href":"https:\/\/wp.ufpel.edu.br\/ccpf\/wp-json\/wp\/v2\/types\/page"}],"author":[{"embeddable":true,"href":"https:\/\/wp.ufpel.edu.br\/ccpf\/wp-json\/wp\/v2\/users\/180"}],"replies":[{"embeddable":true,"href":"https:\/\/wp.ufpel.edu.br\/ccpf\/wp-json\/wp\/v2\/comments?post=146"}],"version-history":[{"count":16,"href":"https:\/\/wp.ufpel.edu.br\/ccpf\/wp-json\/wp\/v2\/pages\/146\/revisions"}],"predecessor-version":[{"id":159,"href":"https:\/\/wp.ufpel.edu.br\/ccpf\/wp-json\/wp\/v2\/pages\/146\/revisions\/159"}],"up":[{"embeddable":true,"href":"https:\/\/wp.ufpel.edu.br\/ccpf\/wp-json\/wp\/v2\/pages\/121"}],"wp:attachment":[{"href":"https:\/\/wp.ufpel.edu.br\/ccpf\/wp-json\/wp\/v2\/media?parent=146"}],"curies":[{"name":"wp","href":"https:\/\/api.w.org\/{rel}","templated":true}]}}