{"id":12,"date":"2012-04-13T21:28:12","date_gmt":"2012-04-14T00:28:12","guid":{"rendered":"https:\/\/wp.ufpel.edu.br\/ccpf\/"},"modified":"2012-05-26T22:31:43","modified_gmt":"2012-05-27T01:31:43","slug":"contato","status":"publish","type":"page","link":"https:\/\/wp.ufpel.edu.br\/ccpf\/contato\/","title":{"rendered":"Contato"},"content":{"rendered":"<p><strong>CCPF &#8211; Culturas, Cidades, Pol\u00edticas e Fronteiras.<\/strong><\/p>\n<p>CENTRO DE INTEGRA\u00c7\u00c3O DO MERCOSUL<\/p>\n<p>Rua Andrade Neves, 1529 \u2013 Pelotas, Rio Grande do Sul, Brasil<br \/>\nCEP 96020-080<\/p>\n<p>E-mail:\u00a0<a href=\"mailto:ccpfufpel@googlegroups.com\">ccpfufpel@googlegroups.com<\/a><\/p>\n","protected":false},"excerpt":{"rendered":"<p>CCPF &#8211; Culturas, Cidades, Pol\u00edticas e Fronteiras. CENTRO DE INTEGRA\u00c7\u00c3O DO MERCOSUL Rua Andrade Neves, 1529 \u2013 Pelotas, Rio Grande do Sul, Brasil CEP 96020-080 E-mail:\u00a0ccpfufpel@googlegroups.com<\/p>\n","protected":false},"author":180,"featured_media":0,"parent":0,"menu_order":7,"comment_status":"closed","ping_status":"closed","template":"","meta":{"footnotes":""},"class_list":["post-12","page","type-page","status-publish","hentry","nodate","item-wrap"],"_links":{"self":[{"href":"https:\/\/wp.ufpel.edu.br\/ccpf\/wp-json\/wp\/v2\/pages\/12","targetHints":{"allow":["GET"]}}],"collection":[{"href":"https:\/\/wp.ufpel.edu.br\/ccpf\/wp-json\/wp\/v2\/pages"}],"about":[{"href":"https:\/\/wp.ufpel.edu.br\/ccpf\/wp-json\/wp\/v2\/types\/page"}],"author":[{"embeddable":true,"href":"https:\/\/wp.ufpel.edu.br\/ccpf\/wp-json\/wp\/v2\/users\/180"}],"replies":[{"embeddable":true,"href":"https:\/\/wp.ufpel.edu.br\/ccpf\/wp-json\/wp\/v2\/comments?post=12"}],"version-history":[{"count":7,"href":"https:\/\/wp.ufpel.edu.br\/ccpf\/wp-json\/wp\/v2\/pages\/12\/revisions"}],"predecessor-version":[{"id":251,"href":"https:\/\/wp.ufpel.edu.br\/ccpf\/wp-json\/wp\/v2\/pages\/12\/revisions\/251"}],"wp:attachment":[{"href":"https:\/\/wp.ufpel.edu.br\/ccpf\/wp-json\/wp\/v2\/media?parent=12"}],"curies":[{"name":"wp","href":"https:\/\/api.w.org\/{rel}","templated":true}]}}