{"id":50,"date":"2019-12-07T15:50:41","date_gmt":"2019-12-07T18:50:41","guid":{"rendered":"https:\/\/wp.ufpel.edu.br\/ccce\/?page_id=50"},"modified":"2020-10-28T13:17:14","modified_gmt":"2020-10-28T16:17:14","slug":"organizacao","status":"publish","type":"page","link":"https:\/\/wp.ufpel.edu.br\/ccce\/organizacao\/","title":{"rendered":"Organiza\u00e7\u00e3o"},"content":{"rendered":"\n<p class=\"has-text-align-left has-text-align-center\"><br>Para conhecer detalhes sobre a organiza\u00e7\u00e3o, acesse o menu das Comiss\u00f5es.<\/p>\n\n\n\n<p><\/p>\n","protected":false},"excerpt":{"rendered":"<p>Para conhecer detalhes sobre a organiza\u00e7\u00e3o, acesse o menu das Comiss\u00f5es.<\/p>\n","protected":false},"author":976,"featured_media":0,"parent":0,"menu_order":10,"comment_status":"closed","ping_status":"closed","template":"","meta":{"footnotes":""},"class_list":["post-50","page","type-page","status-publish","hentry"],"_links":{"self":[{"href":"https:\/\/wp.ufpel.edu.br\/ccce\/wp-json\/wp\/v2\/pages\/50","targetHints":{"allow":["GET"]}}],"collection":[{"href":"https:\/\/wp.ufpel.edu.br\/ccce\/wp-json\/wp\/v2\/pages"}],"about":[{"href":"https:\/\/wp.ufpel.edu.br\/ccce\/wp-json\/wp\/v2\/types\/page"}],"author":[{"embeddable":true,"href":"https:\/\/wp.ufpel.edu.br\/ccce\/wp-json\/wp\/v2\/users\/976"}],"replies":[{"embeddable":true,"href":"https:\/\/wp.ufpel.edu.br\/ccce\/wp-json\/wp\/v2\/comments?post=50"}],"version-history":[{"count":11,"href":"https:\/\/wp.ufpel.edu.br\/ccce\/wp-json\/wp\/v2\/pages\/50\/revisions"}],"predecessor-version":[{"id":340,"href":"https:\/\/wp.ufpel.edu.br\/ccce\/wp-json\/wp\/v2\/pages\/50\/revisions\/340"}],"wp:attachment":[{"href":"https:\/\/wp.ufpel.edu.br\/ccce\/wp-json\/wp\/v2\/media?parent=50"}],"curies":[{"name":"wp","href":"https:\/\/api.w.org\/{rel}","templated":true}]}}