{"id":341,"date":"2020-10-28T13:30:28","date_gmt":"2020-10-28T16:30:28","guid":{"rendered":"https:\/\/wp.ufpel.edu.br\/ccce\/?page_id=341"},"modified":"2020-10-28T13:38:24","modified_gmt":"2020-10-28T16:38:24","slug":"realizacao-e-apoio","status":"publish","type":"page","link":"https:\/\/wp.ufpel.edu.br\/ccce\/organizacao\/realizacao-e-apoio\/","title":{"rendered":"Realiza\u00e7\u00e3o e Apoio"},"content":{"rendered":"\n<figure class=\"wp-block-image size-large\"><img loading=\"lazy\" decoding=\"async\" width=\"1024\" height=\"742\" src=\"https:\/\/wp.ufpel.edu.br\/ccce\/files\/2020\/01\/Logos_organiza\u00e7\u00e3o-1024x742.png\" alt=\"\" class=\"wp-image-75\" srcset=\"https:\/\/wp.ufpel.edu.br\/ccce\/files\/2020\/01\/Logos_organiza\u00e7\u00e3o-1024x742.png 1024w, https:\/\/wp.ufpel.edu.br\/ccce\/files\/2020\/01\/Logos_organiza\u00e7\u00e3o-400x290.png 400w, https:\/\/wp.ufpel.edu.br\/ccce\/files\/2020\/01\/Logos_organiza\u00e7\u00e3o-768x557.png 768w, https:\/\/wp.ufpel.edu.br\/ccce\/files\/2020\/01\/Logos_organiza\u00e7\u00e3o-1536x1114.png 1536w, https:\/\/wp.ufpel.edu.br\/ccce\/files\/2020\/01\/Logos_organiza\u00e7\u00e3o-2048x1485.png 2048w\" sizes=\"auto, (max-width: 1024px) 100vw, 1024px\" \/><\/figure>\n\n\n\n<p><\/p>\n\n\n\n<p>Financiamento:<\/p>\n\n\n\n<div class=\"wp-block-image\"><figure class=\"aligncenter size-large is-resized\"><a href=\"https:\/\/fapergs.rs.gov.br\/inicial\"><img loading=\"lazy\" decoding=\"async\" src=\"https:\/\/wp.ufpel.edu.br\/ccce\/files\/2020\/10\/LOGO_FAPERGS-1024x532.jpg\" alt=\"\" class=\"wp-image-343\" width=\"275\" height=\"143\" \/><\/a><figcaption>Funda\u00e7\u00e3o de Amparo \u00e0 Pesquisa do Estado do Rio Grande do Sul<\/figcaption><\/figure><\/div>\n\n\n\n<p><\/p>\n","protected":false},"excerpt":{"rendered":"<p>Financiamento:<\/p>\n","protected":false},"author":976,"featured_media":0,"parent":50,"menu_order":0,"comment_status":"closed","ping_status":"closed","template":"","meta":{"footnotes":""},"class_list":["post-341","page","type-page","status-publish","hentry"],"_links":{"self":[{"href":"https:\/\/wp.ufpel.edu.br\/ccce\/wp-json\/wp\/v2\/pages\/341","targetHints":{"allow":["GET"]}}],"collection":[{"href":"https:\/\/wp.ufpel.edu.br\/ccce\/wp-json\/wp\/v2\/pages"}],"about":[{"href":"https:\/\/wp.ufpel.edu.br\/ccce\/wp-json\/wp\/v2\/types\/page"}],"author":[{"embeddable":true,"href":"https:\/\/wp.ufpel.edu.br\/ccce\/wp-json\/wp\/v2\/users\/976"}],"replies":[{"embeddable":true,"href":"https:\/\/wp.ufpel.edu.br\/ccce\/wp-json\/wp\/v2\/comments?post=341"}],"version-history":[{"count":1,"href":"https:\/\/wp.ufpel.edu.br\/ccce\/wp-json\/wp\/v2\/pages\/341\/revisions"}],"predecessor-version":[{"id":344,"href":"https:\/\/wp.ufpel.edu.br\/ccce\/wp-json\/wp\/v2\/pages\/341\/revisions\/344"}],"up":[{"embeddable":true,"href":"https:\/\/wp.ufpel.edu.br\/ccce\/wp-json\/wp\/v2\/pages\/50"}],"wp:attachment":[{"href":"https:\/\/wp.ufpel.edu.br\/ccce\/wp-json\/wp\/v2\/media?parent=341"}],"curies":[{"name":"wp","href":"https:\/\/api.w.org\/{rel}","templated":true}]}}