{"id":30,"date":"2019-12-07T15:24:20","date_gmt":"2019-12-07T18:24:20","guid":{"rendered":"https:\/\/wp.ufpel.edu.br\/ccce\/?page_id=30"},"modified":"2020-08-12T17:40:01","modified_gmt":"2020-08-12T20:40:01","slug":"contato","status":"publish","type":"page","link":"https:\/\/wp.ufpel.edu.br\/ccce\/contato\/","title":{"rendered":"Contato"},"content":{"rendered":"\n<p>Para\ninforma\u00e7\u00f5es sobre o col\u00f3quio, envie um e-mail para:<\/p>\n\n\n\n<p class=\"has-text-align-center\"><a href=\"mailto:xicoloquiodecartografiaufpel@gmail.com\">xicoloquiodecartografiaufpel@gmail.com<\/a> <\/p>\n\n\n\n<p><\/p>\n\n\n\n<p>Maiores informa\u00e7\u00f5es:<\/p>\n\n\n\n<p><strong>WordPress<\/strong><br><a href=\"https:\/\/wp.ufpel.edu.br\/ccce\">https:\/\/wp.ufpel.edu.br\/ccce<\/a><\/p>\n\n\n\n<p><strong>Instagram<\/strong><br><a href=\"https:\/\/www.instagram.com\/coloquiocartografia\/\">https:\/\/www.instagram.com\/coloquiocartografia\/<\/a><\/p>\n\n\n\n<p><strong>Facebook<\/strong><br><a href=\"https:\/\/m.facebook.com\/events\/458210334804371?tsid=0.28577223863093404&amp;source=result\">https:\/\/m.facebook.com\/events\/458210334804371?tsid=0.28577223863093404&amp;source=result<\/a><\/p>\n","protected":false},"excerpt":{"rendered":"<p>Para informa\u00e7\u00f5es sobre o col\u00f3quio, envie um e-mail para: xicoloquiodecartografiaufpel@gmail.com Maiores informa\u00e7\u00f5es: WordPresshttps:\/\/wp.ufpel.edu.br\/ccce Instagramhttps:\/\/www.instagram.com\/coloquiocartografia\/ Facebookhttps:\/\/m.facebook.com\/events\/458210334804371?tsid=0.28577223863093404&amp;source=result<\/p>\n","protected":false},"author":976,"featured_media":0,"parent":0,"menu_order":8,"comment_status":"closed","ping_status":"closed","template":"","meta":{"footnotes":""},"class_list":["post-30","page","type-page","status-publish","hentry"],"_links":{"self":[{"href":"https:\/\/wp.ufpel.edu.br\/ccce\/wp-json\/wp\/v2\/pages\/30","targetHints":{"allow":["GET"]}}],"collection":[{"href":"https:\/\/wp.ufpel.edu.br\/ccce\/wp-json\/wp\/v2\/pages"}],"about":[{"href":"https:\/\/wp.ufpel.edu.br\/ccce\/wp-json\/wp\/v2\/types\/page"}],"author":[{"embeddable":true,"href":"https:\/\/wp.ufpel.edu.br\/ccce\/wp-json\/wp\/v2\/users\/976"}],"replies":[{"embeddable":true,"href":"https:\/\/wp.ufpel.edu.br\/ccce\/wp-json\/wp\/v2\/comments?post=30"}],"version-history":[{"count":6,"href":"https:\/\/wp.ufpel.edu.br\/ccce\/wp-json\/wp\/v2\/pages\/30\/revisions"}],"predecessor-version":[{"id":301,"href":"https:\/\/wp.ufpel.edu.br\/ccce\/wp-json\/wp\/v2\/pages\/30\/revisions\/301"}],"wp:attachment":[{"href":"https:\/\/wp.ufpel.edu.br\/ccce\/wp-json\/wp\/v2\/media?parent=30"}],"curies":[{"name":"wp","href":"https:\/\/api.w.org\/{rel}","templated":true}]}}