{"id":182,"date":"2020-02-15T14:58:38","date_gmt":"2020-02-15T17:58:38","guid":{"rendered":"https:\/\/wp.ufpel.edu.br\/ccce\/?page_id=182"},"modified":"2020-11-06T18:45:42","modified_gmt":"2020-11-06T21:45:42","slug":"comissoes","status":"publish","type":"page","link":"https:\/\/wp.ufpel.edu.br\/ccce\/organizacao\/comissoes\/","title":{"rendered":"Comiss\u00f5es"},"content":{"rendered":"\n<p class=\"has-text-align-center\"><strong>COORDENA\u00c7\u00c3O GERAL<\/strong><\/p>\n\n\n\n<p class=\"has-text-align-center\">Profa. Dra. Rosangela Lurdes Spironello &#8211; UFPel<br>Profa. Dra.  Liz Cristiane Dias \u2013 UFPel<\/p>\n\n\n\n<p class=\"has-text-align-center\"><strong>SECRETARIA<\/strong><\/p>\n\n\n\n<p class=\"has-text-align-center\">Profa. Dra. Rosangela Lurdes Spironello \u2013 UFPel<br>Profa. Dra. Liz Cristiane Dias \u2013 UFPel<br>Mestranda. Gabriela Klering Dias \u2013 UNICAMP<br>Mestranda. Fernanda do Amaral Burkert \u2013 UFPel<br>Doutorando. Luciano Martins da Rosa \u2013 UNICAMP<br>Acad. Carolina Borba dos Santos \u2013 UFPel<br>Acad. Pedro Castilhos da Rosa \u2013 UFPel<br>Mestrando. Pedro Henrique de Souza Rafael &#8211; UNICAMP<\/p>\n\n\n\n<p><\/p>\n\n\n\n<p class=\"has-text-align-center\"><strong>SUPORTE T\u00c9CNICO<\/strong><\/p>\n\n\n\n<p class=\"has-text-align-center\">Profa. Dra. Gabriela Dambr\u00f3s \u2013 UFPel<br>Profa. Dra. Erika Collischonn \u2013 UFPel<br>Acad. Alex Cavalheiro &#8211; UFPel<\/p>\n\n\n\n<p class=\"has-text-align-center\"><strong>CIENT\u00cdFICA<\/strong><\/p>\n\n\n\n<figure class=\"wp-block-table\"><table><tbody><tr><td>\n  <strong>NOME<\/strong>\n  <\/td><td>\n  <strong>INSTITUI\u00c7\u00c3O<\/strong>\n  <\/td><\/tr><tr><td>\n  Profa. Dra. Adriany de Avila Melo Sampaio\n  <\/td><td>\n  Universidade Federal de Uberl\u00e2ndia (UFU)\n  <\/td><\/tr><tr><td>\n  Profa. Dra. Amanda Regina Gon\u00e7alves\n  <\/td><td>\n  Universidade Federal do Tri\u00e2ngulo Mineiro\n  (UFTM)\n  <\/td><\/tr><tr><td>\n  Profa. Dra. Am\u00e9lia Regina Batista Nogueira\n  <\/td><td>\n  Universidade Federal do Amazonas (UFAM)\n  <\/td><\/tr><tr><td>\n  Profa. Dra. Ana Cl\u00e1udia Ramos Sacramento\n  <\/td><td>\n  Universidade do Estado do Rio de Janeiro\n  (UERJ)\n  <\/td><\/tr><tr><td>\n  Profa. Dra. Ana Maria Hoepers Preve\n  <\/td><td>\n  Universidade do Estado de Santa Catarina\n  (UDESC)\n  <\/td><\/tr><tr><td>\n  Profa. Dra. Andr\u00e9 Reyes Novaes\n  <\/td><td>\n  Universidade do Estado do Rio de Janeiro\n  (UERJ)\n  <\/td><\/tr><tr><td>\n  Profa. Dra. Andrea Aparecida Zacharias\n  <\/td><td>\n  Universidade Estadual Paulista J\u00falio de\n  Mesquita Filho (UNESP)\n  <\/td><\/tr><tr><td>\n  Profa. Dra. Andrea Coelho Lastoria\n  <\/td><td>\n  Universidade de S\u00e3o Paulo (USP)\n  <\/td><\/tr><tr><td>\n  Profa. Dra. Angela Massumi Katuta\n  <\/td><td>\n  Instituto Federal do Paran\u00e1 (IFPR)\n  <\/td><\/tr><tr><td>\n  Prof. Dr. Antonio\n  Carlos Castrogiovanni\n  <\/td><td>\n  Universidade Federal do Rio Grande do Sul\n  (UFRGS)\n  <\/td><\/tr><tr><td>\n  Profa. Dra. Carla Cristina Reinaldo Gimenes de Sena\n  <\/td><td>\n  Universidade Estadual Paulista J\u00falio de\n  Mesquita Filho (UNESP)\n  <\/td><\/tr><tr><td>\n  Profa. Dra. Carla Juscelia de Oliveira Souza\n  <\/td><td>\n  Universidade Federal de S\u00e3o Jo\u00e3o del-Rei\n  (UFSJ)\n  <\/td><\/tr><tr><td>\n  Profa. Dra. Carolina Machado Rocha Busch\n  Pereira\n  <\/td><td>\n  Universidade Federal do\n  Tocantins (UFT)\n  <\/td><\/tr><tr><td>\n  Prof. Dr. Cesar Augusto Ferrari Martinez\n  <\/td><td>\n  Universidade Federal de Pelotas (UFPel)\n  <\/td><\/tr><tr><td>\n  Profa. Dra. Cristina Maria Costa Leite\n  <\/td><td>\n  Universidade de Bras\u00edlia (UnB)\n  <\/td><\/tr><tr><td>\n  Prof. Dr. Denis Richter\n  <\/td><td>\n  Universidade Federal de Goi\u00e1s (UFG)\n  <\/td><\/tr><tr><td>\n  Profa. Dra. Fernanda Padovesi Fonseca\n  <\/td><td>\n  Universidade de S\u00e3o Paulo (USP)\n  <\/td><\/tr><tr><td>\n  Profa. Dra. Gabriela Dambr\u00f3s\n  <\/td><td>\n  Universidade Federal de Pelotas (UFPel)\n  <\/td><\/tr><tr><td>\n  Profa. Dra. Gisele Girardi\n  <\/td><td>\n  Universidade Federal do Esp\u00edrito Santo (UFES)\n  <\/td><\/tr><tr><td>\n  Prof. Dr. Jader Janer Moreira Lopes\n  <\/td><td>\n  Universidade Federal de Juiz de Fora (UFJF)\n  <\/td><\/tr><tr><td>\n  Prof. Dr. Jo\u00e3o Pedro Pezzato\n  <\/td><td>\n  Universidade Estadual Paulista J\u00falio de\n  Mesquita Filho (UNESP)\n  <\/td><\/tr><tr><td>\n  Prof. Dr. Jorn Seemann\n  <\/td><td>\n  Ball\n  State University (EUA)\n  <\/td><\/tr><tr><td>\n  Profa. Dra. Liz\n  Cristiane Dias\n  <\/td><td>\n  Universidade Federal de Pelotas (UFPel)\n  <\/td><\/tr><tr><td>\n  Profa. Dra. Lo\u00e7andra Borges de Moraes\n  <\/td><td>\n  Universidade Estadual de Goi\u00e1s (UEG)\n  <\/td><\/tr><tr><td>\n  Profa. Dra. Maria Elena Simielli\n  <\/td><td>\n  Universidade de S\u00e3o Paulo (USP)\n  <\/td><\/tr><tr><td>\n  Profa. Dra. Marquiana de Freitas Vilas-Boas\n  Gomes\n  <\/td><td>\n  Universidade Estadual do Centro-Oeste\n  (UNICENTRO)\n  <\/td><\/tr><tr><td>\n  Profa. Dra. Miriam Aparecida Bueno\n  <\/td><td>\n  Universidade Federal de Goi\u00e1s (UFG)\n  <\/td><\/tr><tr><td>\n  Profa. Dra. Paula Cristiane Strina Juliasz\n  <\/td><td>   Universidade de S\u00e3o Paulo (USP)   <\/td><\/tr><tr><td>\n  Prof. Dr. Rafael Straforini\n  <\/td><td>\n  Universidade Estadual de Campinas (UNICAMP)\n  <\/td><\/tr><tr><td>\n  Prof. Dr. Ronaldo Goulart Duarte\n  <\/td><td>\n  Universidade do Estado do Rio de Janeiro\n  (UERJ)\n  <\/td><\/tr><tr><td>\n  Profa. Dra. Rosangela Lurdes Spironello\n  <\/td><td>\n  Universidade Federal de Pelotas (UFPel)\n  <\/td><\/tr><tr><td>\n  Profa. Dra. Silvia Elena Ventorini\n  <\/td><td>\n  Universidade Estadual Paulista J\u00falio de\n  Mesquita Filho (UNESP)\n  <\/td><\/tr><tr><td>\n  Profa. Dra. Sonia Maria Vanzella Castellar\n  <\/td><td>\n  Universidade de S\u00e3o Paulo (USP)\n  <\/td><\/tr><tr><td>\n  Profa. Dra. Suely Aparecida Gomes Moreira\n  <\/td><td>\n  Universidade Federal de Uberl\u00e2ndia (UFU)\n  <\/td><\/tr><tr><td>\n  Profa. Dra. Tania Seneme do Canto\n  <\/td><td>\n  Universidade Estadual de Campinas (UNICAMP)\n  <\/td><\/tr><tr><td>\n  Profa. Dra. Thiara Vichiato Breda\n  <\/td><td>\n  Universidade Federal do Sul e Sudeste do Par\u00e1\n  (UNIFESSPA)\n  <\/td><\/tr><tr><td>\n  Profa. Dra. Valeria Cazetta\n  <\/td><td>\n  Universidade de S\u00e3o Paulo (USP)\n  <\/td><\/tr><tr><td>\n  Profa. Dra. Valeria Trevizani Burla de Aguiar\n  <\/td><td>\n  Universidade Federal de Juiz de Fora (UFJF)\n  <\/td><\/tr><tr><td>\n  Profa. Dra. Waldirene Ribeiro do Carmo\n  <\/td><td>\n  Universidade de S\u00e3o Paulo (USP)\n  <\/td><\/tr><\/tbody><\/table><\/figure>\n\n\n\n<p><\/p>\n\n\n\n<p class=\"has-text-align-center\"><strong>DIVULGA\u00c7\u00c3O E PUBLICA\u00c7\u00c3O<\/strong><\/p>\n\n\n\n<p class=\"has-text-align-center\">Prof. Doutorando. Cesar Augusto Ferrari Martinez \u2013 UFPel<br>Prof. Dr. Maur\u00edcio Meurer \u2013 UFPel<\/p>\n\n\n\n<p class=\"has-text-align-center\">Profa Dra. L\u00edgia Cardoso Carlos &#8211; UFPel<br>Acad. Rafael Martins Duarte \u2013 UFPel<br>Acad. Matheus Rossales \u2013 UFPel<br>Acad. Shakira Porci\u00fancula Salasar \u2013 UFPel<br>Acad. Yago Jacondino Nunes \u2013 UFPel <\/p>\n\n\n\n<p class=\"has-text-align-center\">Mestranda Bruna Vieira &#8211; UFPel <\/p>\n\n\n\n<p class=\"has-text-align-center\">Acad. Pedro Moura &#8211; UFPel<\/p>\n\n\n\n<p><\/p>\n\n\n\n<p><\/p>\n\n\n\n<p class=\"has-text-align-center\"><strong>CERIMONIAL E CULTURAL<\/strong><\/p>\n\n\n\n<p class=\"has-text-align-center\">Prof. Dr. Bruno Nunes Batista &#8211; UFPel<br>Acad. Rebeca Nunes &#8211; UFPel <\/p>\n\n\n\n<p class=\"has-text-align-center\">Profa Msc. Ana Paula Melo &#8211; UFPel<\/p>\n\n\n\n<p><\/p>\n\n\n\n<p class=\"has-text-align-center\"><\/p>\n","protected":false},"excerpt":{"rendered":"<p>COORDENA\u00c7\u00c3O GERAL Profa. Dra. Rosangela Lurdes Spironello &#8211; UFPelProfa. Dra. Liz Cristiane Dias \u2013 UFPel SECRETARIA Profa. Dra. Rosangela Lurdes Spironello \u2013 UFPelProfa. Dra. Liz Cristiane Dias \u2013 UFPelMestranda. Gabriela Klering Dias \u2013 UNICAMPMestranda. Fernanda do Amaral Burkert \u2013 UFPelDoutorando&#8230;. <a class=\"more-link\" href=\"https:\/\/wp.ufpel.edu.br\/ccce\/organizacao\/comissoes\/\">Continue lendo &rarr;<\/a><\/p>\n","protected":false},"author":976,"featured_media":0,"parent":50,"menu_order":1,"comment_status":"closed","ping_status":"closed","template":"","meta":{"footnotes":""},"class_list":["post-182","page","type-page","status-publish","hentry"],"_links":{"self":[{"href":"https:\/\/wp.ufpel.edu.br\/ccce\/wp-json\/wp\/v2\/pages\/182","targetHints":{"allow":["GET"]}}],"collection":[{"href":"https:\/\/wp.ufpel.edu.br\/ccce\/wp-json\/wp\/v2\/pages"}],"about":[{"href":"https:\/\/wp.ufpel.edu.br\/ccce\/wp-json\/wp\/v2\/types\/page"}],"author":[{"embeddable":true,"href":"https:\/\/wp.ufpel.edu.br\/ccce\/wp-json\/wp\/v2\/users\/976"}],"replies":[{"embeddable":true,"href":"https:\/\/wp.ufpel.edu.br\/ccce\/wp-json\/wp\/v2\/comments?post=182"}],"version-history":[{"count":9,"href":"https:\/\/wp.ufpel.edu.br\/ccce\/wp-json\/wp\/v2\/pages\/182\/revisions"}],"predecessor-version":[{"id":367,"href":"https:\/\/wp.ufpel.edu.br\/ccce\/wp-json\/wp\/v2\/pages\/182\/revisions\/367"}],"up":[{"embeddable":true,"href":"https:\/\/wp.ufpel.edu.br\/ccce\/wp-json\/wp\/v2\/pages\/50"}],"wp:attachment":[{"href":"https:\/\/wp.ufpel.edu.br\/ccce\/wp-json\/wp\/v2\/media?parent=182"}],"curies":[{"name":"wp","href":"https:\/\/api.w.org\/{rel}","templated":true}]}}