{"id":18,"date":"2019-12-07T15:18:47","date_gmt":"2019-12-07T18:18:47","guid":{"rendered":"https:\/\/wp.ufpel.edu.br\/ccce\/?page_id=18"},"modified":"2020-11-09T09:18:04","modified_gmt":"2020-11-09T12:18:04","slug":"programacao","status":"publish","type":"page","link":"https:\/\/wp.ufpel.edu.br\/ccce\/programacao\/","title":{"rendered":"Programa\u00e7\u00e3o"},"content":{"rendered":"\n<figure class=\"wp-block-embed-youtube wp-block-embed is-type-video is-provider-youtube wp-embed-aspect-16-9 wp-has-aspect-ratio\"><div class=\"wp-block-embed__wrapper\">\n<iframe loading=\"lazy\" title=\"J\u00e1 conferiu a nossa programa\u00e7\u00e3o?\" width=\"676\" height=\"380\" src=\"https:\/\/www.youtube.com\/embed\/_WMH3o-vUJg?feature=oembed\" frameborder=\"0\" allow=\"accelerometer; autoplay; clipboard-write; encrypted-media; gyroscope; picture-in-picture\" allowfullscreen><\/iframe>\n<\/div><\/figure>\n\n\n\n<p><strong>17 de NOVEMBRO DE 2020 \u2013 Ter\u00e7a-feira<\/strong><\/p>\n\n\n\n<p><strong>19h &#8211; Solenidade de Abertura<\/strong>:<\/p>\n\n\n\n<p>Profa Dra. Rosangela Lurdes Spironello \u2013 DEGEO\/PPGeo\/UFPel<\/p>\n\n\n\n<p>Homenagem \u00e0 Profa L\u00edvia de Oliveira<\/p>\n\n\n\n<p><strong>Confer\u00eancia de abertura:<\/strong>&nbsp;<strong>\u201cCartografia Escolar e a necess\u00e1ria renova\u00e7\u00e3o do ensino de geografia\u201d<\/strong><\/p>\n\n\n\n<p>Conferencista: Profa. Dra. S\u00f4nia Maria Vanzella Castellar &#8211; Faculdade de Educa\u00e7\u00e3o \u2013 Universidade de S\u00e3o Paulo (USP)<\/p>\n\n\n\n<p><strong>Media\u00e7\u00e3o: <\/strong>Profa Dra. L\u00edgia Cardoso Carlos \u2013 FAE\/PPGeo\/UFPel<\/p>\n\n\n\n<p><\/p>\n\n\n\n<br><\/br>\n<p><strong>18 DE NOVEMBRO DE 2020 \u2013 Quarta-feira<\/strong><\/p>\n\n\n\n<p><strong>19h &#8211; Mesa Redonda 1 \u2013 \u201cCartografias Sociais em diferentes contextos de aprendizagem\u201d<\/strong><\/p>\n\n\n\n<p><strong>Convidadas:<\/strong><\/p>\n\n\n\n<p>Profa. Dra. Marquiana de F. Vilas Boas Gomes \u2013 Departamento de Geografia &#8211; Universidade Estadual do Centro-Oeste (UNICENTRO)<\/p>\n\n\n\n<p>Profa. Dra. Gisele Girardi \u2013 Departamento de Geografia &#8211; Universidade Federal do Esp\u00edrito Santo (UFES)<\/p>\n\n\n\n<p><strong>Media\u00e7\u00e3o: <\/strong>&nbsp;Profa Dra. Liz Cristiane Dias &#8211; DEGEO\/PPGeo\/UFPel<\/p>\n\n\n\n<p><\/p>\n\n\n\n<br> <\/br>\n<p><strong>19 <strong>DE NOVEMBRO DE<\/strong> 2020 \u2013 Quinta-feira<\/strong><\/p>\n\n\n\n<p><strong>19h30min &#8211; Mesa Redonda 2 \u2013 \u201cAprendizagens Cartogr\u00e1ficas e Forma\u00e7\u00e3o Docente&#8221;<\/strong><\/p>\n\n\n\n<p><strong>Convidadas:<\/strong><\/p>\n\n\n\n<p>Profa. Dra. Thiara Vichiato Breda &#8211; Faculdade de Ci\u00eancias Sociais &#8211; Universidade Federal do Sul e Sudeste do Par\u00e1  (UNIFESSPA)<\/p>\n\n\n\n<p>Profa. Dra. Dariane Raifur Rossi &#8211; Departamento de Humanidades &#8211; Instituto Federal de S\u00e3o Paulo (IFSP)<\/p>\n\n\n\n<p><strong>Media\u00e7\u00e3o:<\/strong> Profa Dra. Gabriela Dambr\u00f3s \u2013 DEGEO\/UFPel<\/p>\n\n\n\n<p><\/p>\n\n\n\n<p><strong>20 <strong>DE NOVEMBRO DE<\/strong><\/strong> <strong>2020 \u2013 Sexta-feira<\/strong><\/p>\n\n\n\n<p>19h \u2013 Dia da Consci\u00eancia Negra \u2013 \u201cA Pelotas Negra\u201d<\/p>\n\n\n\n<p><strong>Confer\u00eancia de encerramento: \u201cA vingan\u00e7a da Geografia: dificuldades com a aprendizagem e a aplica\u00e7\u00e3o da cartografia escolar em crian\u00e7as e jovens\u201d<\/strong><\/p>\n\n\n\n<p>Prof\u00aa. Dra. Paloma Miranda Arredondo &#8211; Departamento de Educaci\u00f3n &#8211; Universidad de Santiago de Chile<\/p>\n\n\n\n<p><strong>Media\u00e7\u00e3o:<\/strong> Prof. Dr. C\u00e9sar Augusto Ferrari Martinez \u2013 DEGEO\/UFPel<\/p>\n\n\n\n<p><strong>Plen\u00e1ria final<\/strong><\/p>\n\n\n\n<p>Coordena\u00e7\u00e3o: Comiss\u00e3o organizadora<\/p>\n","protected":false},"excerpt":{"rendered":"<p>17 de NOVEMBRO DE 2020 \u2013 Ter\u00e7a-feira 19h &#8211; Solenidade de Abertura: Profa Dra. Rosangela Lurdes Spironello \u2013 DEGEO\/PPGeo\/UFPel Homenagem \u00e0 Profa L\u00edvia de Oliveira Confer\u00eancia de abertura:&nbsp;\u201cCartografia Escolar e a necess\u00e1ria renova\u00e7\u00e3o do ensino de geografia\u201d Conferencista: Profa. Dra&#8230;. <a class=\"more-link\" href=\"https:\/\/wp.ufpel.edu.br\/ccce\/programacao\/\">Continue lendo &rarr;<\/a><\/p>\n","protected":false},"author":976,"featured_media":0,"parent":0,"menu_order":3,"comment_status":"closed","ping_status":"closed","template":"","meta":{"footnotes":""},"class_list":["post-18","page","type-page","status-publish","hentry"],"_links":{"self":[{"href":"https:\/\/wp.ufpel.edu.br\/ccce\/wp-json\/wp\/v2\/pages\/18","targetHints":{"allow":["GET"]}}],"collection":[{"href":"https:\/\/wp.ufpel.edu.br\/ccce\/wp-json\/wp\/v2\/pages"}],"about":[{"href":"https:\/\/wp.ufpel.edu.br\/ccce\/wp-json\/wp\/v2\/types\/page"}],"author":[{"embeddable":true,"href":"https:\/\/wp.ufpel.edu.br\/ccce\/wp-json\/wp\/v2\/users\/976"}],"replies":[{"embeddable":true,"href":"https:\/\/wp.ufpel.edu.br\/ccce\/wp-json\/wp\/v2\/comments?post=18"}],"version-history":[{"count":22,"href":"https:\/\/wp.ufpel.edu.br\/ccce\/wp-json\/wp\/v2\/pages\/18\/revisions"}],"predecessor-version":[{"id":368,"href":"https:\/\/wp.ufpel.edu.br\/ccce\/wp-json\/wp\/v2\/pages\/18\/revisions\/368"}],"wp:attachment":[{"href":"https:\/\/wp.ufpel.edu.br\/ccce\/wp-json\/wp\/v2\/media?parent=18"}],"curies":[{"name":"wp","href":"https:\/\/api.w.org\/{rel}","templated":true}]}}