{"id":15,"date":"2019-12-07T15:13:49","date_gmt":"2019-12-07T18:13:49","guid":{"rendered":"https:\/\/wp.ufpel.edu.br\/ccce\/?page_id=15"},"modified":"2020-11-11T18:49:26","modified_gmt":"2020-11-11T21:49:26","slug":"coloquio","status":"publish","type":"page","link":"https:\/\/wp.ufpel.edu.br\/ccce\/coloquio\/","title":{"rendered":"Col\u00f3quio"},"content":{"rendered":"\n<p>\u00c9 com grande satisfa\u00e7\u00e3o que a Universidade Federal de Pelotas promover\u00e1, <strong>entre os dias 17 e 20 de novembro de 2020<\/strong>, o<strong>&nbsp;XI COL\u00d3QUIO DE CARTOGRAFIA PARA CRIAN\u00c7AS E ESCOLARES. <\/strong>Este evento \u00e9 organizado pelo Grupo de Pesquisa Espa\u00e7os Sociais e Forma\u00e7\u00e3o de Professores e pelo Laborat\u00f3rio de Educa\u00e7\u00e3o Geogr\u00e1fica e Ambiental da Universidade Federal de Pelotas UFPel, com o tema <em>&#8220;<strong>Di\u00e1logos, trajet\u00f3rias e perspectivas no ensino e na pesquisa em Cartografia Escolar&#8221;.<\/strong><\/em> <\/p>\n\n\n\n<p>Dentre os objetivos, destacamos a socializa\u00e7\u00e3o das m\u00faltiplas ideias sobre Cartografia Escolar entre pesquisadores, professores da Educa\u00e7\u00e3o Superior e da Educa\u00e7\u00e3o B\u00e1sica, alunos da gradua\u00e7\u00e3o e p\u00f3s-gradua\u00e7\u00e3o e o resgate n\u00e3o apenas do percurso do desenvolvimento das pesquisas, mas do di\u00e1logo sobre as experi\u00eancias profissionais.<\/p>\n\n\n\n<p>O Col\u00f3quio de Cartografia para Crian\u00e7as e Escolares teve seu in\u00edcio em 1995, no Campus do Instituto de Geografia e Ci\u00eancias Exatas IGCE, da Universidade Estadual Paulista \u201cJ\u00falio de Mesquita Filho\u201d da UNESP da cidade de Rio Claro, com o prop\u00f3sito de congregar em torno desta tem\u00e1tica e socializar seus estudos que eram desenvolvidos para fortalecer esta linha de pesquisa. <\/p>\n\n\n\n<p>\u00a0A atual edi\u00e7\u00e3o prop\u00f5e reconhecer a diversidade e as novas perspectivas que indicam os caminhos da Cartografia Escolar e identificar os desafios que ainda se fazem presentes na sua rela\u00e7\u00e3o com o ensino e a pesquisa em diferentes espa\u00e7os educativos. Busca tamb\u00e9m, dar visibilidade \u00e0s bases te\u00f3ricas e pr\u00e1ticas que conduzem a Cartografia Escolar e sua media\u00e7\u00e3o did\u00e1tica, quem s\u00e3o os sujeitos leitores e produtores de mapas e qual \u00e9 o papel da Universidade na democratiza\u00e7\u00e3o da Cartografia Escolar.<\/p>\n\n\n\n<div class=\"wp-block-image\"><figure class=\"aligncenter size-large is-resized\"><img loading=\"lazy\" decoding=\"async\" src=\"https:\/\/wp.ufpel.edu.br\/ccce\/files\/2020\/11\/simbolo-acessivel-em-libras.jpg\" alt=\"\" class=\"wp-image-408\" width=\"110\" height=\"166\" srcset=\"https:\/\/wp.ufpel.edu.br\/ccce\/files\/2020\/11\/simbolo-acessivel-em-libras.jpg 469w, https:\/\/wp.ufpel.edu.br\/ccce\/files\/2020\/11\/simbolo-acessivel-em-libras-266x400.jpg 266w\" sizes=\"auto, (max-width: 110px) 100vw, 110px\" \/><\/figure><\/div>\n","protected":false},"excerpt":{"rendered":"<p>\u00c9 com grande satisfa\u00e7\u00e3o que a Universidade Federal de Pelotas promover\u00e1, entre os dias 17 e 20 de novembro de 2020, o&nbsp;XI COL\u00d3QUIO DE CARTOGRAFIA PARA CRIAN\u00c7AS E ESCOLARES. Este evento \u00e9 organizado pelo Grupo de Pesquisa Espa\u00e7os Sociais e&#8230; <a class=\"more-link\" href=\"https:\/\/wp.ufpel.edu.br\/ccce\/coloquio\/\">Continue lendo &rarr;<\/a><\/p>\n","protected":false},"author":976,"featured_media":0,"parent":0,"menu_order":0,"comment_status":"closed","ping_status":"closed","template":"","meta":{"footnotes":""},"class_list":["post-15","page","type-page","status-publish","hentry"],"_links":{"self":[{"href":"https:\/\/wp.ufpel.edu.br\/ccce\/wp-json\/wp\/v2\/pages\/15","targetHints":{"allow":["GET"]}}],"collection":[{"href":"https:\/\/wp.ufpel.edu.br\/ccce\/wp-json\/wp\/v2\/pages"}],"about":[{"href":"https:\/\/wp.ufpel.edu.br\/ccce\/wp-json\/wp\/v2\/types\/page"}],"author":[{"embeddable":true,"href":"https:\/\/wp.ufpel.edu.br\/ccce\/wp-json\/wp\/v2\/users\/976"}],"replies":[{"embeddable":true,"href":"https:\/\/wp.ufpel.edu.br\/ccce\/wp-json\/wp\/v2\/comments?post=15"}],"version-history":[{"count":9,"href":"https:\/\/wp.ufpel.edu.br\/ccce\/wp-json\/wp\/v2\/pages\/15\/revisions"}],"predecessor-version":[{"id":409,"href":"https:\/\/wp.ufpel.edu.br\/ccce\/wp-json\/wp\/v2\/pages\/15\/revisions\/409"}],"wp:attachment":[{"href":"https:\/\/wp.ufpel.edu.br\/ccce\/wp-json\/wp\/v2\/media?parent=15"}],"curies":[{"name":"wp","href":"https:\/\/api.w.org\/{rel}","templated":true}]}}