{"id":102,"date":"2020-01-10T15:14:27","date_gmt":"2020-01-10T18:14:27","guid":{"rendered":"https:\/\/wp.ufpel.edu.br\/ccce\/?page_id=102"},"modified":"2020-08-11T20:13:47","modified_gmt":"2020-08-11T23:13:47","slug":"eds-gts","status":"publish","type":"page","link":"https:\/\/wp.ufpel.edu.br\/ccce\/eds-gts\/","title":{"rendered":"Eixos tem\u00e1ticos"},"content":{"rendered":"\n<p>Os  E<strong>ixos Tem\u00e1ticos<\/strong> para este evento s\u00e3o:<\/p>\n\n\n\n<ul class=\"wp-block-list\"><li><strong>A Cartografia Escolar na forma\u00e7\u00e3o docente<\/strong>: refere-se aos trabalhos de alfabetiza\u00e7\u00e3o cartogr\u00e1fica, ensino dos conte\u00fados e processo de ensino-aprendizagem da linguagem cartogr\u00e1fica, bem como a constru\u00e7\u00e3o de propostas de ensino relacionadas \u00e0 Cartografia Escolar para a forma\u00e7\u00e3o inicial e continuada de professores e debates acerca do curr\u00edculo. <\/li><\/ul>\n\n\n\n<ul class=\"wp-block-list\"><li><strong>Tecnologias e linguagens no ensino da Cartografia Escolar<\/strong>: refere-se a pesquisas que utilizam de diferentes recursos e produtos tecnol\u00f3gicos digitais para o processo de produ\u00e7\u00e3o e an\u00e1lise de dados cartogr\u00e1ficos para serem utilizados no espa\u00e7o escolar.<\/li><\/ul>\n\n\n\n<ul class=\"wp-block-list\"><li><strong>Aprendizagens cartogr\u00e1ficas na escola<\/strong>: refere-se a pesquisas e pr\u00e1ticas que tenham como foco o desenvolvimento de propostas de ensino-aprendizagem desde a Educa\u00e7\u00e3o Infantil at\u00e9 o Ensino M\u00e9dio e que articulem conceitos, conte\u00fados e princ\u00edpios da Geografia Escolar.<\/li><\/ul>\n\n\n\n<ul class=\"wp-block-list\"><li><strong>Contribui\u00e7\u00f5es te\u00f3ricas e metodol\u00f3gicas das Cartografias Sociais: <\/strong>refere-se a trabalhos que promovam diferentes perspectivas dos mapeamentos sociais e colaborativos em contextos de aprendizagem, com o intuito de corroborar para a discuss\u00e3o da tem\u00e1tica no \u00e2mbito da Geografia.<\/li><\/ul>\n\n\n<p><!--EndFragment--><\/p>\n\n\n<p><\/p>\n","protected":false},"excerpt":{"rendered":"<p>Os Eixos Tem\u00e1ticos para este evento s\u00e3o: A Cartografia Escolar na forma\u00e7\u00e3o docente: refere-se aos trabalhos de alfabetiza\u00e7\u00e3o cartogr\u00e1fica, ensino dos conte\u00fados e processo de ensino-aprendizagem da linguagem cartogr\u00e1fica, bem como a constru\u00e7\u00e3o de propostas de ensino relacionadas \u00e0 Cartografia&#8230; <a class=\"more-link\" href=\"https:\/\/wp.ufpel.edu.br\/ccce\/eds-gts\/\">Continue lendo &rarr;<\/a><\/p>\n","protected":false},"author":976,"featured_media":0,"parent":0,"menu_order":2,"comment_status":"closed","ping_status":"closed","template":"","meta":{"footnotes":""},"class_list":["post-102","page","type-page","status-publish","hentry"],"_links":{"self":[{"href":"https:\/\/wp.ufpel.edu.br\/ccce\/wp-json\/wp\/v2\/pages\/102","targetHints":{"allow":["GET"]}}],"collection":[{"href":"https:\/\/wp.ufpel.edu.br\/ccce\/wp-json\/wp\/v2\/pages"}],"about":[{"href":"https:\/\/wp.ufpel.edu.br\/ccce\/wp-json\/wp\/v2\/types\/page"}],"author":[{"embeddable":true,"href":"https:\/\/wp.ufpel.edu.br\/ccce\/wp-json\/wp\/v2\/users\/976"}],"replies":[{"embeddable":true,"href":"https:\/\/wp.ufpel.edu.br\/ccce\/wp-json\/wp\/v2\/comments?post=102"}],"version-history":[{"count":10,"href":"https:\/\/wp.ufpel.edu.br\/ccce\/wp-json\/wp\/v2\/pages\/102\/revisions"}],"predecessor-version":[{"id":279,"href":"https:\/\/wp.ufpel.edu.br\/ccce\/wp-json\/wp\/v2\/pages\/102\/revisions\/279"}],"wp:attachment":[{"href":"https:\/\/wp.ufpel.edu.br\/ccce\/wp-json\/wp\/v2\/media?parent=102"}],"curies":[{"name":"wp","href":"https:\/\/api.w.org\/{rel}","templated":true}]}}