{"id":984,"date":"2017-08-23T13:50:04","date_gmt":"2017-08-23T16:50:04","guid":{"rendered":"https:\/\/wp.ufpel.edu.br\/ccaf\/?page_id=984"},"modified":"2017-08-23T13:50:04","modified_gmt":"2017-08-23T16:50:04","slug":"dissertacoes","status":"publish","type":"page","link":"https:\/\/wp.ufpel.edu.br\/ccaf\/teses-e-dissertacoes\/dissertacoes\/","title":{"rendered":"Disserta\u00e7\u00f5es"},"content":{"rendered":"<p><a href=\"https:\/\/drive.google.com\/file\/d\/0B3-YADGkurQMZHg0cFF0S001ZWs\/view\">Estudo das propriedades estruturais e \u0301\u00f3pticas do sistema ZnO@ZnS core-shell, obtido pelo m\u00e9todo solvot\u00e9rmico assistido por microondas. (FLORES, 2015)<\/a><\/p>\n<p>&nbsp;<\/p>\n<p><a href=\"https:\/\/drive.google.com\/file\/d\/0B3-YADGkurQMSlRhMml0eGQwMzg\/view\">Desenvolvimento de Comp\u00f3sitos Luminescentes a Partir de Mesocristais de BaZrHfO3 e Poliamida 6. (FASSBENDER, 2015)<\/a><\/p>\n<p>&nbsp;<\/p>\n<p><a href=\"https:\/\/drive.google.com\/file\/d\/0B3-YADGkurQMV3doMGV4eS1xLTg\/view\">Aplicac\u00e3o de Titanatos de Alcalinos Terrosos em C\u00e9lulas Solares de Estado S\u00f3lido. (LILGE, 2017)<\/a><\/p>\n<p>&nbsp;<\/p>\n","protected":false},"excerpt":{"rendered":"<p>Estudo das propriedades estruturais e \u0301\u00f3pticas do sistema ZnO@ZnS core-shell, obtido pelo m\u00e9todo solvot\u00e9rmico assistido por microondas. (FLORES, 2015) &nbsp; Desenvolvimento de Comp\u00f3sitos Luminescentes a Partir de Mesocristais de BaZrHfO3 e Poliamida 6. (FASSBENDER,&#46;&#46;&#46;<\/p>\n","protected":false},"author":317,"featured_media":0,"parent":980,"menu_order":0,"comment_status":"closed","ping_status":"closed","template":"","meta":{"footnotes":""},"class_list":["post-984","page","type-page","status-publish","hentry"],"_links":{"self":[{"href":"https:\/\/wp.ufpel.edu.br\/ccaf\/wp-json\/wp\/v2\/pages\/984","targetHints":{"allow":["GET"]}}],"collection":[{"href":"https:\/\/wp.ufpel.edu.br\/ccaf\/wp-json\/wp\/v2\/pages"}],"about":[{"href":"https:\/\/wp.ufpel.edu.br\/ccaf\/wp-json\/wp\/v2\/types\/page"}],"author":[{"embeddable":true,"href":"https:\/\/wp.ufpel.edu.br\/ccaf\/wp-json\/wp\/v2\/users\/317"}],"replies":[{"embeddable":true,"href":"https:\/\/wp.ufpel.edu.br\/ccaf\/wp-json\/wp\/v2\/comments?post=984"}],"version-history":[{"count":1,"href":"https:\/\/wp.ufpel.edu.br\/ccaf\/wp-json\/wp\/v2\/pages\/984\/revisions"}],"predecessor-version":[{"id":986,"href":"https:\/\/wp.ufpel.edu.br\/ccaf\/wp-json\/wp\/v2\/pages\/984\/revisions\/986"}],"up":[{"embeddable":true,"href":"https:\/\/wp.ufpel.edu.br\/ccaf\/wp-json\/wp\/v2\/pages\/980"}],"wp:attachment":[{"href":"https:\/\/wp.ufpel.edu.br\/ccaf\/wp-json\/wp\/v2\/media?parent=984"}],"curies":[{"name":"wp","href":"https:\/\/api.w.org\/{rel}","templated":true}]}}