{"id":933,"date":"2017-07-19T20:05:51","date_gmt":"2017-07-19T23:05:51","guid":{"rendered":"https:\/\/wp.ufpel.edu.br\/ccaf\/?page_id=933"},"modified":"2017-07-19T20:05:51","modified_gmt":"2017-07-19T23:05:51","slug":"jesse-dos-santos-diniz","status":"publish","type":"page","link":"https:\/\/wp.ufpel.edu.br\/ccaf\/equipe\/discentes\/alunos-de-i-c\/jesse-dos-santos-diniz\/","title":{"rendered":"Jesse dos Santos Diniz"},"content":{"rendered":"<p>Atualmente trabalha com a Investiga\u00e7\u00e3o da influencia da radia\u00e7\u00e3o de microondas associado aos fatores termodin\u00e2micos sobre o crescimento de cristais cer\u00e2micos.<\/p>\n","protected":false},"excerpt":{"rendered":"<p>Atualmente trabalha com a Investiga\u00e7\u00e3o da influencia da radia\u00e7\u00e3o de microondas associado aos fatores termodin\u00e2micos sobre o crescimento de cristais cer\u00e2micos.<\/p>\n","protected":false},"author":317,"featured_media":0,"parent":60,"menu_order":0,"comment_status":"closed","ping_status":"closed","template":"","meta":{"footnotes":""},"class_list":["post-933","page","type-page","status-publish","hentry"],"_links":{"self":[{"href":"https:\/\/wp.ufpel.edu.br\/ccaf\/wp-json\/wp\/v2\/pages\/933","targetHints":{"allow":["GET"]}}],"collection":[{"href":"https:\/\/wp.ufpel.edu.br\/ccaf\/wp-json\/wp\/v2\/pages"}],"about":[{"href":"https:\/\/wp.ufpel.edu.br\/ccaf\/wp-json\/wp\/v2\/types\/page"}],"author":[{"embeddable":true,"href":"https:\/\/wp.ufpel.edu.br\/ccaf\/wp-json\/wp\/v2\/users\/317"}],"replies":[{"embeddable":true,"href":"https:\/\/wp.ufpel.edu.br\/ccaf\/wp-json\/wp\/v2\/comments?post=933"}],"version-history":[{"count":1,"href":"https:\/\/wp.ufpel.edu.br\/ccaf\/wp-json\/wp\/v2\/pages\/933\/revisions"}],"predecessor-version":[{"id":935,"href":"https:\/\/wp.ufpel.edu.br\/ccaf\/wp-json\/wp\/v2\/pages\/933\/revisions\/935"}],"up":[{"embeddable":true,"href":"https:\/\/wp.ufpel.edu.br\/ccaf\/wp-json\/wp\/v2\/pages\/60"}],"wp:attachment":[{"href":"https:\/\/wp.ufpel.edu.br\/ccaf\/wp-json\/wp\/v2\/media?parent=933"}],"curies":[{"name":"wp","href":"https:\/\/api.w.org\/{rel}","templated":true}]}}