{"id":890,"date":"2017-07-11T22:55:51","date_gmt":"2017-07-12T01:55:51","guid":{"rendered":"https:\/\/wp.ufpel.edu.br\/ccaf\/?page_id=890"},"modified":"2017-07-19T20:07:56","modified_gmt":"2017-07-19T23:07:56","slug":"thissiana-fernandes","status":"publish","type":"page","link":"https:\/\/wp.ufpel.edu.br\/ccaf\/equipe\/discentes\/alunos-de-i-c\/thissiana-fernandes\/","title":{"rendered":"Thissiana Fernandes"},"content":{"rendered":"<p>Atualmente trabalha com a Investiga\u00e7\u00e3o do comportamento fotovoltaico de MgTiO3 fotossensibilizado em c\u00e9lulas solares do tipo DSSC modificadas.<a href=\"https:\/\/wp.ufpel.edu.br\/ccaf\/files\/2017\/07\/Thissiana.jpg\"><img loading=\"lazy\" decoding=\"async\" class=\"wp-image-892 alignleft\" src=\"https:\/\/wp.ufpel.edu.br\/ccaf\/files\/2017\/07\/Thissiana-329x400.jpg\" alt=\"\" width=\"161\" height=\"195\" srcset=\"https:\/\/wp.ufpel.edu.br\/ccaf\/files\/2017\/07\/Thissiana-329x400.jpg 329w, https:\/\/wp.ufpel.edu.br\/ccaf\/files\/2017\/07\/Thissiana.jpg 498w\" sizes=\"auto, (max-width: 161px) 100vw, 161px\" \/><\/a><\/p>\n","protected":false},"excerpt":{"rendered":"<p>Atualmente trabalha com a Investiga\u00e7\u00e3o do comportamento fotovoltaico de MgTiO3 fotossensibilizado em c\u00e9lulas solares do tipo DSSC modificadas.<\/p>\n","protected":false},"author":317,"featured_media":0,"parent":60,"menu_order":0,"comment_status":"closed","ping_status":"closed","template":"","meta":{"footnotes":""},"class_list":["post-890","page","type-page","status-publish","hentry"],"_links":{"self":[{"href":"https:\/\/wp.ufpel.edu.br\/ccaf\/wp-json\/wp\/v2\/pages\/890","targetHints":{"allow":["GET"]}}],"collection":[{"href":"https:\/\/wp.ufpel.edu.br\/ccaf\/wp-json\/wp\/v2\/pages"}],"about":[{"href":"https:\/\/wp.ufpel.edu.br\/ccaf\/wp-json\/wp\/v2\/types\/page"}],"author":[{"embeddable":true,"href":"https:\/\/wp.ufpel.edu.br\/ccaf\/wp-json\/wp\/v2\/users\/317"}],"replies":[{"embeddable":true,"href":"https:\/\/wp.ufpel.edu.br\/ccaf\/wp-json\/wp\/v2\/comments?post=890"}],"version-history":[{"count":3,"href":"https:\/\/wp.ufpel.edu.br\/ccaf\/wp-json\/wp\/v2\/pages\/890\/revisions"}],"predecessor-version":[{"id":937,"href":"https:\/\/wp.ufpel.edu.br\/ccaf\/wp-json\/wp\/v2\/pages\/890\/revisions\/937"}],"up":[{"embeddable":true,"href":"https:\/\/wp.ufpel.edu.br\/ccaf\/wp-json\/wp\/v2\/pages\/60"}],"wp:attachment":[{"href":"https:\/\/wp.ufpel.edu.br\/ccaf\/wp-json\/wp\/v2\/media?parent=890"}],"curies":[{"name":"wp","href":"https:\/\/api.w.org\/{rel}","templated":true}]}}