{"id":823,"date":"2017-06-30T17:47:14","date_gmt":"2017-06-30T20:47:14","guid":{"rendered":"https:\/\/wp.ufpel.edu.br\/ccaf\/?page_id=823"},"modified":"2017-06-30T17:47:14","modified_gmt":"2017-06-30T20:47:14","slug":"karin-luciano-brizola-simonato","status":"publish","type":"page","link":"https:\/\/wp.ufpel.edu.br\/ccaf\/equipe\/discentes\/doutorandos\/karin-luciano-brizola-simonato\/","title":{"rendered":"Karin Luciano Brizola Simonato"},"content":{"rendered":"<p style=\"text-align: justify\"><a href=\"https:\/\/wp.ufpel.edu.br\/ccaf\/files\/2017\/06\/Eu.jpg\"><img loading=\"lazy\" decoding=\"async\" class=\"wp-image-825 alignleft\" src=\"https:\/\/wp.ufpel.edu.br\/ccaf\/files\/2017\/06\/Eu-400x400.jpg\" alt=\"\" width=\"133\" height=\"133\" srcset=\"https:\/\/wp.ufpel.edu.br\/ccaf\/files\/2017\/06\/Eu-400x400.jpg 400w, https:\/\/wp.ufpel.edu.br\/ccaf\/files\/2017\/06\/Eu-200x200.jpg 200w, https:\/\/wp.ufpel.edu.br\/ccaf\/files\/2017\/06\/Eu-600x600.jpg 600w, https:\/\/wp.ufpel.edu.br\/ccaf\/files\/2017\/06\/Eu.jpg 640w\" sizes=\"auto, (max-width: 133px) 100vw, 133px\" \/><\/a>Professora\u00a0assistente do Centro de Engenharias da Universidade Federal de Pelotas &#8211; UFPel e aluna do curso de\u00a0doutorado\u00a0no Programa de P\u00f3s-Gradua\u00e7\u00e3o em Ci\u00eancia e Engenharia de Materiais da Universidade Federal de Pelotas &#8211; UFPel. Possui gradua\u00e7\u00e3o em Matem\u00e1tica com \u00canfase em Inform\u00e1tica pela Universidade Paranaense &#8211; Unipar (2005). Possui Especializa\u00e7\u00e3o em Ensino de Matem\u00e1tica e F\u00edsica pela mesma Universidade. \u00c9 Mestre em Engenharia Agr\u00edcola pela Universidade Estadual do Oeste do Paran\u00e1 &#8211; Unioeste.<\/p>\n<p>&nbsp;<\/p>\n","protected":false},"excerpt":{"rendered":"<p>Professora\u00a0assistente do Centro de Engenharias da Universidade Federal de Pelotas &#8211; UFPel e aluna do curso de\u00a0doutorado\u00a0no Programa de P\u00f3s-Gradua\u00e7\u00e3o em Ci\u00eancia e Engenharia de Materiais da Universidade Federal de Pelotas &#8211; UFPel. Possui&#46;&#46;&#46;<\/p>\n","protected":false},"author":317,"featured_media":0,"parent":56,"menu_order":0,"comment_status":"closed","ping_status":"closed","template":"","meta":{"footnotes":""},"class_list":["post-823","page","type-page","status-publish","hentry"],"_links":{"self":[{"href":"https:\/\/wp.ufpel.edu.br\/ccaf\/wp-json\/wp\/v2\/pages\/823","targetHints":{"allow":["GET"]}}],"collection":[{"href":"https:\/\/wp.ufpel.edu.br\/ccaf\/wp-json\/wp\/v2\/pages"}],"about":[{"href":"https:\/\/wp.ufpel.edu.br\/ccaf\/wp-json\/wp\/v2\/types\/page"}],"author":[{"embeddable":true,"href":"https:\/\/wp.ufpel.edu.br\/ccaf\/wp-json\/wp\/v2\/users\/317"}],"replies":[{"embeddable":true,"href":"https:\/\/wp.ufpel.edu.br\/ccaf\/wp-json\/wp\/v2\/comments?post=823"}],"version-history":[{"count":1,"href":"https:\/\/wp.ufpel.edu.br\/ccaf\/wp-json\/wp\/v2\/pages\/823\/revisions"}],"predecessor-version":[{"id":826,"href":"https:\/\/wp.ufpel.edu.br\/ccaf\/wp-json\/wp\/v2\/pages\/823\/revisions\/826"}],"up":[{"embeddable":true,"href":"https:\/\/wp.ufpel.edu.br\/ccaf\/wp-json\/wp\/v2\/pages\/56"}],"wp:attachment":[{"href":"https:\/\/wp.ufpel.edu.br\/ccaf\/wp-json\/wp\/v2\/media?parent=823"}],"curies":[{"name":"wp","href":"https:\/\/api.w.org\/{rel}","templated":true}]}}