{"id":820,"date":"2017-06-30T17:44:12","date_gmt":"2017-06-30T20:44:12","guid":{"rendered":"https:\/\/wp.ufpel.edu.br\/ccaf\/?page_id=820"},"modified":"2017-07-11T23:05:50","modified_gmt":"2017-07-12T02:05:50","slug":"lucas-mello","status":"publish","type":"page","link":"https:\/\/wp.ufpel.edu.br\/ccaf\/equipe\/discentes\/alunos-de-i-c\/lucas-mello\/","title":{"rendered":"Lucas Roberto Di Salvo Mello"},"content":{"rendered":"<p style=\"text-align: justify\"><a href=\"https:\/\/wp.ufpel.edu.br\/ccaf\/files\/2017\/06\/Lucas.jpg\"><img loading=\"lazy\" decoding=\"async\" class=\"size-full wp-image-905 alignleft\" src=\"https:\/\/wp.ufpel.edu.br\/ccaf\/files\/2017\/06\/Lucas.jpg\" alt=\"\" width=\"206\" height=\"206\" srcset=\"https:\/\/wp.ufpel.edu.br\/ccaf\/files\/2017\/06\/Lucas.jpg 206w, https:\/\/wp.ufpel.edu.br\/ccaf\/files\/2017\/06\/Lucas-200x200.jpg 200w\" sizes=\"auto, (max-width: 206px) 100vw, 206px\" \/><\/a>Atualmente graduando em engenharia de materiais pela Universidade Federal de Pelotas (UFPEL), cursando o 4\u00ba semestre. Realiza pesquisas na \u00e1rea de Engenharia de Materiais e Metalurgia, com enfase em materiais polim\u00e9ricos e cer\u00e2micos e suas aplica\u00e7\u00f5es, atuando principalmente nos seguintes temas: nanocomp\u00f3sitos, nanocristais e celulose.<\/p>\n","protected":false},"excerpt":{"rendered":"<p>Atualmente graduando em engenharia de materiais pela Universidade Federal de Pelotas (UFPEL), cursando o 4\u00ba semestre. Realiza pesquisas na \u00e1rea de Engenharia de Materiais e Metalurgia, com enfase em materiais polim\u00e9ricos e cer\u00e2micos e&#46;&#46;&#46;<\/p>\n","protected":false},"author":317,"featured_media":0,"parent":60,"menu_order":0,"comment_status":"closed","ping_status":"closed","template":"","meta":{"footnotes":""},"class_list":["post-820","page","type-page","status-publish","hentry"],"_links":{"self":[{"href":"https:\/\/wp.ufpel.edu.br\/ccaf\/wp-json\/wp\/v2\/pages\/820","targetHints":{"allow":["GET"]}}],"collection":[{"href":"https:\/\/wp.ufpel.edu.br\/ccaf\/wp-json\/wp\/v2\/pages"}],"about":[{"href":"https:\/\/wp.ufpel.edu.br\/ccaf\/wp-json\/wp\/v2\/types\/page"}],"author":[{"embeddable":true,"href":"https:\/\/wp.ufpel.edu.br\/ccaf\/wp-json\/wp\/v2\/users\/317"}],"replies":[{"embeddable":true,"href":"https:\/\/wp.ufpel.edu.br\/ccaf\/wp-json\/wp\/v2\/comments?post=820"}],"version-history":[{"count":2,"href":"https:\/\/wp.ufpel.edu.br\/ccaf\/wp-json\/wp\/v2\/pages\/820\/revisions"}],"predecessor-version":[{"id":906,"href":"https:\/\/wp.ufpel.edu.br\/ccaf\/wp-json\/wp\/v2\/pages\/820\/revisions\/906"}],"up":[{"embeddable":true,"href":"https:\/\/wp.ufpel.edu.br\/ccaf\/wp-json\/wp\/v2\/pages\/60"}],"wp:attachment":[{"href":"https:\/\/wp.ufpel.edu.br\/ccaf\/wp-json\/wp\/v2\/media?parent=820"}],"curies":[{"name":"wp","href":"https:\/\/api.w.org\/{rel}","templated":true}]}}