{"id":802,"date":"2017-06-30T17:36:15","date_gmt":"2017-06-30T20:36:15","guid":{"rendered":"https:\/\/wp.ufpel.edu.br\/ccaf\/?page_id=802"},"modified":"2017-06-30T17:36:15","modified_gmt":"2017-06-30T20:36:15","slug":"fabio-calcagno-riemke","status":"publish","type":"page","link":"https:\/\/wp.ufpel.edu.br\/ccaf\/equipe\/discentes\/alunos-de-i-c\/fabio-calcagno-riemke\/","title":{"rendered":"Fabio Calcagno Riemke"},"content":{"rendered":"<p><a href=\"https:\/\/wp.ufpel.edu.br\/ccaf\/files\/2017\/06\/Fabio.jpg\"><img loading=\"lazy\" decoding=\"async\" class=\"size-full wp-image-804 alignleft\" src=\"https:\/\/wp.ufpel.edu.br\/ccaf\/files\/2017\/06\/Fabio.jpg\" alt=\"\" width=\"147\" height=\"152\" \/><\/a>Graduando em Engenharia de Materiais pela Universidade Federal de Pelotas. Integrante do grupo de pesquisas CCAF &#8211; https:\/\/wp.ufpel.edu.br\/ccaf\/ &#8211; . Desempenha atualmente atividades nos campos de Computa\u00e7\u00e3o qu\u00edmica com os m\u00e9todos: Din\u00e2mica molecular, Hartree Fock e DFT. Apresentou na Segunda semana integrada de ensino, pesquisa e extens\u00e3o da Universidade Federal de Pelotas (UFPEL) palestra sobre o tema Teoria Funcional da densidade.<\/p>\n","protected":false},"excerpt":{"rendered":"<p>Graduando em Engenharia de Materiais pela Universidade Federal de Pelotas. Integrante do grupo de pesquisas CCAF &#8211; https:\/\/wp.ufpel.edu.br\/ccaf\/ &#8211; . Desempenha atualmente atividades nos campos de Computa\u00e7\u00e3o qu\u00edmica com os m\u00e9todos: Din\u00e2mica molecular, Hartree&#46;&#46;&#46;<\/p>\n","protected":false},"author":317,"featured_media":0,"parent":60,"menu_order":0,"comment_status":"closed","ping_status":"closed","template":"","meta":{"footnotes":""},"class_list":["post-802","page","type-page","status-publish","hentry"],"_links":{"self":[{"href":"https:\/\/wp.ufpel.edu.br\/ccaf\/wp-json\/wp\/v2\/pages\/802","targetHints":{"allow":["GET"]}}],"collection":[{"href":"https:\/\/wp.ufpel.edu.br\/ccaf\/wp-json\/wp\/v2\/pages"}],"about":[{"href":"https:\/\/wp.ufpel.edu.br\/ccaf\/wp-json\/wp\/v2\/types\/page"}],"author":[{"embeddable":true,"href":"https:\/\/wp.ufpel.edu.br\/ccaf\/wp-json\/wp\/v2\/users\/317"}],"replies":[{"embeddable":true,"href":"https:\/\/wp.ufpel.edu.br\/ccaf\/wp-json\/wp\/v2\/comments?post=802"}],"version-history":[{"count":1,"href":"https:\/\/wp.ufpel.edu.br\/ccaf\/wp-json\/wp\/v2\/pages\/802\/revisions"}],"predecessor-version":[{"id":805,"href":"https:\/\/wp.ufpel.edu.br\/ccaf\/wp-json\/wp\/v2\/pages\/802\/revisions\/805"}],"up":[{"embeddable":true,"href":"https:\/\/wp.ufpel.edu.br\/ccaf\/wp-json\/wp\/v2\/pages\/60"}],"wp:attachment":[{"href":"https:\/\/wp.ufpel.edu.br\/ccaf\/wp-json\/wp\/v2\/media?parent=802"}],"curies":[{"name":"wp","href":"https:\/\/api.w.org\/{rel}","templated":true}]}}