{"id":794,"date":"2017-06-30T17:28:33","date_gmt":"2017-06-30T20:28:33","guid":{"rendered":"https:\/\/wp.ufpel.edu.br\/ccaf\/?page_id=794"},"modified":"2017-06-30T17:28:33","modified_gmt":"2017-06-30T20:28:33","slug":"flavio-airton-knuth","status":"publish","type":"page","link":"https:\/\/wp.ufpel.edu.br\/ccaf\/equipe\/discentes\/doutorandos\/flavio-airton-knuth\/","title":{"rendered":"Flavio Airton Knuth"},"content":{"rendered":"<p><a href=\"https:\/\/wp.ufpel.edu.br\/ccaf\/files\/2017\/06\/Flavio.jpg\"><img loading=\"lazy\" decoding=\"async\" class=\"size-full wp-image-796 alignleft\" src=\"https:\/\/wp.ufpel.edu.br\/ccaf\/files\/2017\/06\/Flavio.jpg\" alt=\"\" width=\"176\" height=\"271\" \/><\/a>Gradua\u00e7\u00e3o em Engenharia Civil pela Universidade Federal de Pelotas, (2014); Gradua\u00e7\u00e3o em Direito pela Universidade Cat\u00f3lica do Rio Grande do Sul (2000); Mestre em Engenharia dos Materiais pela Universidade Federal de Pelotas, (2016); Engenheiro de Seguran\u00e7a no Trabalho pela Universidade Cat\u00f3lica de Pelotas, (2016); Doutorando em Engenharia dos Materiais pela Universidade Federal de Pelotas, (in\u00edcio em 1\/2017); Atua\u00e7\u00e3o profissional nas atividades de Engenharia Civil (projetos, execu\u00e7\u00e3o, or\u00e7amentos); Administra\u00e7\u00e3o de Empresa Construtora; Atua\u00e7\u00e3o profissional nas atividades de Engenharia de Seguran\u00e7a do Trabalho (projetos, execu\u00e7\u00e3o, or\u00e7amentos); Atua\u00e7\u00e3o nas atividades de Advocacia (Direito Civil, do Trabalho, Tribut\u00e1rio, Administrativo, Privado e P\u00fablico).<\/p>\n","protected":false},"excerpt":{"rendered":"<p>Gradua\u00e7\u00e3o em Engenharia Civil pela Universidade Federal de Pelotas, (2014); Gradua\u00e7\u00e3o em Direito pela Universidade Cat\u00f3lica do Rio Grande do Sul (2000); Mestre em Engenharia dos Materiais pela Universidade Federal de Pelotas, (2016); Engenheiro&#46;&#46;&#46;<\/p>\n","protected":false},"author":317,"featured_media":0,"parent":56,"menu_order":0,"comment_status":"closed","ping_status":"closed","template":"","meta":{"footnotes":""},"class_list":["post-794","page","type-page","status-publish","hentry"],"_links":{"self":[{"href":"https:\/\/wp.ufpel.edu.br\/ccaf\/wp-json\/wp\/v2\/pages\/794","targetHints":{"allow":["GET"]}}],"collection":[{"href":"https:\/\/wp.ufpel.edu.br\/ccaf\/wp-json\/wp\/v2\/pages"}],"about":[{"href":"https:\/\/wp.ufpel.edu.br\/ccaf\/wp-json\/wp\/v2\/types\/page"}],"author":[{"embeddable":true,"href":"https:\/\/wp.ufpel.edu.br\/ccaf\/wp-json\/wp\/v2\/users\/317"}],"replies":[{"embeddable":true,"href":"https:\/\/wp.ufpel.edu.br\/ccaf\/wp-json\/wp\/v2\/comments?post=794"}],"version-history":[{"count":1,"href":"https:\/\/wp.ufpel.edu.br\/ccaf\/wp-json\/wp\/v2\/pages\/794\/revisions"}],"predecessor-version":[{"id":797,"href":"https:\/\/wp.ufpel.edu.br\/ccaf\/wp-json\/wp\/v2\/pages\/794\/revisions\/797"}],"up":[{"embeddable":true,"href":"https:\/\/wp.ufpel.edu.br\/ccaf\/wp-json\/wp\/v2\/pages\/56"}],"wp:attachment":[{"href":"https:\/\/wp.ufpel.edu.br\/ccaf\/wp-json\/wp\/v2\/media?parent=794"}],"curies":[{"name":"wp","href":"https:\/\/api.w.org\/{rel}","templated":true}]}}