{"id":781,"date":"2017-06-30T17:23:16","date_gmt":"2017-06-30T20:23:16","guid":{"rendered":"https:\/\/wp.ufpel.edu.br\/ccaf\/?page_id=781"},"modified":"2017-06-30T17:23:56","modified_gmt":"2017-06-30T20:23:56","slug":"781-2","status":"publish","type":"page","link":"https:\/\/wp.ufpel.edu.br\/ccaf\/equipe\/discentes\/mestrandos\/781-2\/","title":{"rendered":"Maicon Nolasco Pedrotti"},"content":{"rendered":"<p><a href=\"https:\/\/wp.ufpel.edu.br\/ccaf\/files\/2017\/06\/Maicon.jpg\"><img loading=\"lazy\" decoding=\"async\" class=\" wp-image-783 alignleft\" src=\"https:\/\/wp.ufpel.edu.br\/ccaf\/files\/2017\/06\/Maicon.jpg\" alt=\"\" width=\"129\" height=\"185\" \/><\/a>Possui Gradua\u00e7\u00e3o em Engenharia El\u00e9trica pela Pontif\u00edcia Universidade Cat\u00f3lica do Rio Grande do Sul, tendo o t\u00e9rmino do curso no ano de 2013. Atualmente \u00e9 aluno regular de Mestrado no Programa de P\u00f3s-Gradua\u00e7\u00e3o em Ci\u00eancia e Engenharia de Materiais da Universidade Federal de Pelotas &#8211; UFPEL.<\/p>\n","protected":false},"excerpt":{"rendered":"<p>Possui Gradua\u00e7\u00e3o em Engenharia El\u00e9trica pela Pontif\u00edcia Universidade Cat\u00f3lica do Rio Grande do Sul, tendo o t\u00e9rmino do curso no ano de 2013. Atualmente \u00e9 aluno regular de Mestrado no Programa de P\u00f3s-Gradua\u00e7\u00e3o em&#46;&#46;&#46;<\/p>\n","protected":false},"author":317,"featured_media":0,"parent":58,"menu_order":0,"comment_status":"closed","ping_status":"closed","template":"","meta":{"footnotes":""},"class_list":["post-781","page","type-page","status-publish","hentry"],"_links":{"self":[{"href":"https:\/\/wp.ufpel.edu.br\/ccaf\/wp-json\/wp\/v2\/pages\/781","targetHints":{"allow":["GET"]}}],"collection":[{"href":"https:\/\/wp.ufpel.edu.br\/ccaf\/wp-json\/wp\/v2\/pages"}],"about":[{"href":"https:\/\/wp.ufpel.edu.br\/ccaf\/wp-json\/wp\/v2\/types\/page"}],"author":[{"embeddable":true,"href":"https:\/\/wp.ufpel.edu.br\/ccaf\/wp-json\/wp\/v2\/users\/317"}],"replies":[{"embeddable":true,"href":"https:\/\/wp.ufpel.edu.br\/ccaf\/wp-json\/wp\/v2\/comments?post=781"}],"version-history":[{"count":2,"href":"https:\/\/wp.ufpel.edu.br\/ccaf\/wp-json\/wp\/v2\/pages\/781\/revisions"}],"predecessor-version":[{"id":787,"href":"https:\/\/wp.ufpel.edu.br\/ccaf\/wp-json\/wp\/v2\/pages\/781\/revisions\/787"}],"up":[{"embeddable":true,"href":"https:\/\/wp.ufpel.edu.br\/ccaf\/wp-json\/wp\/v2\/pages\/58"}],"wp:attachment":[{"href":"https:\/\/wp.ufpel.edu.br\/ccaf\/wp-json\/wp\/v2\/media?parent=781"}],"curies":[{"name":"wp","href":"https:\/\/api.w.org\/{rel}","templated":true}]}}