{"id":777,"date":"2017-06-30T17:21:10","date_gmt":"2017-06-30T20:21:10","guid":{"rendered":"https:\/\/wp.ufpel.edu.br\/ccaf\/?page_id=777"},"modified":"2017-07-11T22:51:42","modified_gmt":"2017-07-12T01:51:42","slug":"catia-liane-ucker","status":"publish","type":"page","link":"https:\/\/wp.ufpel.edu.br\/ccaf\/equipe\/discentes\/mestrandos\/catia-liane-ucker\/","title":{"rendered":"Catia Liane Ucker"},"content":{"rendered":"<p style=\"text-align: justify\"><a href=\"https:\/\/wp.ufpel.edu.br\/ccaf\/files\/2017\/06\/Catia.jpg\"><img loading=\"lazy\" decoding=\"async\" class=\" wp-image-779 alignleft\" src=\"https:\/\/wp.ufpel.edu.br\/ccaf\/files\/2017\/06\/Catia.jpg\" alt=\"\" width=\"137\" height=\"167\" \/><\/a>Possui gradua\u00e7\u00e3o em Engenharia Qu\u00edmica pela Universidade Federal de Rio Grande e t\u00e9cnico profissionalizante em Qu\u00edmica pelo Instituto Federal de Educa\u00e7\u00e3o, Ci\u00eancia e Tecnologia Sul-Rio-Grandense. Atualmente \u00e9 mestranda do Programa de P\u00f3s-Gradua\u00e7\u00e3o em Ci\u00eancia e Engenharia dos Materiais da Universidade Federal de Pelotas, onde sua pesquisa est\u00e1 voltada para materiais nanoestruturados, visando a obten\u00e7\u00e3o de pent\u00f3xido de ni\u00f3bio por s\u00edntese hidrot\u00e9rmica assistida por micro-ondas para a aplica\u00e7\u00e3o em c\u00e9lulas solares sensibilizadas por corante.<\/p>\n","protected":false},"excerpt":{"rendered":"<p>Possui gradua\u00e7\u00e3o em Engenharia Qu\u00edmica pela Universidade Federal de Rio Grande e t\u00e9cnico profissionalizante em Qu\u00edmica pelo Instituto Federal de Educa\u00e7\u00e3o, Ci\u00eancia e Tecnologia Sul-Rio-Grandense. Atualmente \u00e9 mestranda do Programa de P\u00f3s-Gradua\u00e7\u00e3o em Ci\u00eancia&#46;&#46;&#46;<\/p>\n","protected":false},"author":317,"featured_media":0,"parent":58,"menu_order":0,"comment_status":"closed","ping_status":"closed","template":"","meta":{"footnotes":""},"class_list":["post-777","page","type-page","status-publish","hentry"],"_links":{"self":[{"href":"https:\/\/wp.ufpel.edu.br\/ccaf\/wp-json\/wp\/v2\/pages\/777","targetHints":{"allow":["GET"]}}],"collection":[{"href":"https:\/\/wp.ufpel.edu.br\/ccaf\/wp-json\/wp\/v2\/pages"}],"about":[{"href":"https:\/\/wp.ufpel.edu.br\/ccaf\/wp-json\/wp\/v2\/types\/page"}],"author":[{"embeddable":true,"href":"https:\/\/wp.ufpel.edu.br\/ccaf\/wp-json\/wp\/v2\/users\/317"}],"replies":[{"embeddable":true,"href":"https:\/\/wp.ufpel.edu.br\/ccaf\/wp-json\/wp\/v2\/comments?post=777"}],"version-history":[{"count":3,"href":"https:\/\/wp.ufpel.edu.br\/ccaf\/wp-json\/wp\/v2\/pages\/777\/revisions"}],"predecessor-version":[{"id":889,"href":"https:\/\/wp.ufpel.edu.br\/ccaf\/wp-json\/wp\/v2\/pages\/777\/revisions\/889"}],"up":[{"embeddable":true,"href":"https:\/\/wp.ufpel.edu.br\/ccaf\/wp-json\/wp\/v2\/pages\/58"}],"wp:attachment":[{"href":"https:\/\/wp.ufpel.edu.br\/ccaf\/wp-json\/wp\/v2\/media?parent=777"}],"curies":[{"name":"wp","href":"https:\/\/api.w.org\/{rel}","templated":true}]}}