{"id":75,"date":"2015-04-01T12:53:52","date_gmt":"2015-04-01T15:53:52","guid":{"rendered":"https:\/\/wp.ufpel.edu.br\/ccaf\/?page_id=75"},"modified":"2017-06-30T17:16:55","modified_gmt":"2017-06-30T20:16:55","slug":"pagina-inicial","status":"publish","type":"page","link":"https:\/\/wp.ufpel.edu.br\/ccaf\/pagina-inicial\/","title":{"rendered":"CCAF"},"content":{"rendered":"<p style=\"text-align: justify\"><a href=\"https:\/\/wp.ufpel.edu.br\/ccaf\/files\/2017\/06\/Logo.jpg\"><img loading=\"lazy\" decoding=\"async\" class=\"size-medium wp-image-761 aligncenter\" src=\"https:\/\/wp.ufpel.edu.br\/ccaf\/files\/2017\/06\/Logo-400x113.jpg\" alt=\"\" width=\"400\" height=\"113\" srcset=\"https:\/\/wp.ufpel.edu.br\/ccaf\/files\/2017\/06\/Logo-400x113.jpg 400w, https:\/\/wp.ufpel.edu.br\/ccaf\/files\/2017\/06\/Logo-768x216.jpg 768w, https:\/\/wp.ufpel.edu.br\/ccaf\/files\/2017\/06\/Logo.jpg 960w\" sizes=\"auto, (max-width: 400px) 100vw, 400px\" \/><\/a><\/p>\n<p style=\"text-align: justify\">O grupo de <strong>C<\/strong>rescimento de <strong>C<\/strong>ristais <strong>A<\/strong>van\u00e7ados e <strong>F<\/strong>ot\u00f4nica est\u00e1 integrado aos Programas de P\u00f3s-Gradua\u00e7\u00e3o em F\u00edsica e P\u00f3s-Gradua\u00e7\u00e3o em Ci\u00eancias e Engenharia de Materiais, da Universidade Federal de Pelotas &#8211; UFPel. Atuando de modo interdisciplinar, o grupo desenvolve projetos de pesquisa b\u00e1sica e tecnol\u00f3gicas nas \u00e1reas de controle de crescimento de cristais e fot\u00f4nica.<\/p>\n<p style=\"text-align: justify\">\n","protected":false},"excerpt":{"rendered":"<p>O grupo de Crescimento de Cristais Avan\u00e7ados e Fot\u00f4nica est\u00e1 integrado aos Programas de P\u00f3s-Gradua\u00e7\u00e3o em F\u00edsica e P\u00f3s-Gradua\u00e7\u00e3o em Ci\u00eancias e Engenharia de Materiais, da Universidade Federal de Pelotas &#8211; UFPel. Atuando de&#46;&#46;&#46;<\/p>\n","protected":false},"author":505,"featured_media":0,"parent":0,"menu_order":0,"comment_status":"closed","ping_status":"closed","template":"","meta":{"footnotes":""},"class_list":["post-75","page","type-page","status-publish","hentry"],"_links":{"self":[{"href":"https:\/\/wp.ufpel.edu.br\/ccaf\/wp-json\/wp\/v2\/pages\/75","targetHints":{"allow":["GET"]}}],"collection":[{"href":"https:\/\/wp.ufpel.edu.br\/ccaf\/wp-json\/wp\/v2\/pages"}],"about":[{"href":"https:\/\/wp.ufpel.edu.br\/ccaf\/wp-json\/wp\/v2\/types\/page"}],"author":[{"embeddable":true,"href":"https:\/\/wp.ufpel.edu.br\/ccaf\/wp-json\/wp\/v2\/users\/505"}],"replies":[{"embeddable":true,"href":"https:\/\/wp.ufpel.edu.br\/ccaf\/wp-json\/wp\/v2\/comments?post=75"}],"version-history":[{"count":9,"href":"https:\/\/wp.ufpel.edu.br\/ccaf\/wp-json\/wp\/v2\/pages\/75\/revisions"}],"predecessor-version":[{"id":776,"href":"https:\/\/wp.ufpel.edu.br\/ccaf\/wp-json\/wp\/v2\/pages\/75\/revisions\/776"}],"wp:attachment":[{"href":"https:\/\/wp.ufpel.edu.br\/ccaf\/wp-json\/wp\/v2\/media?parent=75"}],"curies":[{"name":"wp","href":"https:\/\/api.w.org\/{rel}","templated":true}]}}