{"id":597,"date":"2017-06-23T11:27:15","date_gmt":"2017-06-23T14:27:15","guid":{"rendered":"https:\/\/wp.ufpel.edu.br\/ccaf\/?page_id=597"},"modified":"2017-06-30T15:37:25","modified_gmt":"2017-06-30T18:37:25","slug":"cristian-dias","status":"publish","type":"page","link":"https:\/\/wp.ufpel.edu.br\/ccaf\/equipe\/discentes\/doutorandos\/cristian-dias\/","title":{"rendered":"Cristian Dias Fernandes"},"content":{"rendered":"<p><a href=\"https:\/\/wp.ufpel.edu.br\/ccaf\/files\/2015\/05\/cristian.jpg\"><img loading=\"lazy\" decoding=\"async\" class=\"size-full wp-image-222 alignleft\" src=\"https:\/\/wp.ufpel.edu.br\/ccaf\/files\/2015\/05\/cristian.jpg\" alt=\"\" width=\"59\" height=\"80\" \/><\/a>Atualmente \u00e9 servidor ativo da Universidade Federal de Pelotas (UFPEL) atuando como t\u00e9cnico de laborat\u00f3rio \/ \u00c1rea: F\u00edsica e Doutorando no Programa de P\u00f3s-Gradua\u00e7\u00e3o em Engenharia e Ci\u00eancia de Materiais da Universidade Federal de Pelotas. Possui Licenciatura plena em F\u00edsica pela UFPEL e \u00e9 especialista em educa\u00e7\u00e3o pela UFPEL na \u00e1rea de concentra\u00e7\u00e3o: ensino de ci\u00eancias e matem\u00e1tica. Tem forma\u00e7\u00e3o t\u00e9cnica na \u00e1rea de eletr\u00f4nica pelo IF-SUL. Endere\u00e7o para acessar o CV:\u00a0<a href=\"http:\/\/buscatextual.cnpq.br\/buscatextual\/visualizacv.do?id=K4267912U2\" target=\"_blank\" rel=\"noopener noreferrer\">Curr\u00edculo Lattes<\/a><\/p>\n<p>&nbsp;<\/p>\n","protected":false},"excerpt":{"rendered":"<p>Atualmente \u00e9 servidor ativo da Universidade Federal de Pelotas (UFPEL) atuando como t\u00e9cnico de laborat\u00f3rio \/ \u00c1rea: F\u00edsica e Doutorando no Programa de P\u00f3s-Gradua\u00e7\u00e3o em Engenharia e Ci\u00eancia de Materiais da Universidade Federal de&#46;&#46;&#46;<\/p>\n","protected":false},"author":505,"featured_media":0,"parent":56,"menu_order":0,"comment_status":"closed","ping_status":"closed","template":"","meta":{"footnotes":""},"class_list":["post-597","page","type-page","status-publish","hentry"],"_links":{"self":[{"href":"https:\/\/wp.ufpel.edu.br\/ccaf\/wp-json\/wp\/v2\/pages\/597","targetHints":{"allow":["GET"]}}],"collection":[{"href":"https:\/\/wp.ufpel.edu.br\/ccaf\/wp-json\/wp\/v2\/pages"}],"about":[{"href":"https:\/\/wp.ufpel.edu.br\/ccaf\/wp-json\/wp\/v2\/types\/page"}],"author":[{"embeddable":true,"href":"https:\/\/wp.ufpel.edu.br\/ccaf\/wp-json\/wp\/v2\/users\/505"}],"replies":[{"embeddable":true,"href":"https:\/\/wp.ufpel.edu.br\/ccaf\/wp-json\/wp\/v2\/comments?post=597"}],"version-history":[{"count":3,"href":"https:\/\/wp.ufpel.edu.br\/ccaf\/wp-json\/wp\/v2\/pages\/597\/revisions"}],"predecessor-version":[{"id":603,"href":"https:\/\/wp.ufpel.edu.br\/ccaf\/wp-json\/wp\/v2\/pages\/597\/revisions\/603"}],"up":[{"embeddable":true,"href":"https:\/\/wp.ufpel.edu.br\/ccaf\/wp-json\/wp\/v2\/pages\/56"}],"wp:attachment":[{"href":"https:\/\/wp.ufpel.edu.br\/ccaf\/wp-json\/wp\/v2\/media?parent=597"}],"curies":[{"name":"wp","href":"https:\/\/api.w.org\/{rel}","templated":true}]}}