{"id":502,"date":"2016-03-23T11:35:18","date_gmt":"2016-03-23T14:35:18","guid":{"rendered":"https:\/\/wp.ufpel.edu.br\/ccaf\/?page_id=502"},"modified":"2017-06-23T11:57:30","modified_gmt":"2017-06-23T14:57:30","slug":"rafael-uarth-fassbender","status":"publish","type":"page","link":"https:\/\/wp.ufpel.edu.br\/ccaf\/equipe\/discentes\/doutorandos\/rafael-uarth-fassbender\/","title":{"rendered":"Rafael Uarth Fassbender"},"content":{"rendered":"<p style=\"text-align: justify\"><a href=\"https:\/\/wp.ufpel.edu.br\/ccaf\/files\/2016\/03\/rafael.jpeg\" rel=\"attachment wp-att-504\"><img loading=\"lazy\" decoding=\"async\" class=\"wp-image-504 alignleft\" src=\"https:\/\/wp.ufpel.edu.br\/ccaf\/files\/2016\/03\/rafael-152x318.jpeg\" alt=\"rafael\" width=\"97\" height=\"203\" srcset=\"https:\/\/wp.ufpel.edu.br\/ccaf\/files\/2016\/03\/rafael-152x318.jpeg 152w, https:\/\/wp.ufpel.edu.br\/ccaf\/files\/2016\/03\/rafael-76x159.jpeg 76w, https:\/\/wp.ufpel.edu.br\/ccaf\/files\/2016\/03\/rafael.jpeg 398w\" sizes=\"auto, (max-width: 97px) 100vw, 97px\" \/><\/a>Licenciado em F\u00edsica pela Universidade Federal de Pelotas (2012), Mestre em F\u00edsica pela Universidade Federal de Pelotas (2015), com \u00eanfase e interesses em estudos da mat\u00e9ria condensada, crescimento de cristais nano e meso estruturados, fot\u00f4nica, s\u00ednteses hidrot\u00e9rmicas assistidas por microondas. Atualmente professor de F\u00edsica e Rob\u00f3tica do Servi\u00e7o Social da Ind\u00fastria (SESI). Endere\u00e7o para acessar o CV: <a href=\"http:\/\/lattes.cnpq.br\/3441554606160117\" target=\"_blank\" rel=\"noopener noreferrer\">Curr\u00edculo Lattes<\/a><\/p>\n","protected":false},"excerpt":{"rendered":"<p>Licenciado em F\u00edsica pela Universidade Federal de Pelotas (2012), Mestre em F\u00edsica pela Universidade Federal de Pelotas (2015), com \u00eanfase e interesses em estudos da mat\u00e9ria condensada, crescimento de cristais nano e meso estruturados,&#46;&#46;&#46;<\/p>\n","protected":false},"author":505,"featured_media":0,"parent":56,"menu_order":0,"comment_status":"closed","ping_status":"closed","template":"","meta":{"footnotes":""},"class_list":["post-502","page","type-page","status-publish","hentry"],"_links":{"self":[{"href":"https:\/\/wp.ufpel.edu.br\/ccaf\/wp-json\/wp\/v2\/pages\/502","targetHints":{"allow":["GET"]}}],"collection":[{"href":"https:\/\/wp.ufpel.edu.br\/ccaf\/wp-json\/wp\/v2\/pages"}],"about":[{"href":"https:\/\/wp.ufpel.edu.br\/ccaf\/wp-json\/wp\/v2\/types\/page"}],"author":[{"embeddable":true,"href":"https:\/\/wp.ufpel.edu.br\/ccaf\/wp-json\/wp\/v2\/users\/505"}],"replies":[{"embeddable":true,"href":"https:\/\/wp.ufpel.edu.br\/ccaf\/wp-json\/wp\/v2\/comments?post=502"}],"version-history":[{"count":2,"href":"https:\/\/wp.ufpel.edu.br\/ccaf\/wp-json\/wp\/v2\/pages\/502\/revisions"}],"predecessor-version":[{"id":614,"href":"https:\/\/wp.ufpel.edu.br\/ccaf\/wp-json\/wp\/v2\/pages\/502\/revisions\/614"}],"up":[{"embeddable":true,"href":"https:\/\/wp.ufpel.edu.br\/ccaf\/wp-json\/wp\/v2\/pages\/56"}],"wp:attachment":[{"href":"https:\/\/wp.ufpel.edu.br\/ccaf\/wp-json\/wp\/v2\/media?parent=502"}],"curies":[{"name":"wp","href":"https:\/\/api.w.org\/{rel}","templated":true}]}}