{"id":473,"date":"2016-03-23T10:46:54","date_gmt":"2016-03-23T13:46:54","guid":{"rendered":"https:\/\/wp.ufpel.edu.br\/ccaf\/?page_id=473"},"modified":"2017-06-23T11:45:48","modified_gmt":"2017-06-23T14:45:48","slug":"quimica","status":"publish","type":"page","link":"https:\/\/wp.ufpel.edu.br\/ccaf\/equipe\/discentes\/doutorandos\/quimica\/","title":{"rendered":"Felipe Abreu da Silva"},"content":{"rendered":"<p style=\"text-align: justify\"><a href=\"https:\/\/wp.ufpel.edu.br\/ccaf\/files\/2016\/03\/felipe.jpeg\" rel=\"attachment wp-att-476\"><img loading=\"lazy\" decoding=\"async\" class=\"wp-image-476 alignleft\" src=\"https:\/\/wp.ufpel.edu.br\/ccaf\/files\/2016\/03\/felipe.jpeg\" alt=\"felipe\" width=\"148\" height=\"111\" srcset=\"https:\/\/wp.ufpel.edu.br\/ccaf\/files\/2016\/03\/felipe.jpeg 222w, https:\/\/wp.ufpel.edu.br\/ccaf\/files\/2016\/03\/felipe-212x159.jpeg 212w\" sizes=\"auto, (max-width: 148px) 100vw, 148px\" \/><\/a>Possui gradua\u00e7\u00e3o em Quimica Industrial pela Universidade Federal de Pelotas (2014), estagiou no Laborat\u00f3rio Leivas Leite S\/A Ind\u00fastria Qu\u00edmica e Biol\u00f3gica. Atualmente realiza doutorado em F\u00edsico-Qu\u00edmica pela Universidade Federal de Pelotas. Tem experi\u00eancia na \u00e1rea de Qu\u00edmica, com \u00eanfase em F\u00edsico-Qu\u00edmica de nano materiais ferromagn\u00e9ticos ou ferrimagn\u00e9ticos,atuando em t\u00f3picos tais como: s\u00edntese solvotermal assistida por micro-ondas; sol-gel; sistemas magn\u00e9ticos de separa\u00e7\u00e3o imunomagn\u00e9tica; entrega de f\u00e1mrcos; e na \u00e1rea de Bioqu\u00edmica, com \u00eanfase em estudos de c\u00e9lulas tumorais atuando principalmente nos seguintes temas: sobreviv\u00eancia, MCF-7, autof\u00e1gia, enzimas antioxidantes e geneste\u00edna. Endere\u00e7o para acessar o CV: <a href=\"http:\/\/lattes.cnpq.br\/3065490217442041\" target=\"_blank\" rel=\"noopener noreferrer\">Curr\u00edculo Lattes<\/a><\/p>\n","protected":false},"excerpt":{"rendered":"<p>Possui gradua\u00e7\u00e3o em Quimica Industrial pela Universidade Federal de Pelotas (2014), estagiou no Laborat\u00f3rio Leivas Leite S\/A Ind\u00fastria Qu\u00edmica e Biol\u00f3gica. Atualmente realiza doutorado em F\u00edsico-Qu\u00edmica pela Universidade Federal de Pelotas. Tem experi\u00eancia na&#46;&#46;&#46;<\/p>\n","protected":false},"author":505,"featured_media":0,"parent":56,"menu_order":0,"comment_status":"closed","ping_status":"closed","template":"","meta":{"footnotes":""},"class_list":["post-473","page","type-page","status-publish","hentry"],"_links":{"self":[{"href":"https:\/\/wp.ufpel.edu.br\/ccaf\/wp-json\/wp\/v2\/pages\/473","targetHints":{"allow":["GET"]}}],"collection":[{"href":"https:\/\/wp.ufpel.edu.br\/ccaf\/wp-json\/wp\/v2\/pages"}],"about":[{"href":"https:\/\/wp.ufpel.edu.br\/ccaf\/wp-json\/wp\/v2\/types\/page"}],"author":[{"embeddable":true,"href":"https:\/\/wp.ufpel.edu.br\/ccaf\/wp-json\/wp\/v2\/users\/505"}],"replies":[{"embeddable":true,"href":"https:\/\/wp.ufpel.edu.br\/ccaf\/wp-json\/wp\/v2\/comments?post=473"}],"version-history":[{"count":4,"href":"https:\/\/wp.ufpel.edu.br\/ccaf\/wp-json\/wp\/v2\/pages\/473\/revisions"}],"predecessor-version":[{"id":606,"href":"https:\/\/wp.ufpel.edu.br\/ccaf\/wp-json\/wp\/v2\/pages\/473\/revisions\/606"}],"up":[{"embeddable":true,"href":"https:\/\/wp.ufpel.edu.br\/ccaf\/wp-json\/wp\/v2\/pages\/56"}],"wp:attachment":[{"href":"https:\/\/wp.ufpel.edu.br\/ccaf\/wp-json\/wp\/v2\/media?parent=473"}],"curies":[{"name":"wp","href":"https:\/\/api.w.org\/{rel}","templated":true}]}}