{"id":466,"date":"2016-03-23T10:43:36","date_gmt":"2016-03-23T13:43:36","guid":{"rendered":"https:\/\/wp.ufpel.edu.br\/ccaf\/?page_id=466"},"modified":"2017-06-23T12:03:04","modified_gmt":"2017-06-23T15:03:04","slug":"caroline-schmechel-schiavon","status":"publish","type":"page","link":"https:\/\/wp.ufpel.edu.br\/ccaf\/equipe\/discentes\/mestrandos\/caroline-schmechel-schiavon\/","title":{"rendered":"Caroline Schmechel Schiavon"},"content":{"rendered":"<p><a href=\"https:\/\/wp.ufpel.edu.br\/ccaf\/files\/2016\/03\/carol.jpeg\" rel=\"attachment wp-att-468\"><img loading=\"lazy\" decoding=\"async\" class=\"wp-image-468 alignleft\" src=\"https:\/\/wp.ufpel.edu.br\/ccaf\/files\/2016\/03\/carol-170x318.jpeg\" alt=\"carol\" width=\"117\" height=\"219\" srcset=\"https:\/\/wp.ufpel.edu.br\/ccaf\/files\/2016\/03\/carol-170x318.jpeg 170w, https:\/\/wp.ufpel.edu.br\/ccaf\/files\/2016\/03\/carol-85x159.jpeg 85w, https:\/\/wp.ufpel.edu.br\/ccaf\/files\/2016\/03\/carol.jpeg 240w\" sizes=\"auto, (max-width: 117px) 100vw, 117px\" \/><\/a>Graduada em Licenciatura em F\u00edsica pela Universidade Federal de Pelotas (2016) e atualmente \u00e9 mestranda do Programa de P\u00f3s-gradua\u00e7\u00e3o em F\u00edsica da Universidade Federal de Pelotas. Tem experi\u00eancia na \u00e1rea de F\u00edsica, com \u00eanfase no Ensino de F\u00edsica e F\u00edsica Experimental voltada para superf\u00edcies super-hidrof\u00f3bicas. Endere\u00e7o para acessar o CV: <a href=\"http:\/\/lattes.cnpq.br\/8199701906870054\" target=\"_blank\" rel=\"noopener noreferrer\">Curr\u00edculo Lattes<\/a><\/p>\n","protected":false},"excerpt":{"rendered":"<p>Graduada em Licenciatura em F\u00edsica pela Universidade Federal de Pelotas (2016) e atualmente \u00e9 mestranda do Programa de P\u00f3s-gradua\u00e7\u00e3o em F\u00edsica da Universidade Federal de Pelotas. Tem experi\u00eancia na \u00e1rea de F\u00edsica, com \u00eanfase&#46;&#46;&#46;<\/p>\n","protected":false},"author":505,"featured_media":0,"parent":58,"menu_order":0,"comment_status":"closed","ping_status":"closed","template":"","meta":{"footnotes":""},"class_list":["post-466","page","type-page","status-publish","hentry"],"_links":{"self":[{"href":"https:\/\/wp.ufpel.edu.br\/ccaf\/wp-json\/wp\/v2\/pages\/466","targetHints":{"allow":["GET"]}}],"collection":[{"href":"https:\/\/wp.ufpel.edu.br\/ccaf\/wp-json\/wp\/v2\/pages"}],"about":[{"href":"https:\/\/wp.ufpel.edu.br\/ccaf\/wp-json\/wp\/v2\/types\/page"}],"author":[{"embeddable":true,"href":"https:\/\/wp.ufpel.edu.br\/ccaf\/wp-json\/wp\/v2\/users\/505"}],"replies":[{"embeddable":true,"href":"https:\/\/wp.ufpel.edu.br\/ccaf\/wp-json\/wp\/v2\/comments?post=466"}],"version-history":[{"count":5,"href":"https:\/\/wp.ufpel.edu.br\/ccaf\/wp-json\/wp\/v2\/pages\/466\/revisions"}],"predecessor-version":[{"id":619,"href":"https:\/\/wp.ufpel.edu.br\/ccaf\/wp-json\/wp\/v2\/pages\/466\/revisions\/619"}],"up":[{"embeddable":true,"href":"https:\/\/wp.ufpel.edu.br\/ccaf\/wp-json\/wp\/v2\/pages\/58"}],"wp:attachment":[{"href":"https:\/\/wp.ufpel.edu.br\/ccaf\/wp-json\/wp\/v2\/media?parent=466"}],"curies":[{"name":"wp","href":"https:\/\/api.w.org\/{rel}","templated":true}]}}