{"id":457,"date":"2016-03-23T10:38:35","date_gmt":"2016-03-23T13:38:35","guid":{"rendered":"https:\/\/wp.ufpel.edu.br\/ccaf\/?page_id=457"},"modified":"2017-06-30T14:56:13","modified_gmt":"2017-06-30T17:56:13","slug":"thayssa-herpet-cabral","status":"publish","type":"page","link":"https:\/\/wp.ufpel.edu.br\/ccaf\/equipe\/discentes\/alunos-de-i-c\/thayssa-herpet-cabral\/","title":{"rendered":"Thayssa Herpet Cabral"},"content":{"rendered":"<p style=\"text-align: justify\"><a href=\"https:\/\/wp.ufpel.edu.br\/ccaf\/files\/2016\/03\/thayssa.jpeg\" rel=\"attachment wp-att-459\"><img loading=\"lazy\" decoding=\"async\" class=\"wp-image-459 alignleft\" src=\"https:\/\/wp.ufpel.edu.br\/ccaf\/files\/2016\/03\/thayssa-156x318.jpeg\" alt=\"thayssa\" width=\"115\" height=\"234\" srcset=\"https:\/\/wp.ufpel.edu.br\/ccaf\/files\/2016\/03\/thayssa-156x318.jpeg 156w, https:\/\/wp.ufpel.edu.br\/ccaf\/files\/2016\/03\/thayssa-78x159.jpeg 78w, https:\/\/wp.ufpel.edu.br\/ccaf\/files\/2016\/03\/thayssa-768x1565.jpeg 768w, https:\/\/wp.ufpel.edu.br\/ccaf\/files\/2016\/03\/thayssa.jpeg 1206w\" sizes=\"auto, (max-width: 115px) 100vw, 115px\" \/><\/a>Graduanda em Engenharia de Materiais na Universidade Federal de Pelotas, pesquisadora no Grupo de Pesquisa CCAF- Crescimento de Cristais Avan\u00e7ados e Fot\u00f4nicos e bolsista de Inicia\u00e7\u00e3o Cient\u00edfica e Tecnol\u00f3gica do CNPq. Endere\u00e7o para acessar o CV: <a href=\"http:\/\/lattes.cnpq.br\/6618258495472702\" target=\"_blank\" rel=\"noopener noreferrer\">Curr\u00edculo Lattes<\/a><\/p>\n","protected":false},"excerpt":{"rendered":"<p>Graduanda em Engenharia de Materiais na Universidade Federal de Pelotas, pesquisadora no Grupo de Pesquisa CCAF- Crescimento de Cristais Avan\u00e7ados e Fot\u00f4nicos e bolsista de Inicia\u00e7\u00e3o Cient\u00edfica e Tecnol\u00f3gica do CNPq. Endere\u00e7o para acessar&#46;&#46;&#46;<\/p>\n","protected":false},"author":505,"featured_media":0,"parent":60,"menu_order":0,"comment_status":"closed","ping_status":"closed","template":"","meta":{"footnotes":""},"class_list":["post-457","page","type-page","status-publish","hentry"],"_links":{"self":[{"href":"https:\/\/wp.ufpel.edu.br\/ccaf\/wp-json\/wp\/v2\/pages\/457","targetHints":{"allow":["GET"]}}],"collection":[{"href":"https:\/\/wp.ufpel.edu.br\/ccaf\/wp-json\/wp\/v2\/pages"}],"about":[{"href":"https:\/\/wp.ufpel.edu.br\/ccaf\/wp-json\/wp\/v2\/types\/page"}],"author":[{"embeddable":true,"href":"https:\/\/wp.ufpel.edu.br\/ccaf\/wp-json\/wp\/v2\/users\/505"}],"replies":[{"embeddable":true,"href":"https:\/\/wp.ufpel.edu.br\/ccaf\/wp-json\/wp\/v2\/comments?post=457"}],"version-history":[{"count":3,"href":"https:\/\/wp.ufpel.edu.br\/ccaf\/wp-json\/wp\/v2\/pages\/457\/revisions"}],"predecessor-version":[{"id":700,"href":"https:\/\/wp.ufpel.edu.br\/ccaf\/wp-json\/wp\/v2\/pages\/457\/revisions\/700"}],"up":[{"embeddable":true,"href":"https:\/\/wp.ufpel.edu.br\/ccaf\/wp-json\/wp\/v2\/pages\/60"}],"wp:attachment":[{"href":"https:\/\/wp.ufpel.edu.br\/ccaf\/wp-json\/wp\/v2\/media?parent=457"}],"curies":[{"name":"wp","href":"https:\/\/api.w.org\/{rel}","templated":true}]}}