{"id":449,"date":"2016-03-23T10:31:50","date_gmt":"2016-03-23T13:31:50","guid":{"rendered":"https:\/\/wp.ufpel.edu.br\/ccaf\/?page_id=449"},"modified":"2017-06-23T12:05:35","modified_gmt":"2017-06-23T15:05:35","slug":"patricia-juarez-rodrigues","status":"publish","type":"page","link":"https:\/\/wp.ufpel.edu.br\/ccaf\/equipe\/discentes\/alunos-de-i-c\/patricia-juarez-rodrigues\/","title":{"rendered":"Patricia Ju\u00e1rez Rodrigues"},"content":{"rendered":"<p><a href=\"https:\/\/wp.ufpel.edu.br\/ccaf\/files\/2016\/03\/patricia.jpeg\" rel=\"attachment wp-att-451\"><img loading=\"lazy\" decoding=\"async\" class=\"size-full wp-image-451 alignleft\" src=\"https:\/\/wp.ufpel.edu.br\/ccaf\/files\/2016\/03\/patricia.jpeg\" alt=\"patricia\" width=\"109\" height=\"147\" \/><\/a>Possui ensino m\u00e9dio (segundo grau) pelo Liceo Dr Anibal Acosta Estap\u00e9(1996). Endere\u00e7o para acessar o CV: <a href=\"http:\/\/lattes.cnpq.br\/2803393715772533\" target=\"_blank\" rel=\"noopener noreferrer\">Curr\u00edculo Lattes<\/a><\/p>\n","protected":false},"excerpt":{"rendered":"<p>Possui ensino m\u00e9dio (segundo grau) pelo Liceo Dr Anibal Acosta Estap\u00e9(1996). Endere\u00e7o para acessar o CV: Curr\u00edculo Lattes<\/p>\n","protected":false},"author":505,"featured_media":0,"parent":60,"menu_order":0,"comment_status":"closed","ping_status":"closed","template":"","meta":{"footnotes":""},"class_list":["post-449","page","type-page","status-publish","hentry"],"_links":{"self":[{"href":"https:\/\/wp.ufpel.edu.br\/ccaf\/wp-json\/wp\/v2\/pages\/449","targetHints":{"allow":["GET"]}}],"collection":[{"href":"https:\/\/wp.ufpel.edu.br\/ccaf\/wp-json\/wp\/v2\/pages"}],"about":[{"href":"https:\/\/wp.ufpel.edu.br\/ccaf\/wp-json\/wp\/v2\/types\/page"}],"author":[{"embeddable":true,"href":"https:\/\/wp.ufpel.edu.br\/ccaf\/wp-json\/wp\/v2\/users\/505"}],"replies":[{"embeddable":true,"href":"https:\/\/wp.ufpel.edu.br\/ccaf\/wp-json\/wp\/v2\/comments?post=449"}],"version-history":[{"count":2,"href":"https:\/\/wp.ufpel.edu.br\/ccaf\/wp-json\/wp\/v2\/pages\/449\/revisions"}],"predecessor-version":[{"id":620,"href":"https:\/\/wp.ufpel.edu.br\/ccaf\/wp-json\/wp\/v2\/pages\/449\/revisions\/620"}],"up":[{"embeddable":true,"href":"https:\/\/wp.ufpel.edu.br\/ccaf\/wp-json\/wp\/v2\/pages\/60"}],"wp:attachment":[{"href":"https:\/\/wp.ufpel.edu.br\/ccaf\/wp-json\/wp\/v2\/media?parent=449"}],"curies":[{"name":"wp","href":"https:\/\/api.w.org\/{rel}","templated":true}]}}