{"id":405,"date":"2016-03-01T08:42:25","date_gmt":"2016-03-01T11:42:25","guid":{"rendered":"https:\/\/wp.ufpel.edu.br\/ccaf\/?page_id=405"},"modified":"2016-03-01T08:42:25","modified_gmt":"2016-03-01T11:42:25","slug":"gabriel-valim-cardoso","status":"publish","type":"page","link":"https:\/\/wp.ufpel.edu.br\/ccaf\/equipe\/discentes\/doutorandos\/gabriel-valim-cardoso\/","title":{"rendered":"Gabriel Valim Cardoso"},"content":{"rendered":"<p style=\"text-align: justify\"><a href=\"https:\/\/wp.ufpel.edu.br\/ccaf\/files\/2016\/03\/gabriel.jpeg\" rel=\"attachment wp-att-407\"><img loading=\"lazy\" decoding=\"async\" class=\"size-full wp-image-407 alignleft\" src=\"https:\/\/wp.ufpel.edu.br\/ccaf\/files\/2016\/03\/gabriel.jpeg\" alt=\"gabriel\" width=\"160\" height=\"160\" srcset=\"https:\/\/wp.ufpel.edu.br\/ccaf\/files\/2016\/03\/gabriel.jpeg 160w, https:\/\/wp.ufpel.edu.br\/ccaf\/files\/2016\/03\/gabriel-159x159.jpeg 159w\" sizes=\"auto, (max-width: 160px) 100vw, 160px\" \/><\/a>Possui Gradua\u00e7\u00e3o em Engenharia Florestal pela Universidade Federal de Santa Maria (2000) e Mestrado em Tecnologia de Produtos Florestais pela Universidade Federal de Santa Maria (2002). Atualmente \u00e9 Professor do Curso de Engenharia Industrial Madeireira da Universidade Federal de Pelotas e doutorando do Programa de P\u00f3s-Gradua\u00e7\u00e3o em Ci\u00eancia e Engenharia de Materiais da Universidade Federal de Pelotas. Tem experi\u00eancia na \u00e1rea de Tecnologia e Utiliza\u00e7\u00e3o de Produtos Florestais, com \u00eanfase em processos de produ\u00e7\u00e3o de celulose e papel, atuando principalmente nos seguintes temas: qu\u00edmica da madeira, cozimento da madeira e branqueamento de celulose. Endere\u00e7o para acessar o CV:\u00a0<a href=\"http:\/\/buscatextual.cnpq.br\/buscatextual\/visualizacv.do?id=K4760001U4\" target=\"_blank\">Curr\u00edculo Lattes<\/a><\/p>\n","protected":false},"excerpt":{"rendered":"<p>Possui Gradua\u00e7\u00e3o em Engenharia Florestal pela Universidade Federal de Santa Maria (2000) e Mestrado em Tecnologia de Produtos Florestais pela Universidade Federal de Santa Maria (2002). Atualmente \u00e9 Professor do Curso de Engenharia Industrial&#46;&#46;&#46;<\/p>\n","protected":false},"author":505,"featured_media":0,"parent":56,"menu_order":0,"comment_status":"closed","ping_status":"closed","template":"","meta":{"footnotes":""},"class_list":["post-405","page","type-page","status-publish","hentry"],"_links":{"self":[{"href":"https:\/\/wp.ufpel.edu.br\/ccaf\/wp-json\/wp\/v2\/pages\/405","targetHints":{"allow":["GET"]}}],"collection":[{"href":"https:\/\/wp.ufpel.edu.br\/ccaf\/wp-json\/wp\/v2\/pages"}],"about":[{"href":"https:\/\/wp.ufpel.edu.br\/ccaf\/wp-json\/wp\/v2\/types\/page"}],"author":[{"embeddable":true,"href":"https:\/\/wp.ufpel.edu.br\/ccaf\/wp-json\/wp\/v2\/users\/505"}],"replies":[{"embeddable":true,"href":"https:\/\/wp.ufpel.edu.br\/ccaf\/wp-json\/wp\/v2\/comments?post=405"}],"version-history":[{"count":1,"href":"https:\/\/wp.ufpel.edu.br\/ccaf\/wp-json\/wp\/v2\/pages\/405\/revisions"}],"predecessor-version":[{"id":408,"href":"https:\/\/wp.ufpel.edu.br\/ccaf\/wp-json\/wp\/v2\/pages\/405\/revisions\/408"}],"up":[{"embeddable":true,"href":"https:\/\/wp.ufpel.edu.br\/ccaf\/wp-json\/wp\/v2\/pages\/56"}],"wp:attachment":[{"href":"https:\/\/wp.ufpel.edu.br\/ccaf\/wp-json\/wp\/v2\/media?parent=405"}],"curies":[{"name":"wp","href":"https:\/\/api.w.org\/{rel}","templated":true}]}}