{"id":375,"date":"2016-02-15T14:04:37","date_gmt":"2016-02-15T16:04:37","guid":{"rendered":"https:\/\/wp.ufpel.edu.br\/ccaf\/?page_id=375"},"modified":"2020-12-05T12:59:42","modified_gmt":"2020-12-05T15:59:42","slug":"infraestrutura","status":"publish","type":"page","link":"https:\/\/wp.ufpel.edu.br\/ccaf\/infraestrutura\/","title":{"rendered":"Laborat\u00f3rios"},"content":{"rendered":"<p style=\"text-align: center\"><span style=\"color: #000080\"><strong>LABORAT\u00d3RIO DE PESQUISA &#8211; CCAF<\/strong> <\/span><\/p>\n<p style=\"text-align: center\"><strong>Departamento de F\u00edsica &#8211; IFM &#8211; Sala 422\/414\/411 &#8211; Campus Cap\u00e3o do Le\u00e3o<\/strong><\/p>\n<p style=\"text-align: center\"><strong>Engenharia de Materiais &#8211; Campus Anglo<\/strong><\/p>\n<hr \/>\n<p>&#x2666; Laborat\u00f3rio de S\u00edntese Prof. Dr. Elson Longo: (Campus Cap\u00e3o do Le\u00e3o)<\/p>\n<ul>\n<li>Capelas qu\u00edmicas de alto e baixo fluxo:<\/li>\n<li>Agitador Vortex:<\/li>\n<li>Centrifuga de 4.000 rpm:<\/li>\n<li>Centrifuga de at\u00e9 16.000 rpm:<\/li>\n<li>Ultrapurificador de \u00e1gua:<\/li>\n<li>Sistema hidrot\u00e9rmico assistido por micro-ondas:<\/li>\n<li>Forno Tubular (1200\u00b0C)<\/li>\n<li>Balan\u00e7as anal\u00edticas:<\/li>\n<li>Capela de fluxo laminar:<\/li>\n<li>Condutivimetro Digital:<\/li>\n<li>Estufas (400\u00b0C)<\/li>\n<li>Ultrassom (timer\/temp)<\/li>\n<li>Bomba de v\u00e1cuo (10<sup>-3<\/sup>)<\/li>\n<\/ul>\n<p>&#x2666; Laborat\u00f3rio de Analises T\u00e9rmicas:<\/p>\n<ul>\n<li>An\u00e1lise termo gravim\u00e9trica Netzsch:<\/li>\n<li>An\u00e1lise dilatom\u00e9trica Netzsch\u00a0 (Campus Anglo)<\/li>\n<\/ul>\n<p>&#x2666; Laborat\u00f3rio de Filmes finos e C\u00e9lulas Solares: (Campus Cap\u00e3o do Le\u00e3o)<\/p>\n<ul>\n<li>Dip Coating:<\/li>\n<li>Eletroforese:<\/li>\n<\/ul>\n<p>&#x2666; Laborat\u00f3rio de S\u00edntese e Processamento t\u00e9rmico: (Campus Anglo)<\/p>\n<ul>\n<li>Capelas qu\u00edmicas de alto fluxo:<\/li>\n<li>Balan\u00e7a anal\u00edtica:<\/li>\n<li>Ultrassom:<\/li>\n<li>Bomba de v\u00e1cuo (10<sup>-3<\/sup>):<\/li>\n<li>Forno tubular com flux\u00edmetro (1200\u00b0C):<\/li>\n<li>Forno micro-ondas (1600\u00b0C):<\/li>\n<li>Forno de eleva\u00e7\u00e3o (1600\u00b0C):<\/li>\n<\/ul>\n<p>&#x2666; Laborat\u00f3rio de \u00f3ptica Prof. Dr. Jos\u00e9 Arana Varela:<\/p>\n<ul>\n<li>Masa \u00f3ptica estabilizada (1.00 x 1.20m):<\/li>\n<li>Esfera de integra\u00e7\u00e3o (2 inch)<\/li>\n<li>Fonte de luz policrom\u00e1tica estabilizada:<\/li>\n<li>LEDs em 6 comprimentos de ondas e largura de banda de 2nm:<\/li>\n<li>Espectrofot\u00f4metro Stellarnet:<\/li>\n<li>Espectrofot\u00f4metro Ocean-optics HR-2000:<\/li>\n<li>Oscilosc\u00f3pio digital 60MHz:<\/li>\n<li>SMU &#8211; 4 canais Interfaceada:<\/li>\n<li>Microsc\u00f3pio \u00f3ptico Leica:<\/li>\n<li>Carry 100 (Campus Anglo)<\/li>\n<\/ul>\n<p>&nbsp;<\/p>\n<p><strong>Campus Cap\u00e3o do Le\u00e3o<\/strong><\/p>\n<p><a href=\"https:\/\/wp.ufpel.edu.br\/ccaf\/files\/2016\/02\/DSA_8606_fhdr.jpg\" rel=\"attachment wp-att-324\"><img loading=\"lazy\" decoding=\"async\" class=\"size-medium wp-image-332 alignleft\" src=\"https:\/\/wp.ufpel.edu.br\/ccaf\/files\/2016\/02\/DSA_8578_fhdr-211x318.jpg\" alt=\"DSA_8578_fhdr\" width=\"211\" height=\"318\" srcset=\"https:\/\/wp.ufpel.edu.br\/ccaf\/files\/2016\/02\/DSA_8578_fhdr-211x318.jpg 211w, https:\/\/wp.ufpel.edu.br\/ccaf\/files\/2016\/02\/DSA_8578_fhdr-105x159.jpg 105w, https:\/\/wp.ufpel.edu.br\/ccaf\/files\/2016\/02\/DSA_8578_fhdr-768x1160.jpg 768w\" sizes=\"auto, (max-width: 211px) 100vw, 211px\" \/><\/a><a href=\"https:\/\/wp.ufpel.edu.br\/ccaf\/files\/2016\/02\/DSA_8652_fhdr.jpg\" rel=\"attachment wp-att-311\"><img loading=\"lazy\" decoding=\"async\" class=\"alignleft wp-image-311 size-medium\" src=\"https:\/\/wp.ufpel.edu.br\/ccaf\/files\/2016\/02\/DSA_8652_fhdr-211x318.jpg\" alt=\"DSA_8652_fhdr\" width=\"211\" height=\"318\" srcset=\"https:\/\/wp.ufpel.edu.br\/ccaf\/files\/2016\/02\/DSA_8652_fhdr-211x318.jpg 211w, https:\/\/wp.ufpel.edu.br\/ccaf\/files\/2016\/02\/DSA_8652_fhdr-105x159.jpg 105w, https:\/\/wp.ufpel.edu.br\/ccaf\/files\/2016\/02\/DSA_8652_fhdr-768x1160.jpg 768w\" sizes=\"auto, (max-width: 211px) 100vw, 211px\" \/><\/a><a href=\"https:\/\/wp.ufpel.edu.br\/ccaf\/files\/2016\/02\/DSA_8606_fhdr.jpg\" rel=\"attachment wp-att-324\"><img loading=\"lazy\" decoding=\"async\" class=\"alignnone wp-image-324\" src=\"https:\/\/wp.ufpel.edu.br\/ccaf\/files\/2016\/02\/DSA_8606_fhdr-246x318.jpg\" alt=\"DSA_8606_fhdr\" width=\"245\" height=\"317\" srcset=\"https:\/\/wp.ufpel.edu.br\/ccaf\/files\/2016\/02\/DSA_8606_fhdr-246x318.jpg 246w, https:\/\/wp.ufpel.edu.br\/ccaf\/files\/2016\/02\/DSA_8606_fhdr-123x159.jpg 123w, https:\/\/wp.ufpel.edu.br\/ccaf\/files\/2016\/02\/DSA_8606_fhdr-768x994.jpg 768w\" sizes=\"auto, (max-width: 245px) 100vw, 245px\" \/><\/a><\/p>\n<p><a href=\"https:\/\/wp.ufpel.edu.br\/ccaf\/files\/2016\/02\/DSA_8638_fhdr.jpg\" rel=\"attachment wp-att-316\"><img loading=\"lazy\" decoding=\"async\" class=\"alignnone wp-image-316 size-thumbnail\" src=\"https:\/\/wp.ufpel.edu.br\/ccaf\/files\/2016\/02\/DSA_8638_fhdr-212x140.jpg\" alt=\"DSA_8638_fhdr\" width=\"212\" height=\"140\" srcset=\"https:\/\/wp.ufpel.edu.br\/ccaf\/files\/2016\/02\/DSA_8638_fhdr-212x140.jpg 212w, https:\/\/wp.ufpel.edu.br\/ccaf\/files\/2016\/02\/DSA_8638_fhdr-424x281.jpg 424w, https:\/\/wp.ufpel.edu.br\/ccaf\/files\/2016\/02\/DSA_8638_fhdr-768x509.jpg 768w\" sizes=\"auto, (max-width: 212px) 100vw, 212px\" \/><\/a><a href=\"https:\/\/wp.ufpel.edu.br\/ccaf\/files\/2016\/02\/DSA_8614_fhdr.jpg\" rel=\"attachment wp-att-323\"><img loading=\"lazy\" decoding=\"async\" class=\"alignnone wp-image-323 size-thumbnail\" src=\"https:\/\/wp.ufpel.edu.br\/ccaf\/files\/2016\/02\/DSA_8614_fhdr-212x140.jpg\" alt=\"DSA_8614_fhdr\" width=\"212\" height=\"140\" srcset=\"https:\/\/wp.ufpel.edu.br\/ccaf\/files\/2016\/02\/DSA_8614_fhdr-212x140.jpg 212w, https:\/\/wp.ufpel.edu.br\/ccaf\/files\/2016\/02\/DSA_8614_fhdr-424x281.jpg 424w, https:\/\/wp.ufpel.edu.br\/ccaf\/files\/2016\/02\/DSA_8614_fhdr-768x509.jpg 768w\" sizes=\"auto, (max-width: 212px) 100vw, 212px\" \/><\/a><a href=\"https:\/\/wp.ufpel.edu.br\/ccaf\/files\/2016\/02\/DSA_8628_fhdr.jpg\" rel=\"attachment wp-att-319\"><img loading=\"lazy\" decoding=\"async\" class=\"alignnone wp-image-319 size-thumbnail\" src=\"https:\/\/wp.ufpel.edu.br\/ccaf\/files\/2016\/02\/DSA_8628_fhdr-212x140.jpg\" alt=\"DSA_8628_fhdr\" width=\"212\" height=\"140\" srcset=\"https:\/\/wp.ufpel.edu.br\/ccaf\/files\/2016\/02\/DSA_8628_fhdr-212x140.jpg 212w, https:\/\/wp.ufpel.edu.br\/ccaf\/files\/2016\/02\/DSA_8628_fhdr-424x281.jpg 424w, https:\/\/wp.ufpel.edu.br\/ccaf\/files\/2016\/02\/DSA_8628_fhdr-768x509.jpg 768w\" sizes=\"auto, (max-width: 212px) 100vw, 212px\" \/><\/a><\/p>\n<p>&nbsp;<\/p>\n<p><a href=\"https:\/\/wp.ufpel.edu.br\/ccaf\/files\/2020\/12\/IMG-20190603-WA0003.jpg\"><img loading=\"lazy\" decoding=\"async\" class=\"alignnone wp-image-1194\" src=\"https:\/\/wp.ufpel.edu.br\/ccaf\/files\/2020\/12\/IMG-20190603-WA0003-400x225.jpg\" alt=\"\" width=\"418\" height=\"235\" srcset=\"https:\/\/wp.ufpel.edu.br\/ccaf\/files\/2020\/12\/IMG-20190603-WA0003-400x225.jpg 400w, https:\/\/wp.ufpel.edu.br\/ccaf\/files\/2020\/12\/IMG-20190603-WA0003-1024x576.jpg 1024w, https:\/\/wp.ufpel.edu.br\/ccaf\/files\/2020\/12\/IMG-20190603-WA0003-768x432.jpg 768w, https:\/\/wp.ufpel.edu.br\/ccaf\/files\/2020\/12\/IMG-20190603-WA0003.jpg 1280w\" sizes=\"auto, (max-width: 418px) 100vw, 418px\" \/><\/a> <a href=\"https:\/\/wp.ufpel.edu.br\/ccaf\/files\/2020\/12\/IMG-20190603-WA0001.jpg\"><img loading=\"lazy\" decoding=\"async\" class=\"alignnone wp-image-1195\" src=\"https:\/\/wp.ufpel.edu.br\/ccaf\/files\/2020\/12\/IMG-20190603-WA0001-400x225.jpg\" alt=\"\" width=\"412\" height=\"232\" srcset=\"https:\/\/wp.ufpel.edu.br\/ccaf\/files\/2020\/12\/IMG-20190603-WA0001-400x225.jpg 400w, https:\/\/wp.ufpel.edu.br\/ccaf\/files\/2020\/12\/IMG-20190603-WA0001-1024x576.jpg 1024w, https:\/\/wp.ufpel.edu.br\/ccaf\/files\/2020\/12\/IMG-20190603-WA0001-768x432.jpg 768w, https:\/\/wp.ufpel.edu.br\/ccaf\/files\/2020\/12\/IMG-20190603-WA0001.jpg 1280w\" sizes=\"auto, (max-width: 412px) 100vw, 412px\" \/><\/a><\/p>\n<p>&nbsp;<\/p>\n<p><strong>Campus Anglo<\/strong><\/p>\n<p><a href=\"https:\/\/wp.ufpel.edu.br\/ccaf\/files\/2020\/12\/IMG-20181023-WA0007.jpg\"><img loading=\"lazy\" decoding=\"async\" class=\"alignnone wp-image-1196\" src=\"https:\/\/wp.ufpel.edu.br\/ccaf\/files\/2020\/12\/IMG-20181023-WA0007-400x300.jpg\" alt=\"\" width=\"389\" height=\"292\" srcset=\"https:\/\/wp.ufpel.edu.br\/ccaf\/files\/2020\/12\/IMG-20181023-WA0007-400x300.jpg 400w, https:\/\/wp.ufpel.edu.br\/ccaf\/files\/2020\/12\/IMG-20181023-WA0007-1024x767.jpg 1024w, https:\/\/wp.ufpel.edu.br\/ccaf\/files\/2020\/12\/IMG-20181023-WA0007-768x575.jpg 768w, https:\/\/wp.ufpel.edu.br\/ccaf\/files\/2020\/12\/IMG-20181023-WA0007.jpg 1280w\" sizes=\"auto, (max-width: 389px) 100vw, 389px\" \/><\/a><\/p>\n<p>&nbsp;<\/p>\n<p><a href=\"https:\/\/wp.ufpel.edu.br\/ccaf\/files\/2020\/12\/IMG_20200914_150844-scaled.jpg\"><img loading=\"lazy\" decoding=\"async\" class=\"alignnone size-medium wp-image-1198\" src=\"https:\/\/wp.ufpel.edu.br\/ccaf\/files\/2020\/12\/IMG_20200914_150844-400x300.jpg\" alt=\"\" width=\"400\" height=\"300\" srcset=\"https:\/\/wp.ufpel.edu.br\/ccaf\/files\/2020\/12\/IMG_20200914_150844-400x300.jpg 400w, https:\/\/wp.ufpel.edu.br\/ccaf\/files\/2020\/12\/IMG_20200914_150844-1024x768.jpg 1024w, https:\/\/wp.ufpel.edu.br\/ccaf\/files\/2020\/12\/IMG_20200914_150844-768x576.jpg 768w, https:\/\/wp.ufpel.edu.br\/ccaf\/files\/2020\/12\/IMG_20200914_150844-1536x1152.jpg 1536w, https:\/\/wp.ufpel.edu.br\/ccaf\/files\/2020\/12\/IMG_20200914_150844-2048x1536.jpg 2048w\" sizes=\"auto, (max-width: 400px) 100vw, 400px\" \/><\/a> <a href=\"https:\/\/wp.ufpel.edu.br\/ccaf\/files\/2020\/12\/IMG_20200914_150855-scaled.jpg\"><img loading=\"lazy\" decoding=\"async\" class=\"alignnone size-medium wp-image-1199\" src=\"https:\/\/wp.ufpel.edu.br\/ccaf\/files\/2020\/12\/IMG_20200914_150855-400x300.jpg\" alt=\"\" width=\"400\" height=\"300\" srcset=\"https:\/\/wp.ufpel.edu.br\/ccaf\/files\/2020\/12\/IMG_20200914_150855-400x300.jpg 400w, https:\/\/wp.ufpel.edu.br\/ccaf\/files\/2020\/12\/IMG_20200914_150855-1024x768.jpg 1024w, https:\/\/wp.ufpel.edu.br\/ccaf\/files\/2020\/12\/IMG_20200914_150855-768x576.jpg 768w, https:\/\/wp.ufpel.edu.br\/ccaf\/files\/2020\/12\/IMG_20200914_150855-1536x1152.jpg 1536w, https:\/\/wp.ufpel.edu.br\/ccaf\/files\/2020\/12\/IMG_20200914_150855-2048x1536.jpg 2048w\" sizes=\"auto, (max-width: 400px) 100vw, 400px\" \/><\/a> <a href=\"https:\/\/wp.ufpel.edu.br\/ccaf\/files\/2020\/12\/IMG_20200914_150915-scaled.jpg\"><img loading=\"lazy\" decoding=\"async\" class=\"alignnone size-medium wp-image-1200\" src=\"https:\/\/wp.ufpel.edu.br\/ccaf\/files\/2020\/12\/IMG_20200914_150915-400x300.jpg\" alt=\"\" width=\"400\" height=\"300\" srcset=\"https:\/\/wp.ufpel.edu.br\/ccaf\/files\/2020\/12\/IMG_20200914_150915-400x300.jpg 400w, https:\/\/wp.ufpel.edu.br\/ccaf\/files\/2020\/12\/IMG_20200914_150915-1024x768.jpg 1024w, https:\/\/wp.ufpel.edu.br\/ccaf\/files\/2020\/12\/IMG_20200914_150915-768x576.jpg 768w, https:\/\/wp.ufpel.edu.br\/ccaf\/files\/2020\/12\/IMG_20200914_150915-1536x1152.jpg 1536w, https:\/\/wp.ufpel.edu.br\/ccaf\/files\/2020\/12\/IMG_20200914_150915-2048x1536.jpg 2048w\" sizes=\"auto, (max-width: 400px) 100vw, 400px\" \/><\/a> <a href=\"https:\/\/wp.ufpel.edu.br\/ccaf\/files\/2020\/12\/IMG_20200914_150936-scaled.jpg\"><img loading=\"lazy\" decoding=\"async\" class=\"alignnone size-medium wp-image-1201\" src=\"https:\/\/wp.ufpel.edu.br\/ccaf\/files\/2020\/12\/IMG_20200914_150936-400x300.jpg\" alt=\"\" width=\"400\" height=\"300\" srcset=\"https:\/\/wp.ufpel.edu.br\/ccaf\/files\/2020\/12\/IMG_20200914_150936-400x300.jpg 400w, https:\/\/wp.ufpel.edu.br\/ccaf\/files\/2020\/12\/IMG_20200914_150936-1024x768.jpg 1024w, https:\/\/wp.ufpel.edu.br\/ccaf\/files\/2020\/12\/IMG_20200914_150936-768x576.jpg 768w, https:\/\/wp.ufpel.edu.br\/ccaf\/files\/2020\/12\/IMG_20200914_150936-1536x1152.jpg 1536w, https:\/\/wp.ufpel.edu.br\/ccaf\/files\/2020\/12\/IMG_20200914_150936-2048x1536.jpg 2048w\" sizes=\"auto, (max-width: 400px) 100vw, 400px\" \/><\/a> <a href=\"https:\/\/wp.ufpel.edu.br\/ccaf\/files\/2020\/12\/IMG_20200914_150943-scaled.jpg\"><img loading=\"lazy\" decoding=\"async\" class=\"alignnone size-medium wp-image-1202\" src=\"https:\/\/wp.ufpel.edu.br\/ccaf\/files\/2020\/12\/IMG_20200914_150943-400x300.jpg\" alt=\"\" width=\"400\" height=\"300\" srcset=\"https:\/\/wp.ufpel.edu.br\/ccaf\/files\/2020\/12\/IMG_20200914_150943-400x300.jpg 400w, https:\/\/wp.ufpel.edu.br\/ccaf\/files\/2020\/12\/IMG_20200914_150943-1024x768.jpg 1024w, https:\/\/wp.ufpel.edu.br\/ccaf\/files\/2020\/12\/IMG_20200914_150943-768x576.jpg 768w, https:\/\/wp.ufpel.edu.br\/ccaf\/files\/2020\/12\/IMG_20200914_150943-1536x1152.jpg 1536w, https:\/\/wp.ufpel.edu.br\/ccaf\/files\/2020\/12\/IMG_20200914_150943-2048x1536.jpg 2048w\" sizes=\"auto, (max-width: 400px) 100vw, 400px\" \/><\/a> <a href=\"https:\/\/wp.ufpel.edu.br\/ccaf\/files\/2020\/12\/0522db90-b315-47d7-8e17-66ee62d79a0f-scaled.jpeg\"><img loading=\"lazy\" decoding=\"async\" class=\"alignnone size-medium wp-image-1203\" src=\"https:\/\/wp.ufpel.edu.br\/ccaf\/files\/2020\/12\/0522db90-b315-47d7-8e17-66ee62d79a0f-400x300.jpeg\" alt=\"\" width=\"400\" height=\"300\" srcset=\"https:\/\/wp.ufpel.edu.br\/ccaf\/files\/2020\/12\/0522db90-b315-47d7-8e17-66ee62d79a0f-400x300.jpeg 400w, https:\/\/wp.ufpel.edu.br\/ccaf\/files\/2020\/12\/0522db90-b315-47d7-8e17-66ee62d79a0f-1024x768.jpeg 1024w, https:\/\/wp.ufpel.edu.br\/ccaf\/files\/2020\/12\/0522db90-b315-47d7-8e17-66ee62d79a0f-768x576.jpeg 768w, https:\/\/wp.ufpel.edu.br\/ccaf\/files\/2020\/12\/0522db90-b315-47d7-8e17-66ee62d79a0f-1536x1152.jpeg 1536w, https:\/\/wp.ufpel.edu.br\/ccaf\/files\/2020\/12\/0522db90-b315-47d7-8e17-66ee62d79a0f-2048x1536.jpeg 2048w\" sizes=\"auto, (max-width: 400px) 100vw, 400px\" \/><\/a><\/p>\n<p>&nbsp;<\/p>\n<p>Cr\u00e9ditos: Karina Vargas<\/p>\n","protected":false},"excerpt":{"rendered":"<p>LABORAT\u00d3RIO DE PESQUISA &#8211; CCAF Departamento de F\u00edsica &#8211; IFM &#8211; Sala 422\/414\/411 &#8211; Campus Cap\u00e3o do Le\u00e3o Engenharia de Materiais &#8211; Campus Anglo &#x2666; Laborat\u00f3rio de S\u00edntese Prof. Dr. Elson Longo: (Campus Cap\u00e3o&#46;&#46;&#46;<\/p>\n","protected":false},"author":505,"featured_media":0,"parent":0,"menu_order":0,"comment_status":"closed","ping_status":"closed","template":"","meta":{"footnotes":""},"class_list":["post-375","page","type-page","status-publish","hentry"],"_links":{"self":[{"href":"https:\/\/wp.ufpel.edu.br\/ccaf\/wp-json\/wp\/v2\/pages\/375","targetHints":{"allow":["GET"]}}],"collection":[{"href":"https:\/\/wp.ufpel.edu.br\/ccaf\/wp-json\/wp\/v2\/pages"}],"about":[{"href":"https:\/\/wp.ufpel.edu.br\/ccaf\/wp-json\/wp\/v2\/types\/page"}],"author":[{"embeddable":true,"href":"https:\/\/wp.ufpel.edu.br\/ccaf\/wp-json\/wp\/v2\/users\/505"}],"replies":[{"embeddable":true,"href":"https:\/\/wp.ufpel.edu.br\/ccaf\/wp-json\/wp\/v2\/comments?post=375"}],"version-history":[{"count":20,"href":"https:\/\/wp.ufpel.edu.br\/ccaf\/wp-json\/wp\/v2\/pages\/375\/revisions"}],"predecessor-version":[{"id":1204,"href":"https:\/\/wp.ufpel.edu.br\/ccaf\/wp-json\/wp\/v2\/pages\/375\/revisions\/1204"}],"wp:attachment":[{"href":"https:\/\/wp.ufpel.edu.br\/ccaf\/wp-json\/wp\/v2\/media?parent=375"}],"curies":[{"name":"wp","href":"https:\/\/api.w.org\/{rel}","templated":true}]}}