{"id":358,"date":"2016-02-05T11:07:50","date_gmt":"2016-02-05T13:07:50","guid":{"rendered":"https:\/\/wp.ufpel.edu.br\/ccaf\/?page_id=358"},"modified":"2016-02-05T11:07:50","modified_gmt":"2016-02-05T13:07:50","slug":"marlon-da-silva-hartwig","status":"publish","type":"page","link":"https:\/\/wp.ufpel.edu.br\/ccaf\/equipe\/discentes\/mestrandos\/marlon-da-silva-hartwig\/","title":{"rendered":"Marlon da Silva Hartwig"},"content":{"rendered":"<p><a href=\"https:\/\/wp.ufpel.edu.br\/ccaf\/files\/2016\/02\/marlon-1.jpeg\" rel=\"attachment wp-att-361\"><img loading=\"lazy\" decoding=\"async\" class=\" wp-image-361 alignleft\" src=\"https:\/\/wp.ufpel.edu.br\/ccaf\/files\/2016\/02\/marlon-1-300x318.jpeg\" alt=\"marlon\" width=\"138\" height=\"146\" srcset=\"https:\/\/wp.ufpel.edu.br\/ccaf\/files\/2016\/02\/marlon-1-300x318.jpeg 300w, https:\/\/wp.ufpel.edu.br\/ccaf\/files\/2016\/02\/marlon-1-150x159.jpeg 150w, https:\/\/wp.ufpel.edu.br\/ccaf\/files\/2016\/02\/marlon-1-768x815.jpeg 768w, https:\/\/wp.ufpel.edu.br\/ccaf\/files\/2016\/02\/marlon-1.jpeg 1087w\" sizes=\"auto, (max-width: 138px) 100vw, 138px\" \/><\/a>Possui gradua\u00e7\u00e3o em Engenharia El\u00e9trica pela Universidade Cat\u00f3lica de Pelotas(2008), gradua\u00e7\u00e3o em Licenciatura em F\u00edsica pelo Instituto Federal Sul-Rio-Grandense(2014) e curso-tecnico-profissionalizante em T\u00e9cnico em Eletromec\u00e2nica pelo Instituto Federal Sul-Rio-Grandense(2005). Endere\u00e7o para acessar o CV:\u00a0<a href=\"http:\/\/buscatextual.cnpq.br\/buscatextual\/visualizacv.do?id=K4323658T9\">Curr\u00edculo Lattes<\/a><\/p>\n","protected":false},"excerpt":{"rendered":"<p>Possui gradua\u00e7\u00e3o em Engenharia El\u00e9trica pela Universidade Cat\u00f3lica de Pelotas(2008), gradua\u00e7\u00e3o em Licenciatura em F\u00edsica pelo Instituto Federal Sul-Rio-Grandense(2014) e curso-tecnico-profissionalizante em T\u00e9cnico em Eletromec\u00e2nica pelo Instituto Federal Sul-Rio-Grandense(2005). Endere\u00e7o para acessar o CV:\u00a0Curr\u00edculo&#46;&#46;&#46;<\/p>\n","protected":false},"author":505,"featured_media":0,"parent":58,"menu_order":0,"comment_status":"closed","ping_status":"closed","template":"","meta":{"footnotes":""},"class_list":["post-358","page","type-page","status-publish","hentry"],"_links":{"self":[{"href":"https:\/\/wp.ufpel.edu.br\/ccaf\/wp-json\/wp\/v2\/pages\/358","targetHints":{"allow":["GET"]}}],"collection":[{"href":"https:\/\/wp.ufpel.edu.br\/ccaf\/wp-json\/wp\/v2\/pages"}],"about":[{"href":"https:\/\/wp.ufpel.edu.br\/ccaf\/wp-json\/wp\/v2\/types\/page"}],"author":[{"embeddable":true,"href":"https:\/\/wp.ufpel.edu.br\/ccaf\/wp-json\/wp\/v2\/users\/505"}],"replies":[{"embeddable":true,"href":"https:\/\/wp.ufpel.edu.br\/ccaf\/wp-json\/wp\/v2\/comments?post=358"}],"version-history":[{"count":1,"href":"https:\/\/wp.ufpel.edu.br\/ccaf\/wp-json\/wp\/v2\/pages\/358\/revisions"}],"predecessor-version":[{"id":362,"href":"https:\/\/wp.ufpel.edu.br\/ccaf\/wp-json\/wp\/v2\/pages\/358\/revisions\/362"}],"up":[{"embeddable":true,"href":"https:\/\/wp.ufpel.edu.br\/ccaf\/wp-json\/wp\/v2\/pages\/58"}],"wp:attachment":[{"href":"https:\/\/wp.ufpel.edu.br\/ccaf\/wp-json\/wp\/v2\/media?parent=358"}],"curies":[{"name":"wp","href":"https:\/\/api.w.org\/{rel}","templated":true}]}}