{"id":274,"date":"2015-10-13T12:34:59","date_gmt":"2015-10-13T15:34:59","guid":{"rendered":"https:\/\/wp.ufpel.edu.br\/ccaf\/?page_id=274"},"modified":"2017-07-18T14:58:32","modified_gmt":"2017-07-18T17:58:32","slug":"materiais-multifuncionais","status":"publish","type":"page","link":"https:\/\/wp.ufpel.edu.br\/ccaf\/linha-de-pesquisa\/materiais-multifuncionais\/","title":{"rendered":"Materiais Multifuncionais"},"content":{"rendered":"<p>A cont\u00ednua e crescente demanda por dispositivos eletro-eletr\u00f4nicos, com alto desempenho e multifuncionais e o vertiginoso avan\u00e7o da nanotecnologia requerem o desenvolvimento de novos m\u00e9todos e t\u00e9cnicas para a produ\u00e7\u00e3o e caracteriza\u00e7\u00e3o de materiais nanoestruturados e de modelos fenomenol\u00f3gicos para descrever\/predizer algumas de suas propriedades. A demanda por multifuncionalidade requer, por sua vez, novos materiais, que possam integrar duas ou mais propriedades f\u00edsicas de alto interesse tecnol\u00f3gico. Dentro desse contexto materiais do tipo core &#8211; shell vem ganhando espa\u00e7o devido suas excelentes propriedades.<\/p>\n","protected":false},"excerpt":{"rendered":"<p>A cont\u00ednua e crescente demanda por dispositivos eletro-eletr\u00f4nicos, com alto desempenho e multifuncionais e o vertiginoso avan\u00e7o da nanotecnologia requerem o desenvolvimento de novos m\u00e9todos e t\u00e9cnicas para a produ\u00e7\u00e3o e caracteriza\u00e7\u00e3o de materiais&#46;&#46;&#46;<\/p>\n","protected":false},"author":505,"featured_media":0,"parent":73,"menu_order":0,"comment_status":"closed","ping_status":"closed","template":"","meta":{"footnotes":""},"class_list":["post-274","page","type-page","status-publish","hentry"],"_links":{"self":[{"href":"https:\/\/wp.ufpel.edu.br\/ccaf\/wp-json\/wp\/v2\/pages\/274","targetHints":{"allow":["GET"]}}],"collection":[{"href":"https:\/\/wp.ufpel.edu.br\/ccaf\/wp-json\/wp\/v2\/pages"}],"about":[{"href":"https:\/\/wp.ufpel.edu.br\/ccaf\/wp-json\/wp\/v2\/types\/page"}],"author":[{"embeddable":true,"href":"https:\/\/wp.ufpel.edu.br\/ccaf\/wp-json\/wp\/v2\/users\/505"}],"replies":[{"embeddable":true,"href":"https:\/\/wp.ufpel.edu.br\/ccaf\/wp-json\/wp\/v2\/comments?post=274"}],"version-history":[{"count":4,"href":"https:\/\/wp.ufpel.edu.br\/ccaf\/wp-json\/wp\/v2\/pages\/274\/revisions"}],"predecessor-version":[{"id":909,"href":"https:\/\/wp.ufpel.edu.br\/ccaf\/wp-json\/wp\/v2\/pages\/274\/revisions\/909"}],"up":[{"embeddable":true,"href":"https:\/\/wp.ufpel.edu.br\/ccaf\/wp-json\/wp\/v2\/pages\/73"}],"wp:attachment":[{"href":"https:\/\/wp.ufpel.edu.br\/ccaf\/wp-json\/wp\/v2\/media?parent=274"}],"curies":[{"name":"wp","href":"https:\/\/api.w.org\/{rel}","templated":true}]}}