{"id":226,"date":"2015-05-28T12:03:47","date_gmt":"2015-05-28T15:03:47","guid":{"rendered":"https:\/\/wp.ufpel.edu.br\/ccaf\/?page_id=226"},"modified":"2017-06-29T15:38:34","modified_gmt":"2017-06-29T18:38:34","slug":"efracio-mamani-flores","status":"publish","type":"page","link":"https:\/\/wp.ufpel.edu.br\/ccaf\/equipe\/discentes\/doutorandos\/efracio-mamani-flores\/","title":{"rendered":"Efracio Mamani Flores"},"content":{"rendered":"<p><a href=\"https:\/\/wp.ufpel.edu.br\/ccaf\/files\/2016\/03\/efracio.jpeg\"><img loading=\"lazy\" decoding=\"async\" class=\"wp-image-508 alignleft\" src=\"https:\/\/wp.ufpel.edu.br\/ccaf\/files\/2016\/03\/efracio-318x318.jpeg\" alt=\"\" width=\"179\" height=\"179\" srcset=\"https:\/\/wp.ufpel.edu.br\/ccaf\/files\/2016\/03\/efracio-318x318.jpeg 318w, https:\/\/wp.ufpel.edu.br\/ccaf\/files\/2016\/03\/efracio-159x159.jpeg 159w, https:\/\/wp.ufpel.edu.br\/ccaf\/files\/2016\/03\/efracio.jpeg 400w\" sizes=\"auto, (max-width: 179px) 100vw, 179px\" \/><\/a><\/p>\n<p>Doutorando em F\u00edsica da Universidade Federal de Pelotas &#8211; UFPEL, atuando no Grupo de CCAF &#8211; Crescimento de Cristais Avan\u00e7ados e Fot\u00f4nica. Graduado do curso de F\u00edsica na Universidad Nacional Jorge Basadre Grohmann (UNJBG). Participou do Programa de Movilidad Estudiantil CRISCOS, cursando um Semestre de F\u00edsica na Universidad Nacional de R\u00edo Cuarto (UNRC), em Argentina. Endere\u00e7o para acessar o CV:\u00a0<a href=\"http:\/\/buscatextual.cnpq.br\/buscatextual\/visualizacv.do?id=K4029777T8\" target=\"_blank\" rel=\"noopener noreferrer\">Curr\u00edculo Lattes<\/a><\/p>\n","protected":false},"excerpt":{"rendered":"<p>Doutorando em F\u00edsica da Universidade Federal de Pelotas &#8211; UFPEL, atuando no Grupo de CCAF &#8211; Crescimento de Cristais Avan\u00e7ados e Fot\u00f4nica. Graduado do curso de F\u00edsica na Universidad Nacional Jorge Basadre Grohmann (UNJBG).&#46;&#46;&#46;<\/p>\n","protected":false},"author":505,"featured_media":227,"parent":56,"menu_order":0,"comment_status":"closed","ping_status":"closed","template":"","meta":{"footnotes":""},"class_list":["post-226","page","type-page","status-publish","has-post-thumbnail","hentry"],"_links":{"self":[{"href":"https:\/\/wp.ufpel.edu.br\/ccaf\/wp-json\/wp\/v2\/pages\/226","targetHints":{"allow":["GET"]}}],"collection":[{"href":"https:\/\/wp.ufpel.edu.br\/ccaf\/wp-json\/wp\/v2\/pages"}],"about":[{"href":"https:\/\/wp.ufpel.edu.br\/ccaf\/wp-json\/wp\/v2\/types\/page"}],"author":[{"embeddable":true,"href":"https:\/\/wp.ufpel.edu.br\/ccaf\/wp-json\/wp\/v2\/users\/505"}],"replies":[{"embeddable":true,"href":"https:\/\/wp.ufpel.edu.br\/ccaf\/wp-json\/wp\/v2\/comments?post=226"}],"version-history":[{"count":2,"href":"https:\/\/wp.ufpel.edu.br\/ccaf\/wp-json\/wp\/v2\/pages\/226\/revisions"}],"predecessor-version":[{"id":605,"href":"https:\/\/wp.ufpel.edu.br\/ccaf\/wp-json\/wp\/v2\/pages\/226\/revisions\/605"}],"up":[{"embeddable":true,"href":"https:\/\/wp.ufpel.edu.br\/ccaf\/wp-json\/wp\/v2\/pages\/56"}],"wp:featuredmedia":[{"embeddable":true,"href":"https:\/\/wp.ufpel.edu.br\/ccaf\/wp-json\/wp\/v2\/media\/227"}],"wp:attachment":[{"href":"https:\/\/wp.ufpel.edu.br\/ccaf\/wp-json\/wp\/v2\/media?parent=226"}],"curies":[{"name":"wp","href":"https:\/\/api.w.org\/{rel}","templated":true}]}}