{"id":212,"date":"2015-05-28T09:59:56","date_gmt":"2015-05-28T12:59:56","guid":{"rendered":"https:\/\/wp.ufpel.edu.br\/ccaf\/?page_id=212"},"modified":"2017-06-23T11:50:59","modified_gmt":"2017-06-23T14:50:59","slug":"rogerio-almeida-gouvea","status":"publish","type":"page","link":"https:\/\/wp.ufpel.edu.br\/ccaf\/equipe\/discentes\/mestrandos\/rogerio-almeida-gouvea\/","title":{"rendered":"Rog\u00e9rio Almeida Gouv\u00eaa"},"content":{"rendered":"<p><a href=\"https:\/\/wp.ufpel.edu.br\/ccaf\/files\/2015\/05\/rog\u00e9rio.jpg\"><img loading=\"lazy\" decoding=\"async\" class=\"alignleft wp-image-213 size-thumbnail\" src=\"https:\/\/wp.ufpel.edu.br\/ccaf\/files\/2015\/05\/rog\u00e9rio-159x159.jpg\" alt=\"rog\u00e9rio\" width=\"159\" height=\"159\" srcset=\"https:\/\/wp.ufpel.edu.br\/ccaf\/files\/2015\/05\/rog\u00e9rio-159x159.jpg 159w, https:\/\/wp.ufpel.edu.br\/ccaf\/files\/2015\/05\/rog\u00e9rio-318x318.jpg 318w, https:\/\/wp.ufpel.edu.br\/ccaf\/files\/2015\/05\/rog\u00e9rio.jpg 960w\" sizes=\"auto, (max-width: 159px) 100vw, 159px\" \/><\/a> Engenheiro de Materiais da Universidade Federal de Pelotas, realizou gradua\u00e7\u00e3o sandu\u00edche na University of Toronto (Set-2012,Set-2013) pelo programa Ci\u00eancia sem Fronteiras. Atualmente tem atuado na \u00e1rea de simula\u00e7\u00e3o computacional pelo m\u00e9todo de DFT para explicar resultados experimentais de fotoluminesc\u00eancia e cat\u00e1lise partindo dos modelos te\u00f3ricos da f\u00edsica da mat\u00e9ria condensada. Apresenta tamb\u00e9m interesse nas \u00e1reas de materiais nanoestruturados, nanopart\u00edculas cer\u00e2micas, materiais de alto desempenho para isolamento t\u00e9rmico (fibras e espumas cer\u00e2micas), comp\u00f3sitos cer\u00e2micos e modelagem computacional de materiais comp\u00f3sitos. Possui conhecimento nos m\u00e9todos de s\u00edntese de nanopart\u00edculas (m\u00e9todos sol-gel, Pechini, coprecipita\u00e7\u00e3o, sol-gel prote\u00edco, combust\u00e3o e etc.), nos m\u00e9todos de s\u00edntese de fibras e espumas cer\u00e2micas (m\u00e9todo de r\u00e9plica, gelcasting e expans\u00e3o de resina), m\u00e9todo de exfolia\u00e7\u00e3o qu\u00edmica de \u00f3xido de grafeno. Atualmente faz mestrado em simula\u00e7\u00e3o topogr\u00e1fica para eletrodos de C\u00e9lulas Solares. Tem conhecimento avan\u00e7ado em programa\u00e7\u00e3o nas linguagens Java, C++ e tamb\u00e9m na plataforma Android. Endere\u00e7o para acessar \u00a0o CV:\u00a0<a href=\"http:\/\/buscatextual.cnpq.br\/buscatextual\/visualizacv.do?id=K4470038H2\" target=\"_blank\" rel=\"noopener noreferrer\">Curr\u00edculo Lattes<\/a><\/p>\n","protected":false},"excerpt":{"rendered":"<p>Engenheiro de Materiais da Universidade Federal de Pelotas, realizou gradua\u00e7\u00e3o sandu\u00edche na University of Toronto (Set-2012,Set-2013) pelo programa Ci\u00eancia sem Fronteiras. Atualmente tem atuado na \u00e1rea de simula\u00e7\u00e3o computacional pelo m\u00e9todo de DFT para&#46;&#46;&#46;<\/p>\n","protected":false},"author":505,"featured_media":0,"parent":58,"menu_order":0,"comment_status":"closed","ping_status":"closed","template":"","meta":{"footnotes":""},"class_list":["post-212","page","type-page","status-publish","hentry"],"_links":{"self":[{"href":"https:\/\/wp.ufpel.edu.br\/ccaf\/wp-json\/wp\/v2\/pages\/212","targetHints":{"allow":["GET"]}}],"collection":[{"href":"https:\/\/wp.ufpel.edu.br\/ccaf\/wp-json\/wp\/v2\/pages"}],"about":[{"href":"https:\/\/wp.ufpel.edu.br\/ccaf\/wp-json\/wp\/v2\/types\/page"}],"author":[{"embeddable":true,"href":"https:\/\/wp.ufpel.edu.br\/ccaf\/wp-json\/wp\/v2\/users\/505"}],"replies":[{"embeddable":true,"href":"https:\/\/wp.ufpel.edu.br\/ccaf\/wp-json\/wp\/v2\/comments?post=212"}],"version-history":[{"count":3,"href":"https:\/\/wp.ufpel.edu.br\/ccaf\/wp-json\/wp\/v2\/pages\/212\/revisions"}],"predecessor-version":[{"id":608,"href":"https:\/\/wp.ufpel.edu.br\/ccaf\/wp-json\/wp\/v2\/pages\/212\/revisions\/608"}],"up":[{"embeddable":true,"href":"https:\/\/wp.ufpel.edu.br\/ccaf\/wp-json\/wp\/v2\/pages\/58"}],"wp:attachment":[{"href":"https:\/\/wp.ufpel.edu.br\/ccaf\/wp-json\/wp\/v2\/media?parent=212"}],"curies":[{"name":"wp","href":"https:\/\/api.w.org\/{rel}","templated":true}]}}