{"id":208,"date":"2015-05-27T09:59:43","date_gmt":"2015-05-27T12:59:43","guid":{"rendered":"https:\/\/wp.ufpel.edu.br\/ccaf\/?page_id=208"},"modified":"2017-06-29T15:37:04","modified_gmt":"2017-06-29T18:37:04","slug":"luciano-timm-gularte","status":"publish","type":"page","link":"https:\/\/wp.ufpel.edu.br\/ccaf\/equipe\/discentes\/doutorandos\/luciano-timm-gularte\/","title":{"rendered":"Luciano Timm Gularte"},"content":{"rendered":"<p><img loading=\"lazy\" decoding=\"async\" class=\" wp-image-209 size-thumbnail alignleft\" src=\"https:\/\/wp.ufpel.edu.br\/ccaf\/files\/2015\/05\/luciano-149x159.jpg\" alt=\"luciano\" width=\"149\" height=\"159\" srcset=\"https:\/\/wp.ufpel.edu.br\/ccaf\/files\/2015\/05\/luciano-149x159.jpg 149w, https:\/\/wp.ufpel.edu.br\/ccaf\/files\/2015\/05\/luciano-298x318.jpg 298w, https:\/\/wp.ufpel.edu.br\/ccaf\/files\/2015\/05\/luciano.jpg 404w\" sizes=\"auto, (max-width: 149px) 100vw, 149px\" \/>Possui gradua\u00e7\u00e3o em Engenharia El\u00e9trica\/Eletr\u00f4nica pela Universidade Cat\u00f3lica de Pelotas (1996), gradua\u00e7\u00e3o em Educa\u00e7\u00e3o Profissional N\u00edvel T\u00e9cnico &#8211; Licenciatura pelo Centro Federal de Educa\u00e7\u00e3o Tecnol\u00f3gica de Pelotas (2007), especializa\u00e7\u00e3o em Engenharia de Seguran\u00e7a do Trabalho pela Universidade Federal de Pelotas (2002), especializa\u00e7\u00e3o em Microeletr\u00f4nica pelo Institiuto Tecnol\u00f3gico de Educa\u00e7\u00e3o, Ci\u00eancia e Tecnologia Sul-Rio-Grandense (2007), curso t\u00e9cnico profissionalizante em Telecomunica\u00e7\u00f5es pela Escola T\u00e9cnica Federal de Pelotas (1987). Atuou durante 11 anos como engenheiro pela empresa Brasil Telecom S\/A. Atua como professor desde 2008 no Instituto Federal de Educa\u00e7\u00e3o, Ci\u00eancia e Tecnologia Sul-Rio-Grandense e na elabora\u00e7\u00e3o de itens para o banco nacional de itens do INEP. Atualmente \u00e9 doutorando do Programa de P\u00f3s-Gradua\u00e7\u00e3o em Engenharia de Materiais da Universidade Federal de Pelotas. Endere\u00e7o para acessar o CV:\u00a0<a href=\"http:\/\/buscatextual.cnpq.br\/buscatextual\/visualizacv.do?id=K4298117T6\" target=\"_blank\" rel=\"noopener noreferrer\">Curr\u00edculo Lattes<\/a><\/p>\n","protected":false},"excerpt":{"rendered":"<p>Possui gradua\u00e7\u00e3o em Engenharia El\u00e9trica\/Eletr\u00f4nica pela Universidade Cat\u00f3lica de Pelotas (1996), gradua\u00e7\u00e3o em Educa\u00e7\u00e3o Profissional N\u00edvel T\u00e9cnico &#8211; Licenciatura pelo Centro Federal de Educa\u00e7\u00e3o Tecnol\u00f3gica de Pelotas (2007), especializa\u00e7\u00e3o em Engenharia de Seguran\u00e7a do&#46;&#46;&#46;<\/p>\n","protected":false},"author":505,"featured_media":0,"parent":56,"menu_order":0,"comment_status":"closed","ping_status":"closed","template":"","meta":{"footnotes":""},"class_list":["post-208","page","type-page","status-publish","hentry"],"_links":{"self":[{"href":"https:\/\/wp.ufpel.edu.br\/ccaf\/wp-json\/wp\/v2\/pages\/208","targetHints":{"allow":["GET"]}}],"collection":[{"href":"https:\/\/wp.ufpel.edu.br\/ccaf\/wp-json\/wp\/v2\/pages"}],"about":[{"href":"https:\/\/wp.ufpel.edu.br\/ccaf\/wp-json\/wp\/v2\/types\/page"}],"author":[{"embeddable":true,"href":"https:\/\/wp.ufpel.edu.br\/ccaf\/wp-json\/wp\/v2\/users\/505"}],"replies":[{"embeddable":true,"href":"https:\/\/wp.ufpel.edu.br\/ccaf\/wp-json\/wp\/v2\/comments?post=208"}],"version-history":[{"count":3,"href":"https:\/\/wp.ufpel.edu.br\/ccaf\/wp-json\/wp\/v2\/pages\/208\/revisions"}],"predecessor-version":[{"id":610,"href":"https:\/\/wp.ufpel.edu.br\/ccaf\/wp-json\/wp\/v2\/pages\/208\/revisions\/610"}],"up":[{"embeddable":true,"href":"https:\/\/wp.ufpel.edu.br\/ccaf\/wp-json\/wp\/v2\/pages\/56"}],"wp:attachment":[{"href":"https:\/\/wp.ufpel.edu.br\/ccaf\/wp-json\/wp\/v2\/media?parent=208"}],"curies":[{"name":"wp","href":"https:\/\/api.w.org\/{rel}","templated":true}]}}