{"id":204,"date":"2015-05-26T14:48:13","date_gmt":"2015-05-26T17:48:13","guid":{"rendered":"https:\/\/wp.ufpel.edu.br\/ccaf\/?page_id=204"},"modified":"2015-05-26T14:48:13","modified_gmt":"2015-05-26T17:48:13","slug":"carolina-elicker","status":"publish","type":"page","link":"https:\/\/wp.ufpel.edu.br\/ccaf\/equipe\/discentes\/doutorandos\/carolina-elicker\/","title":{"rendered":"Carolina Elicker"},"content":{"rendered":"<p><a href=\"https:\/\/wp.ufpel.edu.br\/ccaf\/files\/2015\/05\/carolina.jpg\"><img loading=\"lazy\" decoding=\"async\" class=\" wp-image-205 size-thumbnail alignleft\" src=\"https:\/\/wp.ufpel.edu.br\/ccaf\/files\/2015\/05\/carolina-159x159.jpg\" alt=\"carolina\" width=\"159\" height=\"159\" srcset=\"https:\/\/wp.ufpel.edu.br\/ccaf\/files\/2015\/05\/carolina-159x159.jpg 159w, https:\/\/wp.ufpel.edu.br\/ccaf\/files\/2015\/05\/carolina-318x318.jpg 318w, https:\/\/wp.ufpel.edu.br\/ccaf\/files\/2015\/05\/carolina.jpg 427w\" sizes=\"auto, (max-width: 159px) 100vw, 159px\" \/><\/a>\u00a0Possui gradua\u00e7\u00e3o em Tecnologia em Gest\u00e3o Ambiental pelo Instituto Federal Sul-rio-grandense &#8211; Campus Pelotas (2012), mestrado em Ci\u00eancia e Engenharia de Materiais pela Universidade Federal de Pelotas (2014) e atualmente \u00e9 doutoranda no mesmo Programa de P\u00f3s-Gradua\u00e7\u00e3o. Tem interesse nas \u00e1reas de energia renov\u00e1vel, remedia\u00e7\u00e3o de \u00e1reas contaminadas e aproveitamento de res\u00edduos. Endere\u00e7o para acessar o CV:\u00a0<a href=\"http:\/\/buscatextual.cnpq.br\/buscatextual\/visualizacv.do?id=K4458626A3\" target=\"_blank\">Curr\u00edculo Lattes<\/a><\/p>\n","protected":false},"excerpt":{"rendered":"<p>\u00a0Possui gradua\u00e7\u00e3o em Tecnologia em Gest\u00e3o Ambiental pelo Instituto Federal Sul-rio-grandense &#8211; Campus Pelotas (2012), mestrado em Ci\u00eancia e Engenharia de Materiais pela Universidade Federal de Pelotas (2014) e atualmente \u00e9 doutoranda no mesmo&#46;&#46;&#46;<\/p>\n","protected":false},"author":505,"featured_media":0,"parent":56,"menu_order":0,"comment_status":"closed","ping_status":"closed","template":"","meta":{"footnotes":""},"class_list":["post-204","page","type-page","status-publish","hentry"],"_links":{"self":[{"href":"https:\/\/wp.ufpel.edu.br\/ccaf\/wp-json\/wp\/v2\/pages\/204","targetHints":{"allow":["GET"]}}],"collection":[{"href":"https:\/\/wp.ufpel.edu.br\/ccaf\/wp-json\/wp\/v2\/pages"}],"about":[{"href":"https:\/\/wp.ufpel.edu.br\/ccaf\/wp-json\/wp\/v2\/types\/page"}],"author":[{"embeddable":true,"href":"https:\/\/wp.ufpel.edu.br\/ccaf\/wp-json\/wp\/v2\/users\/505"}],"replies":[{"embeddable":true,"href":"https:\/\/wp.ufpel.edu.br\/ccaf\/wp-json\/wp\/v2\/comments?post=204"}],"version-history":[{"count":1,"href":"https:\/\/wp.ufpel.edu.br\/ccaf\/wp-json\/wp\/v2\/pages\/204\/revisions"}],"predecessor-version":[{"id":206,"href":"https:\/\/wp.ufpel.edu.br\/ccaf\/wp-json\/wp\/v2\/pages\/204\/revisions\/206"}],"up":[{"embeddable":true,"href":"https:\/\/wp.ufpel.edu.br\/ccaf\/wp-json\/wp\/v2\/pages\/56"}],"wp:attachment":[{"href":"https:\/\/wp.ufpel.edu.br\/ccaf\/wp-json\/wp\/v2\/media?parent=204"}],"curies":[{"name":"wp","href":"https:\/\/api.w.org\/{rel}","templated":true}]}}