{"id":200,"date":"2015-05-26T14:44:16","date_gmt":"2015-05-26T17:44:16","guid":{"rendered":"https:\/\/wp.ufpel.edu.br\/ccaf\/?page_id=200"},"modified":"2015-05-26T14:44:16","modified_gmt":"2015-05-26T17:44:16","slug":"suelen-rodrigues-almeida","status":"publish","type":"page","link":"https:\/\/wp.ufpel.edu.br\/ccaf\/equipe\/discentes\/doutorandos\/suelen-rodrigues-almeida\/","title":{"rendered":"Suelen Rodrigues Almeida"},"content":{"rendered":"<p><a href=\"https:\/\/wp.ufpel.edu.br\/ccaf\/files\/2015\/05\/suelen.jpg\"><img loading=\"lazy\" decoding=\"async\" class=\" wp-image-201 size-thumbnail alignleft\" src=\"https:\/\/wp.ufpel.edu.br\/ccaf\/files\/2015\/05\/suelen-159x159.jpg\" alt=\"suelen\" width=\"159\" height=\"159\" srcset=\"https:\/\/wp.ufpel.edu.br\/ccaf\/files\/2015\/05\/suelen-159x159.jpg 159w, https:\/\/wp.ufpel.edu.br\/ccaf\/files\/2015\/05\/suelen.jpg 259w\" sizes=\"auto, (max-width: 159px) 100vw, 159px\" \/><\/a>Doutoranda em Engenharia de Materiais &#8211; UFPel, possui curso T\u00e9cnico em Qu\u00edmica (IFSul Pelotas\/RS &#8211; 2003), Gradua\u00e7\u00e3o em Bacharelado em Qu\u00edmica Ambiental (UCPel &#8211; 2007) e Mestrado em Ci\u00eancias dos Materiais (UFRGS &#8211; 2010). Tem experi\u00eancia na \u00e1rea de Qu\u00edmica Anal\u00edtica e Ambiental com trabalhos em Biodiesel e Biomassa (casca de arroz). Profissionalmente, atuou em empresas de Consultoria Ambiental e da \u00e1rea de Qu\u00edmica (fertilizantes, pl\u00e1sticos, tintas e biodiesel) obteve conhecimentos de seus processos laboratoriais e de gest\u00e3o da qualidade ISO 9001\/2008, (CIPA, PPRA, PPAT e PCMSO), realizou cursos de qualifica\u00e7\u00e3o de Transporte de Cargas Perigosas e Auditoria interna\/externa em Boas Pr\u00e1ticas de Fabrica\u00e7\u00e3o (RDC 59). Como professora de ensino T\u00e9cnico em Meio Ambiente, lecionou as cadeiras de Polui\u00e7\u00e3o Atmosf\u00e9rica e Sistemas de Tratamento de \u00c1gua e Res\u00edduos. Endere\u00e7o para acessar o CV:\u00a0<a href=\"http:\/\/buscatextual.cnpq.br\/buscatextual\/visualizacv.do?id=K4207193P5\" target=\"_blank\">Curr\u00edculo Lattes<\/a><\/p>\n","protected":false},"excerpt":{"rendered":"<p>Doutoranda em Engenharia de Materiais &#8211; UFPel, possui curso T\u00e9cnico em Qu\u00edmica (IFSul Pelotas\/RS &#8211; 2003), Gradua\u00e7\u00e3o em Bacharelado em Qu\u00edmica Ambiental (UCPel &#8211; 2007) e Mestrado em Ci\u00eancias dos Materiais (UFRGS &#8211; 2010).&#46;&#46;&#46;<\/p>\n","protected":false},"author":505,"featured_media":0,"parent":56,"menu_order":0,"comment_status":"closed","ping_status":"closed","template":"","meta":{"footnotes":""},"class_list":["post-200","page","type-page","status-publish","hentry"],"_links":{"self":[{"href":"https:\/\/wp.ufpel.edu.br\/ccaf\/wp-json\/wp\/v2\/pages\/200","targetHints":{"allow":["GET"]}}],"collection":[{"href":"https:\/\/wp.ufpel.edu.br\/ccaf\/wp-json\/wp\/v2\/pages"}],"about":[{"href":"https:\/\/wp.ufpel.edu.br\/ccaf\/wp-json\/wp\/v2\/types\/page"}],"author":[{"embeddable":true,"href":"https:\/\/wp.ufpel.edu.br\/ccaf\/wp-json\/wp\/v2\/users\/505"}],"replies":[{"embeddable":true,"href":"https:\/\/wp.ufpel.edu.br\/ccaf\/wp-json\/wp\/v2\/comments?post=200"}],"version-history":[{"count":1,"href":"https:\/\/wp.ufpel.edu.br\/ccaf\/wp-json\/wp\/v2\/pages\/200\/revisions"}],"predecessor-version":[{"id":202,"href":"https:\/\/wp.ufpel.edu.br\/ccaf\/wp-json\/wp\/v2\/pages\/200\/revisions\/202"}],"up":[{"embeddable":true,"href":"https:\/\/wp.ufpel.edu.br\/ccaf\/wp-json\/wp\/v2\/pages\/56"}],"wp:attachment":[{"href":"https:\/\/wp.ufpel.edu.br\/ccaf\/wp-json\/wp\/v2\/media?parent=200"}],"curies":[{"name":"wp","href":"https:\/\/api.w.org\/{rel}","templated":true}]}}