{"id":155,"date":"2015-05-22T17:19:56","date_gmt":"2015-05-22T20:19:56","guid":{"rendered":"https:\/\/wp.ufpel.edu.br\/ccaf\/?page_id=155"},"modified":"2017-06-30T16:48:53","modified_gmt":"2017-06-30T19:48:53","slug":"crescimento-de-cristais","status":"publish","type":"page","link":"https:\/\/wp.ufpel.edu.br\/ccaf\/linha-de-pesquisa\/crescimento-de-cristais\/","title":{"rendered":"Crescimento de Cristais"},"content":{"rendered":"<p style=\"text-align: justify\"><span style=\"font-size: 12pt\">Utilizam-se diferentes m\u00e9todos de s\u00edntese de materiais cer\u00e2micos, com o objetivo de obter nanopart\u00edculas cer\u00e2micas com diferentes aplica\u00e7\u00f5es. Os m\u00e9todos de s\u00edntese utilizados s\u00e3o:<\/span><\/p>\n<p style=\"text-align: justify\"><span style=\"font-size: 12pt\">&#8211; S\u00edntese qu\u00edmica dos Precursores Polim\u00e9ricos: processo conhecido como M\u00e9todo Pechini, tem como princ\u00edpio a utiliza\u00e7\u00e3o de c\u00e1tions met\u00e1licos provenientes de sais precursores. Estes c\u00e1tions s\u00e3o dissolvidos em \u00c1cido C\u00edtrico, formando um quelato met\u00e1lico, que \u00e9 posteriormente polimerizado com a adi\u00e7\u00e3o de Etileno Glicol. O m\u00e9todo tem como vantagem a homogeneidade. Este m\u00e9todo tem sido utilizado em nosso grupo na s\u00edntese de aluminas de baixa condutividade t\u00e9rmica e aluminatos de c\u00e1lcio para aplica\u00e7\u00f5es como componentes de c\u00e9lulas a combust\u00edvel e cimento odontol\u00f3gico.<\/span><\/p>\n<p style=\"text-align: justify\"><span style=\"font-size: 12pt\">&#8211; S\u00edntese por combust\u00e3o: neste processo, sais met\u00e1licos, notadamente nitratos s\u00e3o misturados com um combust\u00edvel como ur\u00e9ia, que com o aquecimento ocorre uma pequena explos\u00e3o, com libera\u00e7\u00e3o dos vol\u00e1teis, resultando na obten\u00e7\u00e3o de \u00f3xidos cer\u00e2micos. O m\u00e9todo tem como vantagem a rapidez. Este m\u00e9todo tem\u00a0tem sido utilizado em nosso grupo na s\u00edntese aluminatos de c\u00e1lcio e perovskitas para aplica\u00e7\u00f5es como componentes de c\u00e9lulas a combust\u00edvel, TiO2, ZnO e perovskitas para c\u00e9lulas solares, al\u00e9m de hidroxiapatita para aplica\u00e7\u00f5es em odontologia.<\/span><\/p>\n<p style=\"text-align: justify\"><span style=\"font-size: 12pt\">&#8211; Sol-gel: neste processo, um alc\u00f3xido met\u00e1lico forma uma solu\u00e7\u00e3o coloidal com um solvente como \u00e1gua ou \u00e1lcool formando um sol. Com a retirada do solvente forma-se um gel. Em seguida o gel \u00e9 aplicado em um substrato para forma\u00e7\u00e3o de filmes finos, ou tratado termicamente para a obten\u00e7\u00e3o de p\u00f3s. Este m\u00e9todo tem como vantagem a homogeneidade e simplicidade. Este m\u00e9todo tem sido utilizado para a obten\u00e7\u00e3o de filmes finos para prote\u00e7\u00e3o de superf\u00edcies met\u00e1licas e tratamento de superf\u00edcies hidrof\u00f3bicas\/hidrof\u00edlicas.<\/span><\/p>\n<p style=\"text-align: justify\"><span style=\"font-size: 12pt\">&#8211; Hidrotermal micro-ondas: neste processo, um sal met\u00e1lico \u00e9 dissolvido em solu\u00e7\u00e3o e submetido a um aquecimento via micro-ondas sob a\u00e7\u00e3o de press\u00e3o. Este m\u00e9todo tem como vantagem o controle morfol\u00f3gico das part\u00edculas obtidas. Tem sido utilizado na prepara\u00e7\u00e3o de part\u00edculas com propriedades \u00f3ticas e magn\u00e9ticas especiais, para aplica\u00e7\u00f5es diversas como componentes de c\u00e9lulas solares e em biotecnologia.<\/span><\/p>\n","protected":false},"excerpt":{"rendered":"<p>Utilizam-se diferentes m\u00e9todos de s\u00edntese de materiais cer\u00e2micos, com o objetivo de obter nanopart\u00edculas cer\u00e2micas com diferentes aplica\u00e7\u00f5es. Os m\u00e9todos de s\u00edntese utilizados s\u00e3o: &#8211; S\u00edntese qu\u00edmica dos Precursores Polim\u00e9ricos: processo conhecido como M\u00e9todo&#46;&#46;&#46;<\/p>\n","protected":false},"author":505,"featured_media":0,"parent":73,"menu_order":0,"comment_status":"closed","ping_status":"closed","template":"","meta":{"footnotes":""},"class_list":["post-155","page","type-page","status-publish","hentry"],"_links":{"self":[{"href":"https:\/\/wp.ufpel.edu.br\/ccaf\/wp-json\/wp\/v2\/pages\/155","targetHints":{"allow":["GET"]}}],"collection":[{"href":"https:\/\/wp.ufpel.edu.br\/ccaf\/wp-json\/wp\/v2\/pages"}],"about":[{"href":"https:\/\/wp.ufpel.edu.br\/ccaf\/wp-json\/wp\/v2\/types\/page"}],"author":[{"embeddable":true,"href":"https:\/\/wp.ufpel.edu.br\/ccaf\/wp-json\/wp\/v2\/users\/505"}],"replies":[{"embeddable":true,"href":"https:\/\/wp.ufpel.edu.br\/ccaf\/wp-json\/wp\/v2\/comments?post=155"}],"version-history":[{"count":8,"href":"https:\/\/wp.ufpel.edu.br\/ccaf\/wp-json\/wp\/v2\/pages\/155\/revisions"}],"predecessor-version":[{"id":772,"href":"https:\/\/wp.ufpel.edu.br\/ccaf\/wp-json\/wp\/v2\/pages\/155\/revisions\/772"}],"up":[{"embeddable":true,"href":"https:\/\/wp.ufpel.edu.br\/ccaf\/wp-json\/wp\/v2\/pages\/73"}],"wp:attachment":[{"href":"https:\/\/wp.ufpel.edu.br\/ccaf\/wp-json\/wp\/v2\/media?parent=155"}],"curies":[{"name":"wp","href":"https:\/\/api.w.org\/{rel}","templated":true}]}}