{"id":145,"date":"2015-05-22T11:01:22","date_gmt":"2015-05-22T14:01:22","guid":{"rendered":"https:\/\/wp.ufpel.edu.br\/ccaf\/?page_id=145"},"modified":"2017-06-30T14:41:12","modified_gmt":"2017-06-30T17:41:12","slug":"sergio-da-silva-cava","status":"publish","type":"page","link":"https:\/\/wp.ufpel.edu.br\/ccaf\/equipe\/docentes\/sergio-da-silva-cava\/","title":{"rendered":"S\u00e9rgio da Silva Cava"},"content":{"rendered":"<p><a href=\"https:\/\/wp.ufpel.edu.br\/ccaf\/files\/2015\/05\/cava.jpg\"><img loading=\"lazy\" decoding=\"async\" class=\"alignleft wp-image-146 size-thumbnail\" src=\"https:\/\/wp.ufpel.edu.br\/ccaf\/files\/2015\/05\/cava-159x159.jpg\" alt=\"cava\" width=\"159\" height=\"159\" srcset=\"https:\/\/wp.ufpel.edu.br\/ccaf\/files\/2015\/05\/cava-159x159.jpg 159w, https:\/\/wp.ufpel.edu.br\/ccaf\/files\/2015\/05\/cava-318x318.jpg 318w, https:\/\/wp.ufpel.edu.br\/ccaf\/files\/2015\/05\/cava.jpg 880w\" sizes=\"auto, (max-width: 159px) 100vw, 159px\" \/><\/a><\/p>\n<p>Possui gradua\u00e7\u00e3o em Engenharia de Materiais pela Universidade Estadual de Ponta Grossa (1995), mestrado em Ci\u00eancias e Engenharia de Materiais pela Universidade de S\u00e3o Paulo (2000) e doutorado em Qu\u00edmica pela Universidade Federal de S\u00e3o Carlos (2003). Atualmente \u00e9 Professor Adjunto e coordenador do Programa de P\u00f3s-Gradua\u00e7\u00e3o em Ci\u00eancia e Engenharia de Materiais da Universidade Federal de Pelotas. Tem experi\u00eancia na \u00e1rea de Engenharia de Materiais e Metal\u00fargica, com \u00eanfase em Cer\u00e2micos, atuando principalmente nos seguintes temas: processamento cer\u00e2mico, materiais cer\u00e2micos, s\u00edntese qu\u00edmica, revestimentos cer\u00e2micos e pigmentos inorg\u00e2nicos. Endere\u00e7o para acessar o CV:\u00a0<a href=\"http:\/\/buscatextual.cnpq.br\/buscatextual\/visualizacv.do?id=K4701765Y2\" target=\"_blank\" rel=\"noopener\">Curr\u00edculo Lattes<\/a><\/p>\n","protected":false},"excerpt":{"rendered":"<p>Possui gradua\u00e7\u00e3o em Engenharia de Materiais pela Universidade Estadual de Ponta Grossa (1995), mestrado em Ci\u00eancias e Engenharia de Materiais pela Universidade de S\u00e3o Paulo (2000) e doutorado em Qu\u00edmica pela Universidade Federal de&#46;&#46;&#46;<\/p>\n","protected":false},"author":505,"featured_media":0,"parent":687,"menu_order":0,"comment_status":"closed","ping_status":"closed","template":"","meta":{"footnotes":""},"class_list":["post-145","page","type-page","status-publish","hentry"],"_links":{"self":[{"href":"https:\/\/wp.ufpel.edu.br\/ccaf\/wp-json\/wp\/v2\/pages\/145","targetHints":{"allow":["GET"]}}],"collection":[{"href":"https:\/\/wp.ufpel.edu.br\/ccaf\/wp-json\/wp\/v2\/pages"}],"about":[{"href":"https:\/\/wp.ufpel.edu.br\/ccaf\/wp-json\/wp\/v2\/types\/page"}],"author":[{"embeddable":true,"href":"https:\/\/wp.ufpel.edu.br\/ccaf\/wp-json\/wp\/v2\/users\/505"}],"replies":[{"embeddable":true,"href":"https:\/\/wp.ufpel.edu.br\/ccaf\/wp-json\/wp\/v2\/comments?post=145"}],"version-history":[{"count":2,"href":"https:\/\/wp.ufpel.edu.br\/ccaf\/wp-json\/wp\/v2\/pages\/145\/revisions"}],"predecessor-version":[{"id":692,"href":"https:\/\/wp.ufpel.edu.br\/ccaf\/wp-json\/wp\/v2\/pages\/145\/revisions\/692"}],"up":[{"embeddable":true,"href":"https:\/\/wp.ufpel.edu.br\/ccaf\/wp-json\/wp\/v2\/pages\/687"}],"wp:attachment":[{"href":"https:\/\/wp.ufpel.edu.br\/ccaf\/wp-json\/wp\/v2\/media?parent=145"}],"curies":[{"name":"wp","href":"https:\/\/api.w.org\/{rel}","templated":true}]}}