{"id":141,"date":"2015-05-22T10:57:44","date_gmt":"2015-05-22T13:57:44","guid":{"rendered":"https:\/\/wp.ufpel.edu.br\/ccaf\/?page_id=141"},"modified":"2017-06-30T14:39:36","modified_gmt":"2017-06-30T17:39:36","slug":"mario-lucio-moreira","status":"publish","type":"page","link":"https:\/\/wp.ufpel.edu.br\/ccaf\/equipe\/docentes\/mario-lucio-moreira\/","title":{"rendered":"M\u00e1rio L\u00facio Moreira"},"content":{"rendered":"<p><a href=\"https:\/\/wp.ufpel.edu.br\/ccaf\/files\/2015\/05\/m\u00e1rio.jpg\"><img loading=\"lazy\" decoding=\"async\" class=\"alignleft wp-image-142 size-thumbnail\" src=\"https:\/\/wp.ufpel.edu.br\/ccaf\/files\/2015\/05\/m\u00e1rio-212x159.jpg\" alt=\"m\u00e1rio\" width=\"212\" height=\"159\" srcset=\"https:\/\/wp.ufpel.edu.br\/ccaf\/files\/2015\/05\/m\u00e1rio-212x159.jpg 212w, https:\/\/wp.ufpel.edu.br\/ccaf\/files\/2015\/05\/m\u00e1rio-424x318.jpg 424w, https:\/\/wp.ufpel.edu.br\/ccaf\/files\/2015\/05\/m\u00e1rio.jpg 720w\" sizes=\"auto, (max-width: 212px) 100vw, 212px\" \/><\/a>\u00c9 Professor do Instituto de F\u00edsica e Matem\u00e1tica (IFM) da Universidade Federal de Pelotas\/RS. Membro permanente e coordenador adjunto do programa de p\u00f3s-gradua\u00e7\u00e3o em F\u00edsica da Universidade Federal de Pelotas. Bolsista Produtividade em Pesquisa do CNPq Nivel 2. Tem doutorado em Ci\u00eancias (fis\u00edco-qu\u00edmica) pela Universidade Federal de S\u00e3o Carlos, mestre em Engenharia e Ci\u00eancia de Materiais pela Universidade Estadual de Ponta Grossa (2005) e Bacharel em F\u00edsica pela Universidade Estadual de Ponta Grossa (2002). Tem experi\u00eancia na \u00e1rea de Ci\u00eancia de Materiais, com \u00eanfase em propriedades f\u00edsicas dos materiais, atuando principalmente nos seguintes temas: Supercondutividade, Varistores, Fotoluminesc\u00eancia e Radioluminesc\u00eancia, Cristaliza\u00e7\u00e3o e crescimento de materiais cer\u00e2micos, Simula\u00e7\u00e3o computacional aplicada a nanomateriais, Filmes finos e S\u00ednteses hidrot\u00e9rmicas assistidas por micro-ondas. Endere\u00e7o para acessar o CV:\u00a0<a href=\"http:\/\/buscatextual.cnpq.br\/buscatextual\/visualizacv.do?id=K4702023Z6\" target=\"_blank\" rel=\"noopener\">Curr\u00edculo Lattes<\/a><\/p>\n","protected":false},"excerpt":{"rendered":"<p>\u00c9 Professor do Instituto de F\u00edsica e Matem\u00e1tica (IFM) da Universidade Federal de Pelotas\/RS. Membro permanente e coordenador adjunto do programa de p\u00f3s-gradua\u00e7\u00e3o em F\u00edsica da Universidade Federal de Pelotas. Bolsista Produtividade em Pesquisa&#46;&#46;&#46;<\/p>\n","protected":false},"author":505,"featured_media":0,"parent":687,"menu_order":0,"comment_status":"closed","ping_status":"closed","template":"","meta":{"_crdt_document":"","footnotes":""},"class_list":["post-141","page","type-page","status-publish","hentry"],"_links":{"self":[{"href":"https:\/\/wp.ufpel.edu.br\/ccaf\/wp-json\/wp\/v2\/pages\/141","targetHints":{"allow":["GET"]}}],"collection":[{"href":"https:\/\/wp.ufpel.edu.br\/ccaf\/wp-json\/wp\/v2\/pages"}],"about":[{"href":"https:\/\/wp.ufpel.edu.br\/ccaf\/wp-json\/wp\/v2\/types\/page"}],"author":[{"embeddable":true,"href":"https:\/\/wp.ufpel.edu.br\/ccaf\/wp-json\/wp\/v2\/users\/505"}],"replies":[{"embeddable":true,"href":"https:\/\/wp.ufpel.edu.br\/ccaf\/wp-json\/wp\/v2\/comments?post=141"}],"version-history":[{"count":2,"href":"https:\/\/wp.ufpel.edu.br\/ccaf\/wp-json\/wp\/v2\/pages\/141\/revisions"}],"predecessor-version":[{"id":691,"href":"https:\/\/wp.ufpel.edu.br\/ccaf\/wp-json\/wp\/v2\/pages\/141\/revisions\/691"}],"up":[{"embeddable":true,"href":"https:\/\/wp.ufpel.edu.br\/ccaf\/wp-json\/wp\/v2\/pages\/687"}],"wp:attachment":[{"href":"https:\/\/wp.ufpel.edu.br\/ccaf\/wp-json\/wp\/v2\/media?parent=141"}],"curies":[{"name":"wp","href":"https:\/\/api.w.org\/{rel}","templated":true}]}}